{"id":15456,"date":"2026-02-18T11:21:57","date_gmt":"2026-02-18T09:21:57","guid":{"rendered":"https:\/\/rtt.ee\/toode\/uncategorized\/tooner-must-analoog-hp-149x-w1490x-2\/"},"modified":"2026-02-18T11:21:57","modified_gmt":"2026-02-18T09:21:57","slug":"tooner-must-analoog-hp-149x-w1490x-2","status":"publish","type":"product","link":"https:\/\/rtt.ee\/en\/toode\/kulumaterjalid-en\/analoog-toonerid-en\/tooner-must-analoog-hp-149x-w1490x-2\/","title":{"rendered":"Tooner must analoog HP 149X (W1490X)"},"content":{"rendered":"<p>HP LaserJet Pro 4001d, 4001dn, 4001dw, 4001n, 4002d, 4002dn, 4002dw, 4002n, 4003dn, 4003dw, 4003n, 4004d, 4004dn, 4004dw<br \/>\nHP LaserJet Pro MFP 4101dw, 4101fdn, 4101fdw, 4101fdwp, 4102dw, 4102fdn, 4102fdw, 4103dw, 4103fdn, 4103fdw, 4104dw, 4104fdn, 4104fdw<\/p>\n<p>Tr\u00fckimaht kuni 9500 lehte<\/p>\n<p>NB! Toode ei t\u00f6\u00f6ta j\u00e4rgmistes teenuse HP+ jaoks m\u00f5eldud seadmetes (e-l\u00f5puga mudelid)<\/p>\n<p>HP LaserJet Pro 4001dn\/e, 4001dw\/e, 4001n\/e, 4002dn\/e, 4002dw\/e, 4002n\/e,<br \/>\nHP LaserJet Pro 4101dw\/e, 4101fdn\/e, 4101fdw\/e, 4102dw\/e, 4102fdn\/e, 4102fdw\/e,<\/p>\n","protected":false},"excerpt":{"rendered":"<p>HP LaserJet Pro 4001d, 4001dn, 4001dw, 4001n, 4002d, 4002dn, 4002dw, 4002n, 4003dn, 4003dw, 4003n, 4004d, 4004dn, 4004dw HP LaserJet Pro MFP 4101dw, 4101fdn, 4101fdw, 4101fdwp, 4102dw, 4102fdn, 4102fdw, 4103dw, 4103fdn, 4103fdw, 4104dw, 4104fdn, 4104fdw Tr\u00fckimaht kuni 9500 lehte NB! Toode ei t\u00f6\u00f6ta j\u00e4rgmistes teenuse HP+ jaoks m\u00f5eldud seadmetes (e-l\u00f5puga mudelid) HP LaserJet Pro 4001dn\/e, 4001dw\/e, [&hellip;]<\/p>\n","protected":false},"featured_media":13332,"template":"","meta":{"_acf_changed":false},"product_brand":[407],"product_cat":[156],"product_tag":[],"class_list":{"0":"post-15456","1":"product","2":"type-product","3":"status-publish","4":"has-post-thumbnail","6":"product_brand-oxe","7":"product_cat-analoog-toonerid-en","8":"product_brands-oxe-en","10":"first","11":"onbackorder","12":"taxable","13":"shipping-taxable","14":"purchasable","15":"product-type-simple"},"acf":[],"yoast_head":"<!-- This site is optimized with the Yoast SEO plugin v26.2 - https:\/\/yoast.com\/wordpress\/plugins\/seo\/ -->\n<title>Tooner must analoog HP 149X (W1490X) - RTT<\/title>\n<meta name=\"robots\" content=\"index, follow, max-snippet:-1, max-image-preview:large, max-video-preview:-1\" \/>\n<link rel=\"canonical\" href=\"https:\/\/rtt.ee\/en\/toode\/uncategorized\/tooner-must-analoog-hp-149x-w1490x-2\/\" \/>\n<meta property=\"og:locale\" content=\"en_US\" \/>\n<meta property=\"og:type\" content=\"article\" \/>\n<meta property=\"og:title\" content=\"Tooner must analoog HP 149X (W1490X) - RTT\" \/>\n<meta property=\"og:description\" content=\"HP LaserJet Pro 4001d, 4001dn, 4001dw, 4001n, 4002d, 4002dn, 4002dw, 4002n, 4003dn, 4003dw, 4003n, 4004d, 4004dn, 4004dw HP LaserJet Pro MFP 4101dw, 4101fdn, 4101fdw, 4101fdwp, 4102dw, 4102fdn, 4102fdw, 4103dw, 4103fdn, 4103fdw, 4104dw, 4104fdn, 4104fdw Tr\u00fckimaht kuni 9500 lehte NB! Toode ei t\u00f6\u00f6ta j\u00e4rgmistes teenuse HP+ jaoks m\u00f5eldud seadmetes (e-l\u00f5puga mudelid) HP LaserJet Pro 4001dn\/e, 4001dw\/e, [&hellip;]\" \/>\n<meta property=\"og:url\" content=\"https:\/\/rtt.ee\/en\/toode\/uncategorized\/tooner-must-analoog-hp-149x-w1490x-2\/\" \/>\n<meta property=\"og:site_name\" content=\"RTT\" \/>\n<meta property=\"og:image\" content=\"https:\/\/rtt.ee\/wp-content\/uploads\/2022\/01\/rtt_logo_350X350.jpg\" \/>\n\t<meta property=\"og:image:width\" content=\"350\" \/>\n\t<meta property=\"og:image:height\" content=\"350\" \/>\n\t<meta property=\"og:image:type\" content=\"image\/jpeg\" \/>\n<meta name=\"twitter:card\" content=\"summary_large_image\" \/>\n<script type=\"application\/ld+json\" class=\"yoast-schema-graph\">{\"@context\":\"https:\/\/schema.org\",\"@graph\":[{\"@type\":\"WebPage\",\"@id\":\"https:\/\/rtt.ee\/en\/toode\/uncategorized\/tooner-must-analoog-hp-149x-w1490x-2\/\",\"url\":\"https:\/\/rtt.ee\/en\/toode\/uncategorized\/tooner-must-analoog-hp-149x-w1490x-2\/\",\"name\":\"Tooner must analoog HP 149X (W1490X) - RTT\",\"isPartOf\":{\"@id\":\"https:\/\/rtt.ee\/en\/#website\"},\"primaryImageOfPage\":{\"@id\":\"https:\/\/rtt.ee\/en\/toode\/uncategorized\/tooner-must-analoog-hp-149x-w1490x-2\/#primaryimage\"},\"image\":{\"@id\":\"https:\/\/rtt.ee\/en\/toode\/uncategorized\/tooner-must-analoog-hp-149x-w1490x-2\/#primaryimage\"},\"thumbnailUrl\":\"https:\/\/rtt.ee\/wp-content\/uploads\/2025\/10\/Toner_OXE_M_K.png\",\"datePublished\":\"2026-02-18T09:21:57+00:00\",\"breadcrumb\":{\"@id\":\"https:\/\/rtt.ee\/en\/toode\/uncategorized\/tooner-must-analoog-hp-149x-w1490x-2\/#breadcrumb\"},\"inLanguage\":\"en-US\",\"potentialAction\":[{\"@type\":\"ReadAction\",\"target\":[\"https:\/\/rtt.ee\/en\/toode\/uncategorized\/tooner-must-analoog-hp-149x-w1490x-2\/\"]}]},{\"@type\":\"ImageObject\",\"inLanguage\":\"en-US\",\"@id\":\"https:\/\/rtt.ee\/en\/toode\/uncategorized\/tooner-must-analoog-hp-149x-w1490x-2\/#primaryimage\",\"url\":\"https:\/\/rtt.ee\/wp-content\/uploads\/2025\/10\/Toner_OXE_M_K.png\",\"contentUrl\":\"https:\/\/rtt.ee\/wp-content\/uploads\/2025\/10\/Toner_OXE_M_K.png\",\"width\":700,\"height\":466},{\"@type\":\"BreadcrumbList\",\"@id\":\"https:\/\/rtt.ee\/en\/toode\/uncategorized\/tooner-must-analoog-hp-149x-w1490x-2\/#breadcrumb\",\"itemListElement\":[{\"@type\":\"ListItem\",\"position\":1,\"name\":\"Home\",\"item\":\"https:\/\/rtt.ee\/en\/\"},{\"@type\":\"ListItem\",\"position\":2,\"name\":\"Shop\",\"item\":\"https:\/\/rtt.ee\/en\/shop\/\"},{\"@type\":\"ListItem\",\"position\":3,\"name\":\"Tooner must analoog HP 149X (W1490X)\"}]},{\"@type\":\"WebSite\",\"@id\":\"https:\/\/rtt.ee\/en\/#website\",\"url\":\"https:\/\/rtt.ee\/en\/\",\"name\":\"RTT\",\"description\":\"Kassaaparaadid ja kontorikaubad\",\"potentialAction\":[{\"@type\":\"SearchAction\",\"target\":{\"@type\":\"EntryPoint\",\"urlTemplate\":\"https:\/\/rtt.ee\/en\/?s={search_term_string}\"},\"query-input\":{\"@type\":\"PropertyValueSpecification\",\"valueRequired\":true,\"valueName\":\"search_term_string\"}}],\"inLanguage\":\"en-US\"}]}<\/script>\n<!-- \/ Yoast SEO plugin. -->","yoast_head_json":{"title":"Tooner must analoog HP 149X (W1490X) - RTT","robots":{"index":"index","follow":"follow","max-snippet":"max-snippet:-1","max-image-preview":"max-image-preview:large","max-video-preview":"max-video-preview:-1"},"canonical":"https:\/\/rtt.ee\/en\/toode\/uncategorized\/tooner-must-analoog-hp-149x-w1490x-2\/","og_locale":"en_US","og_type":"article","og_title":"Tooner must analoog HP 149X (W1490X) - RTT","og_description":"HP LaserJet Pro 4001d, 4001dn, 4001dw, 4001n, 4002d, 4002dn, 4002dw, 4002n, 4003dn, 4003dw, 4003n, 4004d, 4004dn, 4004dw HP LaserJet Pro MFP 4101dw, 4101fdn, 4101fdw, 4101fdwp, 4102dw, 4102fdn, 4102fdw, 4103dw, 4103fdn, 4103fdw, 4104dw, 4104fdn, 4104fdw Tr\u00fckimaht kuni 9500 lehte NB! Toode ei t\u00f6\u00f6ta j\u00e4rgmistes teenuse HP+ jaoks m\u00f5eldud seadmetes (e-l\u00f5puga mudelid) HP LaserJet Pro 4001dn\/e, 4001dw\/e, [&hellip;]","og_url":"https:\/\/rtt.ee\/en\/toode\/uncategorized\/tooner-must-analoog-hp-149x-w1490x-2\/","og_site_name":"RTT","og_image":[{"width":350,"height":350,"url":"https:\/\/rtt.ee\/wp-content\/uploads\/2022\/01\/rtt_logo_350X350.jpg","type":"image\/jpeg"}],"twitter_card":"summary_large_image","schema":{"@context":"https:\/\/schema.org","@graph":[{"@type":"WebPage","@id":"https:\/\/rtt.ee\/en\/toode\/uncategorized\/tooner-must-analoog-hp-149x-w1490x-2\/","url":"https:\/\/rtt.ee\/en\/toode\/uncategorized\/tooner-must-analoog-hp-149x-w1490x-2\/","name":"Tooner must analoog HP 149X (W1490X) - RTT","isPartOf":{"@id":"https:\/\/rtt.ee\/en\/#website"},"primaryImageOfPage":{"@id":"https:\/\/rtt.ee\/en\/toode\/uncategorized\/tooner-must-analoog-hp-149x-w1490x-2\/#primaryimage"},"image":{"@id":"https:\/\/rtt.ee\/en\/toode\/uncategorized\/tooner-must-analoog-hp-149x-w1490x-2\/#primaryimage"},"thumbnailUrl":"https:\/\/rtt.ee\/wp-content\/uploads\/2025\/10\/Toner_OXE_M_K.png","datePublished":"2026-02-18T09:21:57+00:00","breadcrumb":{"@id":"https:\/\/rtt.ee\/en\/toode\/uncategorized\/tooner-must-analoog-hp-149x-w1490x-2\/#breadcrumb"},"inLanguage":"en-US","potentialAction":[{"@type":"ReadAction","target":["https:\/\/rtt.ee\/en\/toode\/uncategorized\/tooner-must-analoog-hp-149x-w1490x-2\/"]}]},{"@type":"ImageObject","inLanguage":"en-US","@id":"https:\/\/rtt.ee\/en\/toode\/uncategorized\/tooner-must-analoog-hp-149x-w1490x-2\/#primaryimage","url":"https:\/\/rtt.ee\/wp-content\/uploads\/2025\/10\/Toner_OXE_M_K.png","contentUrl":"https:\/\/rtt.ee\/wp-content\/uploads\/2025\/10\/Toner_OXE_M_K.png","width":700,"height":466},{"@type":"BreadcrumbList","@id":"https:\/\/rtt.ee\/en\/toode\/uncategorized\/tooner-must-analoog-hp-149x-w1490x-2\/#breadcrumb","itemListElement":[{"@type":"ListItem","position":1,"name":"Home","item":"https:\/\/rtt.ee\/en\/"},{"@type":"ListItem","position":2,"name":"Shop","item":"https:\/\/rtt.ee\/en\/shop\/"},{"@type":"ListItem","position":3,"name":"Tooner must analoog HP 149X (W1490X)"}]},{"@type":"WebSite","@id":"https:\/\/rtt.ee\/en\/#website","url":"https:\/\/rtt.ee\/en\/","name":"RTT","description":"Kassaaparaadid ja kontorikaubad","potentialAction":[{"@type":"SearchAction","target":{"@type":"EntryPoint","urlTemplate":"https:\/\/rtt.ee\/en\/?s={search_term_string}"},"query-input":{"@type":"PropertyValueSpecification","valueRequired":true,"valueName":"search_term_string"}}],"inLanguage":"en-US"}]}},"_links":{"self":[{"href":"https:\/\/rtt.ee\/en\/wp-json\/wp\/v2\/product\/15456","targetHints":{"allow":["GET"]}}],"collection":[{"href":"https:\/\/rtt.ee\/en\/wp-json\/wp\/v2\/product"}],"about":[{"href":"https:\/\/rtt.ee\/en\/wp-json\/wp\/v2\/types\/product"}],"wp:featuredmedia":[{"embeddable":true,"href":"https:\/\/rtt.ee\/en\/wp-json\/wp\/v2\/media\/13332"}],"wp:attachment":[{"href":"https:\/\/rtt.ee\/en\/wp-json\/wp\/v2\/media?parent=15456"}],"wp:term":[{"taxonomy":"product_brand","embeddable":true,"href":"https:\/\/rtt.ee\/en\/wp-json\/wp\/v2\/product_brand?post=15456"},{"taxonomy":"product_cat","embeddable":true,"href":"https:\/\/rtt.ee\/en\/wp-json\/wp\/v2\/product_cat?post=15456"},{"taxonomy":"product_tag","embeddable":true,"href":"https:\/\/rtt.ee\/en\/wp-json\/wp\/v2\/product_tag?post=15456"}],"curies":[{"name":"wp","href":"https:\/\/api.w.org\/{rel}","templated":true}]}}