{"id":15343,"date":"2026-02-18T09:52:59","date_gmt":"2026-02-18T07:52:59","guid":{"rendered":"https:\/\/rtt.ee\/toode\/uncategorized\/tooner-kollane-analoog-brother-tn248xly-2\/"},"modified":"2026-02-18T16:43:02","modified_gmt":"2026-02-18T14:43:02","slug":"tooner-kollane-analoog-brother-tn248xly-2","status":"publish","type":"product","link":"https:\/\/rtt.ee\/en\/toode\/kulumaterjalid-en\/analoog-toonerid-en\/tooner-kollane-analoog-brother-tn248xly-2\/","title":{"rendered":"Tooner kollane analoog Brother TN248XLY"},"content":{"rendered":"<p>Brother DCP-L3515CDW, DCP-L3520CDW, DCP-L3520CDW Eco, DCP-L3527CDW, , DCP-L3555CDW, DCP-L3560CDW<br \/>\nBrother HL-L3215CW, HL-L3220CW, HL-L3220CWE, HL-L3240CDW, HL-L8230CDW, HL-L8240CDW<br \/>\nBrother MFC-L3740CDW, MFC-L3740CDW Eco, MFC-L3760CDW, MFC-L8340CDW, MFC-L8390CDW<\/p>\n<p>Brother DCP L3515CDW, DCP L3520CDW, DCP L3520CDW Eco, DCP L3527CDW, DCP L3555CDW, DCP L3560CDW<br \/>\nBrother HL L3215CW, HL L3220CW, HL L3220CWE, HL L3240CDW, HL L8230CDW, HL L8240CDW<br \/>\nBrother MFC L3740CDW, MFC L3740CDW Eco, MFC L3760CDW, MFC L8340CDW, MFC L8390CDW<\/p>\n<p>Brother DCPL3515CDW, DCPL3520CDW, DCPL3520CDW Eco, DCPL3527CDW, DCPL3555CDW, DCPL3560CDW<br \/>\nBrother HLL3215CW, HLL3220CW, HLL3220CWE, HLL3240CDW, HLL8230CDW, HLL8240CDW<br \/>\nBrother MFCL3740CDW, MFCL3740CDW Eco, MFCL3760CDW, MFCL8340CDW, MFCL8390CDW<\/p>\n<p>Tr\u00fckimaht kuni 2300 lehte<\/p>\n","protected":false},"excerpt":{"rendered":"<p>Brother DCP-L3515CDW, DCP-L3520CDW, DCP-L3520CDW Eco, DCP-L3527CDW, , DCP-L3555CDW, DCP-L3560CDW Brother HL-L3215CW, HL-L3220CW, HL-L3220CWE, HL-L3240CDW, HL-L8230CDW, HL-L8240CDW Brother MFC-L3740CDW, MFC-L3740CDW Eco, MFC-L3760CDW, MFC-L8340CDW, MFC-L8390CDW Brother DCP L3515CDW, DCP L3520CDW, DCP L3520CDW Eco, DCP L3527CDW, DCP L3555CDW, DCP L3560CDW Brother HL L3215CW, HL L3220CW, HL L3220CWE, HL L3240CDW, HL L8230CDW, HL L8240CDW Brother MFC L3740CDW, MFC L3740CDW [&hellip;]<\/p>\n","protected":false},"featured_media":13351,"template":"","meta":{"_acf_changed":false},"product_brand":[407],"product_cat":[156],"product_tag":[],"class_list":{"0":"post-15343","1":"product","2":"type-product","3":"status-publish","4":"has-post-thumbnail","6":"product_brand-oxe","7":"product_cat-analoog-toonerid-en","8":"product_brands-oxe-en","10":"first","11":"onbackorder","12":"taxable","13":"shipping-taxable","14":"purchasable","15":"product-type-simple"},"acf":[],"yoast_head":"<!-- This site is optimized with the Yoast SEO plugin v26.2 - https:\/\/yoast.com\/wordpress\/plugins\/seo\/ -->\n<title>Tooner kollane analoog Brother TN248XLY - RTT<\/title>\n<meta name=\"description\" content=\"Kvaliteetsed OXE toonerid ja tindid Sinu printerile. S\u00e4\u00e4sta kuni 70% printimiskuludelt ilma kvaliteedis j\u00e4releandmisi tegemata. Kiire tarne!\" \/>\n<meta name=\"robots\" content=\"index, follow, max-snippet:-1, max-image-preview:large, max-video-preview:-1\" \/>\n<link rel=\"canonical\" href=\"https:\/\/rtt.ee\/toode\/kulumaterjalid\/analoog-toonerid\/tooner-kollane-analoog-brother-tn248xly-2\/\" \/>\n<meta property=\"og:locale\" content=\"en_US\" \/>\n<meta property=\"og:type\" content=\"article\" \/>\n<meta property=\"og:title\" content=\"Tooner kollane analoog Brother TN248XLY - RTT\" \/>\n<meta property=\"og:description\" content=\"Kvaliteetsed OXE toonerid ja tindid Sinu printerile. S\u00e4\u00e4sta kuni 70% printimiskuludelt ilma kvaliteedis j\u00e4releandmisi tegemata. Kiire tarne!\" \/>\n<meta property=\"og:url\" content=\"https:\/\/rtt.ee\/toode\/kulumaterjalid\/analoog-toonerid\/tooner-kollane-analoog-brother-tn248xly-2\/\" \/>\n<meta property=\"og:site_name\" content=\"RTT\" \/>\n<meta property=\"article:modified_time\" content=\"2026-02-18T14:43:02+00:00\" \/>\n<meta property=\"og:image\" content=\"https:\/\/rtt.ee\/wp-content\/uploads\/2025\/10\/Toner_OXE_M_Y.png\" \/>\n\t<meta property=\"og:image:width\" content=\"700\" \/>\n\t<meta property=\"og:image:height\" content=\"466\" \/>\n\t<meta property=\"og:image:type\" content=\"image\/png\" \/>\n<meta name=\"twitter:card\" content=\"summary_large_image\" \/>\n<meta name=\"twitter:label1\" content=\"Est. reading time\" \/>\n\t<meta name=\"twitter:data1\" content=\"1 minute\" \/>\n<script type=\"application\/ld+json\" class=\"yoast-schema-graph\">{\"@context\":\"https:\/\/schema.org\",\"@graph\":[{\"@type\":\"WebPage\",\"@id\":\"https:\/\/rtt.ee\/toode\/kulumaterjalid\/analoog-toonerid\/tooner-kollane-analoog-brother-tn248xly-2\/\",\"url\":\"https:\/\/rtt.ee\/toode\/kulumaterjalid\/analoog-toonerid\/tooner-kollane-analoog-brother-tn248xly-2\/\",\"name\":\"Tooner kollane analoog Brother TN248XLY - RTT\",\"isPartOf\":{\"@id\":\"https:\/\/rtt.ee\/en\/#website\"},\"primaryImageOfPage\":{\"@id\":\"https:\/\/rtt.ee\/toode\/kulumaterjalid\/analoog-toonerid\/tooner-kollane-analoog-brother-tn248xly-2\/#primaryimage\"},\"image\":{\"@id\":\"https:\/\/rtt.ee\/toode\/kulumaterjalid\/analoog-toonerid\/tooner-kollane-analoog-brother-tn248xly-2\/#primaryimage\"},\"thumbnailUrl\":\"https:\/\/rtt.ee\/wp-content\/uploads\/2025\/10\/Toner_OXE_M_Y.png\",\"datePublished\":\"2026-02-18T07:52:59+00:00\",\"dateModified\":\"2026-02-18T14:43:02+00:00\",\"description\":\"Kvaliteetsed OXE toonerid ja tindid Sinu printerile. S\u00e4\u00e4sta kuni 70% printimiskuludelt ilma kvaliteedis j\u00e4releandmisi tegemata. Kiire tarne!\",\"breadcrumb\":{\"@id\":\"https:\/\/rtt.ee\/toode\/kulumaterjalid\/analoog-toonerid\/tooner-kollane-analoog-brother-tn248xly-2\/#breadcrumb\"},\"inLanguage\":\"en-US\",\"potentialAction\":[{\"@type\":\"ReadAction\",\"target\":[\"https:\/\/rtt.ee\/toode\/kulumaterjalid\/analoog-toonerid\/tooner-kollane-analoog-brother-tn248xly-2\/\"]}]},{\"@type\":\"ImageObject\",\"inLanguage\":\"en-US\",\"@id\":\"https:\/\/rtt.ee\/toode\/kulumaterjalid\/analoog-toonerid\/tooner-kollane-analoog-brother-tn248xly-2\/#primaryimage\",\"url\":\"https:\/\/rtt.ee\/wp-content\/uploads\/2025\/10\/Toner_OXE_M_Y.png\",\"contentUrl\":\"https:\/\/rtt.ee\/wp-content\/uploads\/2025\/10\/Toner_OXE_M_Y.png\",\"width\":700,\"height\":466},{\"@type\":\"BreadcrumbList\",\"@id\":\"https:\/\/rtt.ee\/toode\/kulumaterjalid\/analoog-toonerid\/tooner-kollane-analoog-brother-tn248xly-2\/#breadcrumb\",\"itemListElement\":[{\"@type\":\"ListItem\",\"position\":1,\"name\":\"Home\",\"item\":\"https:\/\/rtt.ee\/en\/\"},{\"@type\":\"ListItem\",\"position\":2,\"name\":\"Shop\",\"item\":\"https:\/\/rtt.ee\/en\/shop\/\"},{\"@type\":\"ListItem\",\"position\":3,\"name\":\"Consumables\",\"item\":\"https:\/\/rtt.ee\/en\/tootekategooria\/kulumaterjalid-en\/\"},{\"@type\":\"ListItem\",\"position\":4,\"name\":\"Analog toners\",\"item\":\"https:\/\/rtt.ee\/en\/tootekategooria\/kulumaterjalid-en\/analoog-toonerid-en\/\"},{\"@type\":\"ListItem\",\"position\":5,\"name\":\"Tooner kollane analoog Brother TN248XLY\"}]},{\"@type\":\"WebSite\",\"@id\":\"https:\/\/rtt.ee\/en\/#website\",\"url\":\"https:\/\/rtt.ee\/en\/\",\"name\":\"RTT\",\"description\":\"Kassaaparaadid ja kontorikaubad\",\"potentialAction\":[{\"@type\":\"SearchAction\",\"target\":{\"@type\":\"EntryPoint\",\"urlTemplate\":\"https:\/\/rtt.ee\/en\/?s={search_term_string}\"},\"query-input\":{\"@type\":\"PropertyValueSpecification\",\"valueRequired\":true,\"valueName\":\"search_term_string\"}}],\"inLanguage\":\"en-US\"}]}<\/script>\n<!-- \/ Yoast SEO plugin. -->","yoast_head_json":{"title":"Tooner kollane analoog Brother TN248XLY - RTT","description":"Kvaliteetsed OXE toonerid ja tindid Sinu printerile. S\u00e4\u00e4sta kuni 70% printimiskuludelt ilma kvaliteedis j\u00e4releandmisi tegemata. Kiire tarne!","robots":{"index":"index","follow":"follow","max-snippet":"max-snippet:-1","max-image-preview":"max-image-preview:large","max-video-preview":"max-video-preview:-1"},"canonical":"https:\/\/rtt.ee\/toode\/kulumaterjalid\/analoog-toonerid\/tooner-kollane-analoog-brother-tn248xly-2\/","og_locale":"en_US","og_type":"article","og_title":"Tooner kollane analoog Brother TN248XLY - RTT","og_description":"Kvaliteetsed OXE toonerid ja tindid Sinu printerile. S\u00e4\u00e4sta kuni 70% printimiskuludelt ilma kvaliteedis j\u00e4releandmisi tegemata. Kiire tarne!","og_url":"https:\/\/rtt.ee\/toode\/kulumaterjalid\/analoog-toonerid\/tooner-kollane-analoog-brother-tn248xly-2\/","og_site_name":"RTT","article_modified_time":"2026-02-18T14:43:02+00:00","og_image":[{"width":700,"height":466,"url":"https:\/\/rtt.ee\/wp-content\/uploads\/2025\/10\/Toner_OXE_M_Y.png","type":"image\/png"}],"twitter_card":"summary_large_image","twitter_misc":{"Est. reading time":"1 minute"},"schema":{"@context":"https:\/\/schema.org","@graph":[{"@type":"WebPage","@id":"https:\/\/rtt.ee\/toode\/kulumaterjalid\/analoog-toonerid\/tooner-kollane-analoog-brother-tn248xly-2\/","url":"https:\/\/rtt.ee\/toode\/kulumaterjalid\/analoog-toonerid\/tooner-kollane-analoog-brother-tn248xly-2\/","name":"Tooner kollane analoog Brother TN248XLY - RTT","isPartOf":{"@id":"https:\/\/rtt.ee\/en\/#website"},"primaryImageOfPage":{"@id":"https:\/\/rtt.ee\/toode\/kulumaterjalid\/analoog-toonerid\/tooner-kollane-analoog-brother-tn248xly-2\/#primaryimage"},"image":{"@id":"https:\/\/rtt.ee\/toode\/kulumaterjalid\/analoog-toonerid\/tooner-kollane-analoog-brother-tn248xly-2\/#primaryimage"},"thumbnailUrl":"https:\/\/rtt.ee\/wp-content\/uploads\/2025\/10\/Toner_OXE_M_Y.png","datePublished":"2026-02-18T07:52:59+00:00","dateModified":"2026-02-18T14:43:02+00:00","description":"Kvaliteetsed OXE toonerid ja tindid Sinu printerile. S\u00e4\u00e4sta kuni 70% printimiskuludelt ilma kvaliteedis j\u00e4releandmisi tegemata. Kiire tarne!","breadcrumb":{"@id":"https:\/\/rtt.ee\/toode\/kulumaterjalid\/analoog-toonerid\/tooner-kollane-analoog-brother-tn248xly-2\/#breadcrumb"},"inLanguage":"en-US","potentialAction":[{"@type":"ReadAction","target":["https:\/\/rtt.ee\/toode\/kulumaterjalid\/analoog-toonerid\/tooner-kollane-analoog-brother-tn248xly-2\/"]}]},{"@type":"ImageObject","inLanguage":"en-US","@id":"https:\/\/rtt.ee\/toode\/kulumaterjalid\/analoog-toonerid\/tooner-kollane-analoog-brother-tn248xly-2\/#primaryimage","url":"https:\/\/rtt.ee\/wp-content\/uploads\/2025\/10\/Toner_OXE_M_Y.png","contentUrl":"https:\/\/rtt.ee\/wp-content\/uploads\/2025\/10\/Toner_OXE_M_Y.png","width":700,"height":466},{"@type":"BreadcrumbList","@id":"https:\/\/rtt.ee\/toode\/kulumaterjalid\/analoog-toonerid\/tooner-kollane-analoog-brother-tn248xly-2\/#breadcrumb","itemListElement":[{"@type":"ListItem","position":1,"name":"Home","item":"https:\/\/rtt.ee\/en\/"},{"@type":"ListItem","position":2,"name":"Shop","item":"https:\/\/rtt.ee\/en\/shop\/"},{"@type":"ListItem","position":3,"name":"Consumables","item":"https:\/\/rtt.ee\/en\/tootekategooria\/kulumaterjalid-en\/"},{"@type":"ListItem","position":4,"name":"Analog toners","item":"https:\/\/rtt.ee\/en\/tootekategooria\/kulumaterjalid-en\/analoog-toonerid-en\/"},{"@type":"ListItem","position":5,"name":"Tooner kollane analoog Brother TN248XLY"}]},{"@type":"WebSite","@id":"https:\/\/rtt.ee\/en\/#website","url":"https:\/\/rtt.ee\/en\/","name":"RTT","description":"Kassaaparaadid ja kontorikaubad","potentialAction":[{"@type":"SearchAction","target":{"@type":"EntryPoint","urlTemplate":"https:\/\/rtt.ee\/en\/?s={search_term_string}"},"query-input":{"@type":"PropertyValueSpecification","valueRequired":true,"valueName":"search_term_string"}}],"inLanguage":"en-US"}]}},"_links":{"self":[{"href":"https:\/\/rtt.ee\/en\/wp-json\/wp\/v2\/product\/15343","targetHints":{"allow":["GET"]}}],"collection":[{"href":"https:\/\/rtt.ee\/en\/wp-json\/wp\/v2\/product"}],"about":[{"href":"https:\/\/rtt.ee\/en\/wp-json\/wp\/v2\/types\/product"}],"wp:featuredmedia":[{"embeddable":true,"href":"https:\/\/rtt.ee\/en\/wp-json\/wp\/v2\/media\/13351"}],"wp:attachment":[{"href":"https:\/\/rtt.ee\/en\/wp-json\/wp\/v2\/media?parent=15343"}],"wp:term":[{"taxonomy":"product_brand","embeddable":true,"href":"https:\/\/rtt.ee\/en\/wp-json\/wp\/v2\/product_brand?post=15343"},{"taxonomy":"product_cat","embeddable":true,"href":"https:\/\/rtt.ee\/en\/wp-json\/wp\/v2\/product_cat?post=15343"},{"taxonomy":"product_tag","embeddable":true,"href":"https:\/\/rtt.ee\/en\/wp-json\/wp\/v2\/product_tag?post=15343"}],"curies":[{"name":"wp","href":"https:\/\/api.w.org\/{rel}","templated":true}]}}