{"id":15280,"date":"2026-02-16T14:35:48","date_gmt":"2026-02-16T12:35:48","guid":{"rendered":"https:\/\/rtt.ee\/toode\/uncategorized\/tooner-must-analoog-brother-tn2421\/"},"modified":"2026-02-18T16:54:27","modified_gmt":"2026-02-18T14:54:27","slug":"tooner-must-analoog-brother-tn2421","status":"publish","type":"product","link":"https:\/\/rtt.ee\/en\/toode\/kulumaterjalid-en\/analoog-toonerid-en\/tooner-must-analoog-brother-tn2421\/","title":{"rendered":"Tooner must analoog Brother TN2421"},"content":{"rendered":"<p>Brother DCP-L2512D, Brother DCP-L2532DW, Brother DCP-L2552DN, Brother HL-L2312D, Brother HL-L2352DW, Brother HL-L2372DN, Brother MFC-L2712DN, Brother MFC-L2712DW, Brother MFC-L2732DW, Brother MFC-L2752DW<br \/>\nBrother DCPL2512D, DCPL2532DW, DCPL2552DN, HLL2312D, HLL2352DW, HLL2372DN, MFCL2712DN, MFCL2712DW, MFCL2732DW, MFCL2752DW<\/p>\n<p>Tr\u00fckimaht kuni 3000 lehte<\/p>\n","protected":false},"excerpt":{"rendered":"<p>Brother DCP-L2512D, Brother DCP-L2532DW, Brother DCP-L2552DN, Brother HL-L2312D, Brother HL-L2352DW, Brother HL-L2372DN, Brother MFC-L2712DN, Brother MFC-L2712DW, Brother MFC-L2732DW, Brother MFC-L2752DW Brother DCPL2512D, DCPL2532DW, DCPL2552DN, HLL2312D, HLL2352DW, HLL2372DN, MFCL2712DN, MFCL2712DW, MFCL2732DW, MFCL2752DW Tr\u00fckimaht kuni 3000 lehte<\/p>\n","protected":false},"featured_media":13332,"template":"","meta":{"_acf_changed":false},"product_brand":[407],"product_cat":[156],"product_tag":[],"class_list":{"0":"post-15280","1":"product","2":"type-product","3":"status-publish","4":"has-post-thumbnail","6":"product_brand-oxe","7":"product_cat-analoog-toonerid-en","8":"product_brands-oxe-en","10":"first","11":"onbackorder","12":"taxable","13":"shipping-taxable","14":"purchasable","15":"product-type-simple"},"acf":[],"yoast_head":"<!-- This site is optimized with the Yoast SEO plugin v26.2 - https:\/\/yoast.com\/wordpress\/plugins\/seo\/ -->\n<title>Tooner must analoog Brother TN2421 - RTT<\/title>\n<meta name=\"description\" content=\"Kvaliteetsed OXE toonerid ja tindid Sinu printerile. S\u00e4\u00e4sta kuni 70% printimiskuludelt ilma kvaliteedis j\u00e4releandmisi tegemata. Kiire tarne ja 2-aastane garantii!\" \/>\n<meta name=\"robots\" content=\"index, follow, max-snippet:-1, max-image-preview:large, max-video-preview:-1\" \/>\n<link rel=\"canonical\" href=\"https:\/\/rtt.ee\/toode\/kulumaterjalid\/analoog-toonerid\/tooner-must-analoog-brother-tn2421\/\" \/>\n<meta property=\"og:locale\" content=\"en_US\" \/>\n<meta property=\"og:type\" content=\"article\" \/>\n<meta property=\"og:title\" content=\"Tooner must analoog Brother TN2421 - RTT\" \/>\n<meta property=\"og:description\" content=\"Kvaliteetsed OXE toonerid ja tindid Sinu printerile. S\u00e4\u00e4sta kuni 70% printimiskuludelt ilma kvaliteedis j\u00e4releandmisi tegemata. Kiire tarne ja 2-aastane garantii!\" \/>\n<meta property=\"og:url\" content=\"https:\/\/rtt.ee\/toode\/kulumaterjalid\/analoog-toonerid\/tooner-must-analoog-brother-tn2421\/\" \/>\n<meta property=\"og:site_name\" content=\"RTT\" \/>\n<meta property=\"article:modified_time\" content=\"2026-02-18T14:54:27+00:00\" \/>\n<meta property=\"og:image\" content=\"https:\/\/rtt.ee\/wp-content\/uploads\/2025\/10\/Toner_OXE_M_K.png\" \/>\n\t<meta property=\"og:image:width\" content=\"700\" \/>\n\t<meta property=\"og:image:height\" content=\"466\" \/>\n\t<meta property=\"og:image:type\" content=\"image\/png\" \/>\n<meta name=\"twitter:card\" content=\"summary_large_image\" \/>\n<meta name=\"twitter:label1\" content=\"Est. reading time\" \/>\n\t<meta name=\"twitter:data1\" content=\"1 minute\" \/>\n<script type=\"application\/ld+json\" class=\"yoast-schema-graph\">{\"@context\":\"https:\/\/schema.org\",\"@graph\":[{\"@type\":\"WebPage\",\"@id\":\"https:\/\/rtt.ee\/toode\/kulumaterjalid\/analoog-toonerid\/tooner-must-analoog-brother-tn2421\/\",\"url\":\"https:\/\/rtt.ee\/toode\/kulumaterjalid\/analoog-toonerid\/tooner-must-analoog-brother-tn2421\/\",\"name\":\"Tooner must analoog Brother TN2421 - RTT\",\"isPartOf\":{\"@id\":\"https:\/\/rtt.ee\/en\/#website\"},\"primaryImageOfPage\":{\"@id\":\"https:\/\/rtt.ee\/toode\/kulumaterjalid\/analoog-toonerid\/tooner-must-analoog-brother-tn2421\/#primaryimage\"},\"image\":{\"@id\":\"https:\/\/rtt.ee\/toode\/kulumaterjalid\/analoog-toonerid\/tooner-must-analoog-brother-tn2421\/#primaryimage\"},\"thumbnailUrl\":\"https:\/\/rtt.ee\/wp-content\/uploads\/2025\/10\/Toner_OXE_M_K.png\",\"datePublished\":\"2026-02-16T12:35:48+00:00\",\"dateModified\":\"2026-02-18T14:54:27+00:00\",\"description\":\"Kvaliteetsed OXE toonerid ja tindid Sinu printerile. S\u00e4\u00e4sta kuni 70% printimiskuludelt ilma kvaliteedis j\u00e4releandmisi tegemata. Kiire tarne ja 2-aastane garantii!\",\"breadcrumb\":{\"@id\":\"https:\/\/rtt.ee\/toode\/kulumaterjalid\/analoog-toonerid\/tooner-must-analoog-brother-tn2421\/#breadcrumb\"},\"inLanguage\":\"en-US\",\"potentialAction\":[{\"@type\":\"ReadAction\",\"target\":[\"https:\/\/rtt.ee\/toode\/kulumaterjalid\/analoog-toonerid\/tooner-must-analoog-brother-tn2421\/\"]}]},{\"@type\":\"ImageObject\",\"inLanguage\":\"en-US\",\"@id\":\"https:\/\/rtt.ee\/toode\/kulumaterjalid\/analoog-toonerid\/tooner-must-analoog-brother-tn2421\/#primaryimage\",\"url\":\"https:\/\/rtt.ee\/wp-content\/uploads\/2025\/10\/Toner_OXE_M_K.png\",\"contentUrl\":\"https:\/\/rtt.ee\/wp-content\/uploads\/2025\/10\/Toner_OXE_M_K.png\",\"width\":700,\"height\":466},{\"@type\":\"BreadcrumbList\",\"@id\":\"https:\/\/rtt.ee\/toode\/kulumaterjalid\/analoog-toonerid\/tooner-must-analoog-brother-tn2421\/#breadcrumb\",\"itemListElement\":[{\"@type\":\"ListItem\",\"position\":1,\"name\":\"Home\",\"item\":\"https:\/\/rtt.ee\/en\/\"},{\"@type\":\"ListItem\",\"position\":2,\"name\":\"Shop\",\"item\":\"https:\/\/rtt.ee\/en\/shop\/\"},{\"@type\":\"ListItem\",\"position\":3,\"name\":\"Consumables\",\"item\":\"https:\/\/rtt.ee\/en\/tootekategooria\/kulumaterjalid-en\/\"},{\"@type\":\"ListItem\",\"position\":4,\"name\":\"Analog toners\",\"item\":\"https:\/\/rtt.ee\/en\/tootekategooria\/kulumaterjalid-en\/analoog-toonerid-en\/\"},{\"@type\":\"ListItem\",\"position\":5,\"name\":\"Tooner must analoog Brother TN2421\"}]},{\"@type\":\"WebSite\",\"@id\":\"https:\/\/rtt.ee\/en\/#website\",\"url\":\"https:\/\/rtt.ee\/en\/\",\"name\":\"RTT\",\"description\":\"Kassaaparaadid ja kontorikaubad\",\"potentialAction\":[{\"@type\":\"SearchAction\",\"target\":{\"@type\":\"EntryPoint\",\"urlTemplate\":\"https:\/\/rtt.ee\/en\/?s={search_term_string}\"},\"query-input\":{\"@type\":\"PropertyValueSpecification\",\"valueRequired\":true,\"valueName\":\"search_term_string\"}}],\"inLanguage\":\"en-US\"}]}<\/script>\n<!-- \/ Yoast SEO plugin. -->","yoast_head_json":{"title":"Tooner must analoog Brother TN2421 - RTT","description":"Kvaliteetsed OXE toonerid ja tindid Sinu printerile. S\u00e4\u00e4sta kuni 70% printimiskuludelt ilma kvaliteedis j\u00e4releandmisi tegemata. Kiire tarne ja 2-aastane garantii!","robots":{"index":"index","follow":"follow","max-snippet":"max-snippet:-1","max-image-preview":"max-image-preview:large","max-video-preview":"max-video-preview:-1"},"canonical":"https:\/\/rtt.ee\/toode\/kulumaterjalid\/analoog-toonerid\/tooner-must-analoog-brother-tn2421\/","og_locale":"en_US","og_type":"article","og_title":"Tooner must analoog Brother TN2421 - RTT","og_description":"Kvaliteetsed OXE toonerid ja tindid Sinu printerile. S\u00e4\u00e4sta kuni 70% printimiskuludelt ilma kvaliteedis j\u00e4releandmisi tegemata. Kiire tarne ja 2-aastane garantii!","og_url":"https:\/\/rtt.ee\/toode\/kulumaterjalid\/analoog-toonerid\/tooner-must-analoog-brother-tn2421\/","og_site_name":"RTT","article_modified_time":"2026-02-18T14:54:27+00:00","og_image":[{"width":700,"height":466,"url":"https:\/\/rtt.ee\/wp-content\/uploads\/2025\/10\/Toner_OXE_M_K.png","type":"image\/png"}],"twitter_card":"summary_large_image","twitter_misc":{"Est. reading time":"1 minute"},"schema":{"@context":"https:\/\/schema.org","@graph":[{"@type":"WebPage","@id":"https:\/\/rtt.ee\/toode\/kulumaterjalid\/analoog-toonerid\/tooner-must-analoog-brother-tn2421\/","url":"https:\/\/rtt.ee\/toode\/kulumaterjalid\/analoog-toonerid\/tooner-must-analoog-brother-tn2421\/","name":"Tooner must analoog Brother TN2421 - RTT","isPartOf":{"@id":"https:\/\/rtt.ee\/en\/#website"},"primaryImageOfPage":{"@id":"https:\/\/rtt.ee\/toode\/kulumaterjalid\/analoog-toonerid\/tooner-must-analoog-brother-tn2421\/#primaryimage"},"image":{"@id":"https:\/\/rtt.ee\/toode\/kulumaterjalid\/analoog-toonerid\/tooner-must-analoog-brother-tn2421\/#primaryimage"},"thumbnailUrl":"https:\/\/rtt.ee\/wp-content\/uploads\/2025\/10\/Toner_OXE_M_K.png","datePublished":"2026-02-16T12:35:48+00:00","dateModified":"2026-02-18T14:54:27+00:00","description":"Kvaliteetsed OXE toonerid ja tindid Sinu printerile. S\u00e4\u00e4sta kuni 70% printimiskuludelt ilma kvaliteedis j\u00e4releandmisi tegemata. Kiire tarne ja 2-aastane garantii!","breadcrumb":{"@id":"https:\/\/rtt.ee\/toode\/kulumaterjalid\/analoog-toonerid\/tooner-must-analoog-brother-tn2421\/#breadcrumb"},"inLanguage":"en-US","potentialAction":[{"@type":"ReadAction","target":["https:\/\/rtt.ee\/toode\/kulumaterjalid\/analoog-toonerid\/tooner-must-analoog-brother-tn2421\/"]}]},{"@type":"ImageObject","inLanguage":"en-US","@id":"https:\/\/rtt.ee\/toode\/kulumaterjalid\/analoog-toonerid\/tooner-must-analoog-brother-tn2421\/#primaryimage","url":"https:\/\/rtt.ee\/wp-content\/uploads\/2025\/10\/Toner_OXE_M_K.png","contentUrl":"https:\/\/rtt.ee\/wp-content\/uploads\/2025\/10\/Toner_OXE_M_K.png","width":700,"height":466},{"@type":"BreadcrumbList","@id":"https:\/\/rtt.ee\/toode\/kulumaterjalid\/analoog-toonerid\/tooner-must-analoog-brother-tn2421\/#breadcrumb","itemListElement":[{"@type":"ListItem","position":1,"name":"Home","item":"https:\/\/rtt.ee\/en\/"},{"@type":"ListItem","position":2,"name":"Shop","item":"https:\/\/rtt.ee\/en\/shop\/"},{"@type":"ListItem","position":3,"name":"Consumables","item":"https:\/\/rtt.ee\/en\/tootekategooria\/kulumaterjalid-en\/"},{"@type":"ListItem","position":4,"name":"Analog toners","item":"https:\/\/rtt.ee\/en\/tootekategooria\/kulumaterjalid-en\/analoog-toonerid-en\/"},{"@type":"ListItem","position":5,"name":"Tooner must analoog Brother TN2421"}]},{"@type":"WebSite","@id":"https:\/\/rtt.ee\/en\/#website","url":"https:\/\/rtt.ee\/en\/","name":"RTT","description":"Kassaaparaadid ja kontorikaubad","potentialAction":[{"@type":"SearchAction","target":{"@type":"EntryPoint","urlTemplate":"https:\/\/rtt.ee\/en\/?s={search_term_string}"},"query-input":{"@type":"PropertyValueSpecification","valueRequired":true,"valueName":"search_term_string"}}],"inLanguage":"en-US"}]}},"_links":{"self":[{"href":"https:\/\/rtt.ee\/en\/wp-json\/wp\/v2\/product\/15280","targetHints":{"allow":["GET"]}}],"collection":[{"href":"https:\/\/rtt.ee\/en\/wp-json\/wp\/v2\/product"}],"about":[{"href":"https:\/\/rtt.ee\/en\/wp-json\/wp\/v2\/types\/product"}],"wp:featuredmedia":[{"embeddable":true,"href":"https:\/\/rtt.ee\/en\/wp-json\/wp\/v2\/media\/13332"}],"wp:attachment":[{"href":"https:\/\/rtt.ee\/en\/wp-json\/wp\/v2\/media?parent=15280"}],"wp:term":[{"taxonomy":"product_brand","embeddable":true,"href":"https:\/\/rtt.ee\/en\/wp-json\/wp\/v2\/product_brand?post=15280"},{"taxonomy":"product_cat","embeddable":true,"href":"https:\/\/rtt.ee\/en\/wp-json\/wp\/v2\/product_cat?post=15280"},{"taxonomy":"product_tag","embeddable":true,"href":"https:\/\/rtt.ee\/en\/wp-json\/wp\/v2\/product_tag?post=15280"}],"curies":[{"name":"wp","href":"https:\/\/api.w.org\/{rel}","templated":true}]}}