{"id":14822,"date":"2026-01-14T16:29:37","date_gmt":"2026-01-14T14:29:37","guid":{"rendered":"https:\/\/rtt.ee\/toode\/uncategorized\/tooner-must-analoog-hp-83a-cf283a\/"},"modified":"2026-01-29T17:17:02","modified_gmt":"2026-01-29T15:17:02","slug":"tooner-must-analoog-hp-83a-cf283a","status":"publish","type":"product","link":"https:\/\/rtt.ee\/en\/toode\/kulumaterjalid-en\/analoog-toonerid-en\/tooner-must-analoog-hp-83a-cf283a\/","title":{"rendered":"Toner black analog HP 83A (CF283A) &#8211; Jetworld"},"content":{"rendered":"<p>Sobivus: HP LaserJet Pro MFP M125a (CZ172A), HP LaserJet Pro M125nw (CZ173A), HP LaserJet Pro M125rnw, HP LaserJet Pro M127fn (CZ181A), HP LaserJet Pro M127fs, HP LaserJet Pro M127fw (CZ183A), HP LaserJet Pro MFP M201d (CF466A), HP LaserJet Pro M201dw (CF456A), HP LaserJet Pro M201n (CF455A), HP LaserJet Pro MFP M225dn (CF484A), HP LaserJet Pro MFP M225dw (CF485A)<\/p>\n<p>Tr\u00fckimaht kuni 1500 lehte<\/p>\n","protected":false},"excerpt":{"rendered":"<p>Sobivus: HP LaserJet Pro MFP M125a (CZ172A), HP LaserJet Pro M125nw (CZ173A), HP LaserJet Pro M125rnw, HP LaserJet Pro M127fn (CZ181A), HP LaserJet Pro M127fs, HP LaserJet Pro M127fw (CZ183A), HP LaserJet Pro MFP M201d (CF466A), HP LaserJet Pro M201dw (CF456A), HP LaserJet Pro M201n (CF455A), HP LaserJet Pro MFP M225dn (CF484A), HP LaserJet Pro [&hellip;]<\/p>\n","protected":false},"featured_media":13213,"template":"","meta":{"_acf_changed":false},"product_brand":[406],"product_cat":[156],"product_tag":[],"class_list":{"0":"post-14822","1":"product","2":"type-product","3":"status-publish","4":"has-post-thumbnail","6":"product_brand-jetworld","7":"product_cat-analoog-toonerid-en","8":"product_brands-jetworld-en","10":"first","11":"instock","12":"taxable","13":"shipping-taxable","14":"purchasable","15":"product-type-simple"},"acf":[],"yoast_head":"<!-- This site is optimized with the Yoast SEO plugin v26.2 - https:\/\/yoast.com\/wordpress\/plugins\/seo\/ -->\n<title>Toner black analog HP 83A (CF283A) - Jetworld - RTT<\/title>\n<meta name=\"description\" content=\"JetWorld toonerid \u2013 premium-klassi analoogtoonerid n\u00f5udlikule kasutajale. Suurem t\u00e4itekogus, ISO-sertifitseeritud kvaliteet ja 100% \u00fchilduvus.\" \/>\n<meta name=\"robots\" content=\"index, follow, max-snippet:-1, max-image-preview:large, max-video-preview:-1\" \/>\n<link rel=\"canonical\" href=\"https:\/\/rtt.ee\/toode\/kulumaterjalid\/analoog-toonerid\/tooner-must-analoog-hp-83a-cf283a\/\" \/>\n<meta property=\"og:locale\" content=\"en_US\" \/>\n<meta property=\"og:type\" content=\"article\" \/>\n<meta property=\"og:title\" content=\"Toner black analog HP 83A (CF283A) - Jetworld - RTT\" \/>\n<meta property=\"og:description\" content=\"JetWorld toonerid \u2013 premium-klassi analoogtoonerid n\u00f5udlikule kasutajale. Suurem t\u00e4itekogus, ISO-sertifitseeritud kvaliteet ja 100% \u00fchilduvus.\" \/>\n<meta property=\"og:url\" content=\"https:\/\/rtt.ee\/toode\/kulumaterjalid\/analoog-toonerid\/tooner-must-analoog-hp-83a-cf283a\/\" \/>\n<meta property=\"og:site_name\" content=\"RTT\" \/>\n<meta property=\"article:modified_time\" content=\"2026-01-29T15:17:02+00:00\" \/>\n<meta property=\"og:image\" content=\"https:\/\/rtt.ee\/wp-content\/uploads\/2025\/10\/jetworld_toner_bk.jpg\" \/>\n\t<meta property=\"og:image:width\" content=\"700\" \/>\n\t<meta property=\"og:image:height\" content=\"390\" \/>\n\t<meta property=\"og:image:type\" content=\"image\/jpeg\" \/>\n<meta name=\"twitter:card\" content=\"summary_large_image\" \/>\n<meta name=\"twitter:label1\" content=\"Est. reading time\" \/>\n\t<meta name=\"twitter:data1\" content=\"1 minute\" \/>\n<script type=\"application\/ld+json\" class=\"yoast-schema-graph\">{\"@context\":\"https:\/\/schema.org\",\"@graph\":[{\"@type\":\"WebPage\",\"@id\":\"https:\/\/rtt.ee\/toode\/kulumaterjalid\/analoog-toonerid\/tooner-must-analoog-hp-83a-cf283a\/\",\"url\":\"https:\/\/rtt.ee\/toode\/kulumaterjalid\/analoog-toonerid\/tooner-must-analoog-hp-83a-cf283a\/\",\"name\":\"Toner black analog HP 83A (CF283A) - Jetworld - RTT\",\"isPartOf\":{\"@id\":\"https:\/\/rtt.ee\/en\/#website\"},\"primaryImageOfPage\":{\"@id\":\"https:\/\/rtt.ee\/toode\/kulumaterjalid\/analoog-toonerid\/tooner-must-analoog-hp-83a-cf283a\/#primaryimage\"},\"image\":{\"@id\":\"https:\/\/rtt.ee\/toode\/kulumaterjalid\/analoog-toonerid\/tooner-must-analoog-hp-83a-cf283a\/#primaryimage\"},\"thumbnailUrl\":\"https:\/\/rtt.ee\/wp-content\/uploads\/2025\/10\/jetworld_toner_bk.jpg\",\"datePublished\":\"2026-01-14T14:29:37+00:00\",\"dateModified\":\"2026-01-29T15:17:02+00:00\",\"description\":\"JetWorld toonerid \u2013 premium-klassi analoogtoonerid n\u00f5udlikule kasutajale. Suurem t\u00e4itekogus, ISO-sertifitseeritud kvaliteet ja 100% \u00fchilduvus.\",\"breadcrumb\":{\"@id\":\"https:\/\/rtt.ee\/toode\/kulumaterjalid\/analoog-toonerid\/tooner-must-analoog-hp-83a-cf283a\/#breadcrumb\"},\"inLanguage\":\"en-US\",\"potentialAction\":[{\"@type\":\"ReadAction\",\"target\":[\"https:\/\/rtt.ee\/toode\/kulumaterjalid\/analoog-toonerid\/tooner-must-analoog-hp-83a-cf283a\/\"]}]},{\"@type\":\"ImageObject\",\"inLanguage\":\"en-US\",\"@id\":\"https:\/\/rtt.ee\/toode\/kulumaterjalid\/analoog-toonerid\/tooner-must-analoog-hp-83a-cf283a\/#primaryimage\",\"url\":\"https:\/\/rtt.ee\/wp-content\/uploads\/2025\/10\/jetworld_toner_bk.jpg\",\"contentUrl\":\"https:\/\/rtt.ee\/wp-content\/uploads\/2025\/10\/jetworld_toner_bk.jpg\",\"width\":700,\"height\":390},{\"@type\":\"BreadcrumbList\",\"@id\":\"https:\/\/rtt.ee\/toode\/kulumaterjalid\/analoog-toonerid\/tooner-must-analoog-hp-83a-cf283a\/#breadcrumb\",\"itemListElement\":[{\"@type\":\"ListItem\",\"position\":1,\"name\":\"Home\",\"item\":\"https:\/\/rtt.ee\/en\/\"},{\"@type\":\"ListItem\",\"position\":2,\"name\":\"Shop\",\"item\":\"https:\/\/rtt.ee\/en\/shop\/\"},{\"@type\":\"ListItem\",\"position\":3,\"name\":\"Consumables\",\"item\":\"https:\/\/rtt.ee\/en\/tootekategooria\/kulumaterjalid-en\/\"},{\"@type\":\"ListItem\",\"position\":4,\"name\":\"Analog toners\",\"item\":\"https:\/\/rtt.ee\/en\/tootekategooria\/kulumaterjalid-en\/analoog-toonerid-en\/\"},{\"@type\":\"ListItem\",\"position\":5,\"name\":\"Toner black analog HP 83A (CF283A) &#8211; Jetworld\"}]},{\"@type\":\"WebSite\",\"@id\":\"https:\/\/rtt.ee\/en\/#website\",\"url\":\"https:\/\/rtt.ee\/en\/\",\"name\":\"RTT\",\"description\":\"Kassaaparaadid ja kontorikaubad\",\"potentialAction\":[{\"@type\":\"SearchAction\",\"target\":{\"@type\":\"EntryPoint\",\"urlTemplate\":\"https:\/\/rtt.ee\/en\/?s={search_term_string}\"},\"query-input\":{\"@type\":\"PropertyValueSpecification\",\"valueRequired\":true,\"valueName\":\"search_term_string\"}}],\"inLanguage\":\"en-US\"}]}<\/script>\n<!-- \/ Yoast SEO plugin. -->","yoast_head_json":{"title":"Toner black analog HP 83A (CF283A) - Jetworld - RTT","description":"JetWorld toonerid \u2013 premium-klassi analoogtoonerid n\u00f5udlikule kasutajale. Suurem t\u00e4itekogus, ISO-sertifitseeritud kvaliteet ja 100% \u00fchilduvus.","robots":{"index":"index","follow":"follow","max-snippet":"max-snippet:-1","max-image-preview":"max-image-preview:large","max-video-preview":"max-video-preview:-1"},"canonical":"https:\/\/rtt.ee\/toode\/kulumaterjalid\/analoog-toonerid\/tooner-must-analoog-hp-83a-cf283a\/","og_locale":"en_US","og_type":"article","og_title":"Toner black analog HP 83A (CF283A) - Jetworld - RTT","og_description":"JetWorld toonerid \u2013 premium-klassi analoogtoonerid n\u00f5udlikule kasutajale. Suurem t\u00e4itekogus, ISO-sertifitseeritud kvaliteet ja 100% \u00fchilduvus.","og_url":"https:\/\/rtt.ee\/toode\/kulumaterjalid\/analoog-toonerid\/tooner-must-analoog-hp-83a-cf283a\/","og_site_name":"RTT","article_modified_time":"2026-01-29T15:17:02+00:00","og_image":[{"width":700,"height":390,"url":"https:\/\/rtt.ee\/wp-content\/uploads\/2025\/10\/jetworld_toner_bk.jpg","type":"image\/jpeg"}],"twitter_card":"summary_large_image","twitter_misc":{"Est. reading time":"1 minute"},"schema":{"@context":"https:\/\/schema.org","@graph":[{"@type":"WebPage","@id":"https:\/\/rtt.ee\/toode\/kulumaterjalid\/analoog-toonerid\/tooner-must-analoog-hp-83a-cf283a\/","url":"https:\/\/rtt.ee\/toode\/kulumaterjalid\/analoog-toonerid\/tooner-must-analoog-hp-83a-cf283a\/","name":"Toner black analog HP 83A (CF283A) - Jetworld - RTT","isPartOf":{"@id":"https:\/\/rtt.ee\/en\/#website"},"primaryImageOfPage":{"@id":"https:\/\/rtt.ee\/toode\/kulumaterjalid\/analoog-toonerid\/tooner-must-analoog-hp-83a-cf283a\/#primaryimage"},"image":{"@id":"https:\/\/rtt.ee\/toode\/kulumaterjalid\/analoog-toonerid\/tooner-must-analoog-hp-83a-cf283a\/#primaryimage"},"thumbnailUrl":"https:\/\/rtt.ee\/wp-content\/uploads\/2025\/10\/jetworld_toner_bk.jpg","datePublished":"2026-01-14T14:29:37+00:00","dateModified":"2026-01-29T15:17:02+00:00","description":"JetWorld toonerid \u2013 premium-klassi analoogtoonerid n\u00f5udlikule kasutajale. Suurem t\u00e4itekogus, ISO-sertifitseeritud kvaliteet ja 100% \u00fchilduvus.","breadcrumb":{"@id":"https:\/\/rtt.ee\/toode\/kulumaterjalid\/analoog-toonerid\/tooner-must-analoog-hp-83a-cf283a\/#breadcrumb"},"inLanguage":"en-US","potentialAction":[{"@type":"ReadAction","target":["https:\/\/rtt.ee\/toode\/kulumaterjalid\/analoog-toonerid\/tooner-must-analoog-hp-83a-cf283a\/"]}]},{"@type":"ImageObject","inLanguage":"en-US","@id":"https:\/\/rtt.ee\/toode\/kulumaterjalid\/analoog-toonerid\/tooner-must-analoog-hp-83a-cf283a\/#primaryimage","url":"https:\/\/rtt.ee\/wp-content\/uploads\/2025\/10\/jetworld_toner_bk.jpg","contentUrl":"https:\/\/rtt.ee\/wp-content\/uploads\/2025\/10\/jetworld_toner_bk.jpg","width":700,"height":390},{"@type":"BreadcrumbList","@id":"https:\/\/rtt.ee\/toode\/kulumaterjalid\/analoog-toonerid\/tooner-must-analoog-hp-83a-cf283a\/#breadcrumb","itemListElement":[{"@type":"ListItem","position":1,"name":"Home","item":"https:\/\/rtt.ee\/en\/"},{"@type":"ListItem","position":2,"name":"Shop","item":"https:\/\/rtt.ee\/en\/shop\/"},{"@type":"ListItem","position":3,"name":"Consumables","item":"https:\/\/rtt.ee\/en\/tootekategooria\/kulumaterjalid-en\/"},{"@type":"ListItem","position":4,"name":"Analog toners","item":"https:\/\/rtt.ee\/en\/tootekategooria\/kulumaterjalid-en\/analoog-toonerid-en\/"},{"@type":"ListItem","position":5,"name":"Toner black analog HP 83A (CF283A) &#8211; Jetworld"}]},{"@type":"WebSite","@id":"https:\/\/rtt.ee\/en\/#website","url":"https:\/\/rtt.ee\/en\/","name":"RTT","description":"Kassaaparaadid ja kontorikaubad","potentialAction":[{"@type":"SearchAction","target":{"@type":"EntryPoint","urlTemplate":"https:\/\/rtt.ee\/en\/?s={search_term_string}"},"query-input":{"@type":"PropertyValueSpecification","valueRequired":true,"valueName":"search_term_string"}}],"inLanguage":"en-US"}]}},"_links":{"self":[{"href":"https:\/\/rtt.ee\/en\/wp-json\/wp\/v2\/product\/14822","targetHints":{"allow":["GET"]}}],"collection":[{"href":"https:\/\/rtt.ee\/en\/wp-json\/wp\/v2\/product"}],"about":[{"href":"https:\/\/rtt.ee\/en\/wp-json\/wp\/v2\/types\/product"}],"wp:featuredmedia":[{"embeddable":true,"href":"https:\/\/rtt.ee\/en\/wp-json\/wp\/v2\/media\/13213"}],"wp:attachment":[{"href":"https:\/\/rtt.ee\/en\/wp-json\/wp\/v2\/media?parent=14822"}],"wp:term":[{"taxonomy":"product_brand","embeddable":true,"href":"https:\/\/rtt.ee\/en\/wp-json\/wp\/v2\/product_brand?post=14822"},{"taxonomy":"product_cat","embeddable":true,"href":"https:\/\/rtt.ee\/en\/wp-json\/wp\/v2\/product_cat?post=14822"},{"taxonomy":"product_tag","embeddable":true,"href":"https:\/\/rtt.ee\/en\/wp-json\/wp\/v2\/product_tag?post=14822"}],"curies":[{"name":"wp","href":"https:\/\/api.w.org\/{rel}","templated":true}]}}