{"id":14358,"date":"2025-12-17T16:21:48","date_gmt":"2025-12-17T14:21:48","guid":{"rendered":"https:\/\/rtt.ee\/toode\/uncategorized\/trukilint-evolis-must-primacy-2-zenius-2\/"},"modified":"2025-12-22T14:45:57","modified_gmt":"2025-12-22T12:45:57","slug":"trukilint-evolis-must-primacy-2-zenius-2","status":"publish","type":"product","link":"https:\/\/rtt.ee\/en\/toode\/kulumaterjalid-en\/card-printer-consumables-en\/trukilint-evolis-must-primacy-2-zenius-2\/","title":{"rendered":"Evolis Black ribbon &#8211; Primacy 2 \/ Zenius 2"},"content":{"rendered":"<p>Black ribbon<\/p>\n<p>Prints 1000 images per roll<\/p>\n<div class=\"d-flex flex-column me-auto\">\n<div class=\"field field--name-field-description-ref field--type-entity-reference field--label-hidden field__item\">\n<div><span class=\"long-description\">For: Evolis Primacy 2, Evolis Zenius 2<\/span><\/div>\n<\/div>\n<\/div>\n","protected":false},"excerpt":{"rendered":"<p>Black ribbon Prints 1000 images per roll For: Evolis Primacy 2, Evolis Zenius 2<\/p>\n","protected":false},"featured_media":8949,"template":"","meta":{"_acf_changed":false},"product_brand":[410],"product_cat":[342],"product_tag":[],"class_list":{"0":"post-14358","1":"product","2":"type-product","3":"status-publish","4":"has-post-thumbnail","6":"product_brand-evolis","7":"product_cat-card-printer-consumables-en","8":"product_brands-evolis-en","10":"first","11":"instock","12":"taxable","13":"shipping-taxable","14":"purchasable","15":"product-type-simple"},"acf":[],"yoast_head":"<!-- This site is optimized with the Yoast SEO plugin v26.2 - https:\/\/yoast.com\/wordpress\/plugins\/seo\/ -->\n<title>Evolis Black ribbon - Primacy 2 \/ Zenius 2 - RTT<\/title>\n<meta name=\"description\" content=\"Evolis RCT223NAAA on must monokroomlint, mis sobib Zenius 2 ja Primacy 2 kaardiprinteritele. \u00dche rulliga saab tr\u00fckkida kuni 2000 kaarti mustas v\u00e4rvis (tekstid, jooned, triipkoodid).\" \/>\n<meta name=\"robots\" content=\"index, follow, max-snippet:-1, max-image-preview:large, max-video-preview:-1\" \/>\n<link rel=\"canonical\" href=\"https:\/\/rtt.ee\/toode\/kulumaterjalid\/kaardiprinterite-kulumaterjalid\/trukilint-evolis-must-primacy-2-zenius-2\/\" \/>\n<meta property=\"og:locale\" content=\"en_US\" \/>\n<meta property=\"og:type\" content=\"article\" \/>\n<meta property=\"og:title\" content=\"Evolis Black ribbon - Primacy 2 \/ Zenius 2 - RTT\" \/>\n<meta property=\"og:description\" content=\"Evolis RCT223NAAA on must monokroomlint, mis sobib Zenius 2 ja Primacy 2 kaardiprinteritele. \u00dche rulliga saab tr\u00fckkida kuni 2000 kaarti mustas v\u00e4rvis (tekstid, jooned, triipkoodid).\" \/>\n<meta property=\"og:url\" content=\"https:\/\/rtt.ee\/toode\/kulumaterjalid\/kaardiprinterite-kulumaterjalid\/trukilint-evolis-must-primacy-2-zenius-2\/\" \/>\n<meta property=\"og:site_name\" content=\"RTT\" \/>\n<meta property=\"article:modified_time\" content=\"2025-12-22T12:45:57+00:00\" \/>\n<meta property=\"og:image\" content=\"https:\/\/rtt.ee\/wp-content\/uploads\/2022\/10\/Black_mono_RCT023NAA-scaled.jpg\" \/>\n\t<meta property=\"og:image:width\" content=\"2560\" \/>\n\t<meta property=\"og:image:height\" content=\"2116\" \/>\n\t<meta property=\"og:image:type\" content=\"image\/jpeg\" \/>\n<meta name=\"twitter:card\" content=\"summary_large_image\" \/>\n<meta name=\"twitter:label1\" content=\"Est. reading time\" \/>\n\t<meta name=\"twitter:data1\" content=\"1 minute\" \/>\n<script type=\"application\/ld+json\" class=\"yoast-schema-graph\">{\"@context\":\"https:\/\/schema.org\",\"@graph\":[{\"@type\":\"WebPage\",\"@id\":\"https:\/\/rtt.ee\/toode\/kulumaterjalid\/kaardiprinterite-kulumaterjalid\/trukilint-evolis-must-primacy-2-zenius-2\/\",\"url\":\"https:\/\/rtt.ee\/toode\/kulumaterjalid\/kaardiprinterite-kulumaterjalid\/trukilint-evolis-must-primacy-2-zenius-2\/\",\"name\":\"Evolis Black ribbon - Primacy 2 \/ Zenius 2 - RTT\",\"isPartOf\":{\"@id\":\"https:\/\/rtt.ee\/en\/#website\"},\"primaryImageOfPage\":{\"@id\":\"https:\/\/rtt.ee\/toode\/kulumaterjalid\/kaardiprinterite-kulumaterjalid\/trukilint-evolis-must-primacy-2-zenius-2\/#primaryimage\"},\"image\":{\"@id\":\"https:\/\/rtt.ee\/toode\/kulumaterjalid\/kaardiprinterite-kulumaterjalid\/trukilint-evolis-must-primacy-2-zenius-2\/#primaryimage\"},\"thumbnailUrl\":\"https:\/\/rtt.ee\/wp-content\/uploads\/2022\/10\/Black_mono_RCT023NAA-scaled.jpg\",\"datePublished\":\"2025-12-17T14:21:48+00:00\",\"dateModified\":\"2025-12-22T12:45:57+00:00\",\"description\":\"Evolis RCT223NAAA on must monokroomlint, mis sobib Zenius 2 ja Primacy 2 kaardiprinteritele. \u00dche rulliga saab tr\u00fckkida kuni 2000 kaarti mustas v\u00e4rvis (tekstid, jooned, triipkoodid).\",\"breadcrumb\":{\"@id\":\"https:\/\/rtt.ee\/toode\/kulumaterjalid\/kaardiprinterite-kulumaterjalid\/trukilint-evolis-must-primacy-2-zenius-2\/#breadcrumb\"},\"inLanguage\":\"en-US\",\"potentialAction\":[{\"@type\":\"ReadAction\",\"target\":[\"https:\/\/rtt.ee\/toode\/kulumaterjalid\/kaardiprinterite-kulumaterjalid\/trukilint-evolis-must-primacy-2-zenius-2\/\"]}]},{\"@type\":\"ImageObject\",\"inLanguage\":\"en-US\",\"@id\":\"https:\/\/rtt.ee\/toode\/kulumaterjalid\/kaardiprinterite-kulumaterjalid\/trukilint-evolis-must-primacy-2-zenius-2\/#primaryimage\",\"url\":\"https:\/\/rtt.ee\/wp-content\/uploads\/2022\/10\/Black_mono_RCT023NAA-scaled.jpg\",\"contentUrl\":\"https:\/\/rtt.ee\/wp-content\/uploads\/2022\/10\/Black_mono_RCT023NAA-scaled.jpg\",\"width\":2560,\"height\":2116,\"caption\":\"EVOLIS CONSOMMABLES\"},{\"@type\":\"BreadcrumbList\",\"@id\":\"https:\/\/rtt.ee\/toode\/kulumaterjalid\/kaardiprinterite-kulumaterjalid\/trukilint-evolis-must-primacy-2-zenius-2\/#breadcrumb\",\"itemListElement\":[{\"@type\":\"ListItem\",\"position\":1,\"name\":\"Home\",\"item\":\"https:\/\/rtt.ee\/en\/\"},{\"@type\":\"ListItem\",\"position\":2,\"name\":\"Shop\",\"item\":\"https:\/\/rtt.ee\/en\/shop\/\"},{\"@type\":\"ListItem\",\"position\":3,\"name\":\"Consumables\",\"item\":\"https:\/\/rtt.ee\/en\/tootekategooria\/kulumaterjalid-en\/\"},{\"@type\":\"ListItem\",\"position\":4,\"name\":\"Kaardiprinterite kulumaterjalid\",\"item\":\"https:\/\/rtt.ee\/tootekategooria\/kulumaterjalid\/kaardiprinterite-kulumaterjalid\/\"},{\"@type\":\"ListItem\",\"position\":5,\"name\":\"Evolis Black ribbon &#8211; Primacy 2 \/ Zenius 2\"}]},{\"@type\":\"WebSite\",\"@id\":\"https:\/\/rtt.ee\/en\/#website\",\"url\":\"https:\/\/rtt.ee\/en\/\",\"name\":\"RTT\",\"description\":\"Kassaaparaadid ja kontorikaubad\",\"potentialAction\":[{\"@type\":\"SearchAction\",\"target\":{\"@type\":\"EntryPoint\",\"urlTemplate\":\"https:\/\/rtt.ee\/en\/?s={search_term_string}\"},\"query-input\":{\"@type\":\"PropertyValueSpecification\",\"valueRequired\":true,\"valueName\":\"search_term_string\"}}],\"inLanguage\":\"en-US\"}]}<\/script>\n<!-- \/ Yoast SEO plugin. -->","yoast_head_json":{"title":"Evolis Black ribbon - Primacy 2 \/ Zenius 2 - RTT","description":"Evolis RCT223NAAA on must monokroomlint, mis sobib Zenius 2 ja Primacy 2 kaardiprinteritele. \u00dche rulliga saab tr\u00fckkida kuni 2000 kaarti mustas v\u00e4rvis (tekstid, jooned, triipkoodid).","robots":{"index":"index","follow":"follow","max-snippet":"max-snippet:-1","max-image-preview":"max-image-preview:large","max-video-preview":"max-video-preview:-1"},"canonical":"https:\/\/rtt.ee\/toode\/kulumaterjalid\/kaardiprinterite-kulumaterjalid\/trukilint-evolis-must-primacy-2-zenius-2\/","og_locale":"en_US","og_type":"article","og_title":"Evolis Black ribbon - Primacy 2 \/ Zenius 2 - RTT","og_description":"Evolis RCT223NAAA on must monokroomlint, mis sobib Zenius 2 ja Primacy 2 kaardiprinteritele. \u00dche rulliga saab tr\u00fckkida kuni 2000 kaarti mustas v\u00e4rvis (tekstid, jooned, triipkoodid).","og_url":"https:\/\/rtt.ee\/toode\/kulumaterjalid\/kaardiprinterite-kulumaterjalid\/trukilint-evolis-must-primacy-2-zenius-2\/","og_site_name":"RTT","article_modified_time":"2025-12-22T12:45:57+00:00","og_image":[{"width":2560,"height":2116,"url":"https:\/\/rtt.ee\/wp-content\/uploads\/2022\/10\/Black_mono_RCT023NAA-scaled.jpg","type":"image\/jpeg"}],"twitter_card":"summary_large_image","twitter_misc":{"Est. reading time":"1 minute"},"schema":{"@context":"https:\/\/schema.org","@graph":[{"@type":"WebPage","@id":"https:\/\/rtt.ee\/toode\/kulumaterjalid\/kaardiprinterite-kulumaterjalid\/trukilint-evolis-must-primacy-2-zenius-2\/","url":"https:\/\/rtt.ee\/toode\/kulumaterjalid\/kaardiprinterite-kulumaterjalid\/trukilint-evolis-must-primacy-2-zenius-2\/","name":"Evolis Black ribbon - Primacy 2 \/ Zenius 2 - RTT","isPartOf":{"@id":"https:\/\/rtt.ee\/en\/#website"},"primaryImageOfPage":{"@id":"https:\/\/rtt.ee\/toode\/kulumaterjalid\/kaardiprinterite-kulumaterjalid\/trukilint-evolis-must-primacy-2-zenius-2\/#primaryimage"},"image":{"@id":"https:\/\/rtt.ee\/toode\/kulumaterjalid\/kaardiprinterite-kulumaterjalid\/trukilint-evolis-must-primacy-2-zenius-2\/#primaryimage"},"thumbnailUrl":"https:\/\/rtt.ee\/wp-content\/uploads\/2022\/10\/Black_mono_RCT023NAA-scaled.jpg","datePublished":"2025-12-17T14:21:48+00:00","dateModified":"2025-12-22T12:45:57+00:00","description":"Evolis RCT223NAAA on must monokroomlint, mis sobib Zenius 2 ja Primacy 2 kaardiprinteritele. \u00dche rulliga saab tr\u00fckkida kuni 2000 kaarti mustas v\u00e4rvis (tekstid, jooned, triipkoodid).","breadcrumb":{"@id":"https:\/\/rtt.ee\/toode\/kulumaterjalid\/kaardiprinterite-kulumaterjalid\/trukilint-evolis-must-primacy-2-zenius-2\/#breadcrumb"},"inLanguage":"en-US","potentialAction":[{"@type":"ReadAction","target":["https:\/\/rtt.ee\/toode\/kulumaterjalid\/kaardiprinterite-kulumaterjalid\/trukilint-evolis-must-primacy-2-zenius-2\/"]}]},{"@type":"ImageObject","inLanguage":"en-US","@id":"https:\/\/rtt.ee\/toode\/kulumaterjalid\/kaardiprinterite-kulumaterjalid\/trukilint-evolis-must-primacy-2-zenius-2\/#primaryimage","url":"https:\/\/rtt.ee\/wp-content\/uploads\/2022\/10\/Black_mono_RCT023NAA-scaled.jpg","contentUrl":"https:\/\/rtt.ee\/wp-content\/uploads\/2022\/10\/Black_mono_RCT023NAA-scaled.jpg","width":2560,"height":2116,"caption":"EVOLIS CONSOMMABLES"},{"@type":"BreadcrumbList","@id":"https:\/\/rtt.ee\/toode\/kulumaterjalid\/kaardiprinterite-kulumaterjalid\/trukilint-evolis-must-primacy-2-zenius-2\/#breadcrumb","itemListElement":[{"@type":"ListItem","position":1,"name":"Home","item":"https:\/\/rtt.ee\/en\/"},{"@type":"ListItem","position":2,"name":"Shop","item":"https:\/\/rtt.ee\/en\/shop\/"},{"@type":"ListItem","position":3,"name":"Consumables","item":"https:\/\/rtt.ee\/en\/tootekategooria\/kulumaterjalid-en\/"},{"@type":"ListItem","position":4,"name":"Kaardiprinterite kulumaterjalid","item":"https:\/\/rtt.ee\/tootekategooria\/kulumaterjalid\/kaardiprinterite-kulumaterjalid\/"},{"@type":"ListItem","position":5,"name":"Evolis Black ribbon &#8211; Primacy 2 \/ Zenius 2"}]},{"@type":"WebSite","@id":"https:\/\/rtt.ee\/en\/#website","url":"https:\/\/rtt.ee\/en\/","name":"RTT","description":"Kassaaparaadid ja kontorikaubad","potentialAction":[{"@type":"SearchAction","target":{"@type":"EntryPoint","urlTemplate":"https:\/\/rtt.ee\/en\/?s={search_term_string}"},"query-input":{"@type":"PropertyValueSpecification","valueRequired":true,"valueName":"search_term_string"}}],"inLanguage":"en-US"}]}},"_links":{"self":[{"href":"https:\/\/rtt.ee\/en\/wp-json\/wp\/v2\/product\/14358","targetHints":{"allow":["GET"]}}],"collection":[{"href":"https:\/\/rtt.ee\/en\/wp-json\/wp\/v2\/product"}],"about":[{"href":"https:\/\/rtt.ee\/en\/wp-json\/wp\/v2\/types\/product"}],"wp:featuredmedia":[{"embeddable":true,"href":"https:\/\/rtt.ee\/en\/wp-json\/wp\/v2\/media\/8949"}],"wp:attachment":[{"href":"https:\/\/rtt.ee\/en\/wp-json\/wp\/v2\/media?parent=14358"}],"wp:term":[{"taxonomy":"product_brand","embeddable":true,"href":"https:\/\/rtt.ee\/en\/wp-json\/wp\/v2\/product_brand?post=14358"},{"taxonomy":"product_cat","embeddable":true,"href":"https:\/\/rtt.ee\/en\/wp-json\/wp\/v2\/product_cat?post=14358"},{"taxonomy":"product_tag","embeddable":true,"href":"https:\/\/rtt.ee\/en\/wp-json\/wp\/v2\/product_tag?post=14358"}],"curies":[{"name":"wp","href":"https:\/\/api.w.org\/{rel}","templated":true}]}}