{"id":14328,"date":"2025-12-16T11:52:38","date_gmt":"2025-12-16T09:52:38","guid":{"rendered":"https:\/\/rtt.ee\/toode\/uncategorized\/tint-must-epson-112-t06c1\/"},"modified":"2025-12-16T14:05:27","modified_gmt":"2025-12-16T12:05:27","slug":"tint-must-epson-112-t06c1","status":"publish","type":"product","link":"https:\/\/rtt.ee\/en\/toode\/kulumaterjalid-en\/tindid-en\/tint-must-epson-112-t06c1\/","title":{"rendered":"Epson EcoTank 112 Pigment black ink bottle"},"content":{"rendered":"<p>Epson EcoTank L6460, L6490, L6550, L6570, L11160, L15150, L15160, M15140<\/p>\n<p>Epson EcoTank Pro L6580, L15180<\/p>\n<p>Yield 7500 pages<\/p>\n","protected":false},"excerpt":{"rendered":"<p>Epson EcoTank L6460, L6490, L6550, L6570, L11160, L15150, L15160, M15140 Epson EcoTank Pro L6580, L15180 Yield 7500 pages<\/p>\n","protected":false},"featured_media":14332,"template":"","meta":{"_acf_changed":false},"product_brand":[405],"product_cat":[163],"product_tag":[],"class_list":{"0":"post-14328","1":"product","2":"type-product","3":"status-publish","4":"has-post-thumbnail","6":"product_brand-epson","7":"product_cat-tindid-en","8":"product_brands-epson-en","10":"first","11":"onbackorder","12":"taxable","13":"shipping-taxable","14":"purchasable","15":"product-type-simple"},"acf":[],"yoast_head":"<!-- This site is optimized with the Yoast SEO plugin v26.2 - https:\/\/yoast.com\/wordpress\/plugins\/seo\/ -->\n<title>Epson EcoTank 112 Pigment black ink bottle - RTT<\/title>\n<meta name=\"description\" content=\"Epson 112 EcoTank Pigment Must tindipudel (127 ml, C13T06C14A) tagab kiirelt kuivava, m\u00e4\u00e4rdumiskindla ja markerikindla tr\u00fcki.\" \/>\n<meta name=\"robots\" content=\"index, follow, max-snippet:-1, max-image-preview:large, max-video-preview:-1\" \/>\n<link rel=\"canonical\" href=\"https:\/\/rtt.ee\/en\/toode\/kulumaterjalid-en\/tindid-en\/tint-must-epson-112-t06c1\/\" \/>\n<meta property=\"og:locale\" content=\"en_US\" \/>\n<meta property=\"og:type\" content=\"article\" \/>\n<meta property=\"og:title\" content=\"Epson EcoTank 112 Pigment black ink bottle - RTT\" \/>\n<meta property=\"og:description\" content=\"Epson 112 EcoTank Pigment Must tindipudel (127 ml, C13T06C14A) tagab kiirelt kuivava, m\u00e4\u00e4rdumiskindla ja markerikindla tr\u00fcki.\" \/>\n<meta property=\"og:url\" content=\"https:\/\/rtt.ee\/en\/toode\/kulumaterjalid-en\/tindid-en\/tint-must-epson-112-t06c1\/\" \/>\n<meta property=\"og:site_name\" content=\"RTT\" \/>\n<meta property=\"article:modified_time\" content=\"2025-12-16T12:05:27+00:00\" \/>\n<meta property=\"og:image\" content=\"https:\/\/rtt.ee\/wp-content\/uploads\/2025\/12\/Epson-tindid.jpg\" \/>\n\t<meta property=\"og:image:width\" content=\"505\" \/>\n\t<meta property=\"og:image:height\" content=\"462\" \/>\n\t<meta property=\"og:image:type\" content=\"image\/jpeg\" \/>\n<meta name=\"twitter:card\" content=\"summary_large_image\" \/>\n<meta name=\"twitter:label1\" content=\"Est. reading time\" \/>\n\t<meta name=\"twitter:data1\" content=\"1 minute\" \/>\n<script type=\"application\/ld+json\" class=\"yoast-schema-graph\">{\"@context\":\"https:\/\/schema.org\",\"@graph\":[{\"@type\":\"WebPage\",\"@id\":\"https:\/\/rtt.ee\/en\/toode\/kulumaterjalid-en\/tindid-en\/tint-must-epson-112-t06c1\/\",\"url\":\"https:\/\/rtt.ee\/en\/toode\/kulumaterjalid-en\/tindid-en\/tint-must-epson-112-t06c1\/\",\"name\":\"Epson EcoTank 112 Pigment black ink bottle - RTT\",\"isPartOf\":{\"@id\":\"https:\/\/rtt.ee\/en\/#website\"},\"primaryImageOfPage\":{\"@id\":\"https:\/\/rtt.ee\/en\/toode\/kulumaterjalid-en\/tindid-en\/tint-must-epson-112-t06c1\/#primaryimage\"},\"image\":{\"@id\":\"https:\/\/rtt.ee\/en\/toode\/kulumaterjalid-en\/tindid-en\/tint-must-epson-112-t06c1\/#primaryimage\"},\"thumbnailUrl\":\"https:\/\/rtt.ee\/wp-content\/uploads\/2025\/12\/Epson-tindid.jpg\",\"datePublished\":\"2025-12-16T09:52:38+00:00\",\"dateModified\":\"2025-12-16T12:05:27+00:00\",\"description\":\"Epson 112 EcoTank Pigment Must tindipudel (127 ml, C13T06C14A) tagab kiirelt kuivava, m\u00e4\u00e4rdumiskindla ja markerikindla tr\u00fcki.\",\"breadcrumb\":{\"@id\":\"https:\/\/rtt.ee\/en\/toode\/kulumaterjalid-en\/tindid-en\/tint-must-epson-112-t06c1\/#breadcrumb\"},\"inLanguage\":\"en-US\",\"potentialAction\":[{\"@type\":\"ReadAction\",\"target\":[\"https:\/\/rtt.ee\/en\/toode\/kulumaterjalid-en\/tindid-en\/tint-must-epson-112-t06c1\/\"]}]},{\"@type\":\"ImageObject\",\"inLanguage\":\"en-US\",\"@id\":\"https:\/\/rtt.ee\/en\/toode\/kulumaterjalid-en\/tindid-en\/tint-must-epson-112-t06c1\/#primaryimage\",\"url\":\"https:\/\/rtt.ee\/wp-content\/uploads\/2025\/12\/Epson-tindid.jpg\",\"contentUrl\":\"https:\/\/rtt.ee\/wp-content\/uploads\/2025\/12\/Epson-tindid.jpg\",\"width\":505,\"height\":462},{\"@type\":\"BreadcrumbList\",\"@id\":\"https:\/\/rtt.ee\/en\/toode\/kulumaterjalid-en\/tindid-en\/tint-must-epson-112-t06c1\/#breadcrumb\",\"itemListElement\":[{\"@type\":\"ListItem\",\"position\":1,\"name\":\"Home\",\"item\":\"https:\/\/rtt.ee\/en\/\"},{\"@type\":\"ListItem\",\"position\":2,\"name\":\"Shop\",\"item\":\"https:\/\/rtt.ee\/en\/shop\/\"},{\"@type\":\"ListItem\",\"position\":3,\"name\":\"Kulumaterjalid\",\"item\":\"https:\/\/rtt.ee\/tootekategooria\/kulumaterjalid\/\"},{\"@type\":\"ListItem\",\"position\":4,\"name\":\"Tindid\",\"item\":\"https:\/\/rtt.ee\/tootekategooria\/kulumaterjalid\/tindid\/\"},{\"@type\":\"ListItem\",\"position\":5,\"name\":\"Epson EcoTank 112 Pigment black ink bottle\"}]},{\"@type\":\"WebSite\",\"@id\":\"https:\/\/rtt.ee\/en\/#website\",\"url\":\"https:\/\/rtt.ee\/en\/\",\"name\":\"RTT\",\"description\":\"Kassaaparaadid ja kontorikaubad\",\"potentialAction\":[{\"@type\":\"SearchAction\",\"target\":{\"@type\":\"EntryPoint\",\"urlTemplate\":\"https:\/\/rtt.ee\/en\/?s={search_term_string}\"},\"query-input\":{\"@type\":\"PropertyValueSpecification\",\"valueRequired\":true,\"valueName\":\"search_term_string\"}}],\"inLanguage\":\"en-US\"}]}<\/script>\n<!-- \/ Yoast SEO plugin. -->","yoast_head_json":{"title":"Epson EcoTank 112 Pigment black ink bottle - RTT","description":"Epson 112 EcoTank Pigment Must tindipudel (127 ml, C13T06C14A) tagab kiirelt kuivava, m\u00e4\u00e4rdumiskindla ja markerikindla tr\u00fcki.","robots":{"index":"index","follow":"follow","max-snippet":"max-snippet:-1","max-image-preview":"max-image-preview:large","max-video-preview":"max-video-preview:-1"},"canonical":"https:\/\/rtt.ee\/en\/toode\/kulumaterjalid-en\/tindid-en\/tint-must-epson-112-t06c1\/","og_locale":"en_US","og_type":"article","og_title":"Epson EcoTank 112 Pigment black ink bottle - RTT","og_description":"Epson 112 EcoTank Pigment Must tindipudel (127 ml, C13T06C14A) tagab kiirelt kuivava, m\u00e4\u00e4rdumiskindla ja markerikindla tr\u00fcki.","og_url":"https:\/\/rtt.ee\/en\/toode\/kulumaterjalid-en\/tindid-en\/tint-must-epson-112-t06c1\/","og_site_name":"RTT","article_modified_time":"2025-12-16T12:05:27+00:00","og_image":[{"width":505,"height":462,"url":"https:\/\/rtt.ee\/wp-content\/uploads\/2025\/12\/Epson-tindid.jpg","type":"image\/jpeg"}],"twitter_card":"summary_large_image","twitter_misc":{"Est. reading time":"1 minute"},"schema":{"@context":"https:\/\/schema.org","@graph":[{"@type":"WebPage","@id":"https:\/\/rtt.ee\/en\/toode\/kulumaterjalid-en\/tindid-en\/tint-must-epson-112-t06c1\/","url":"https:\/\/rtt.ee\/en\/toode\/kulumaterjalid-en\/tindid-en\/tint-must-epson-112-t06c1\/","name":"Epson EcoTank 112 Pigment black ink bottle - RTT","isPartOf":{"@id":"https:\/\/rtt.ee\/en\/#website"},"primaryImageOfPage":{"@id":"https:\/\/rtt.ee\/en\/toode\/kulumaterjalid-en\/tindid-en\/tint-must-epson-112-t06c1\/#primaryimage"},"image":{"@id":"https:\/\/rtt.ee\/en\/toode\/kulumaterjalid-en\/tindid-en\/tint-must-epson-112-t06c1\/#primaryimage"},"thumbnailUrl":"https:\/\/rtt.ee\/wp-content\/uploads\/2025\/12\/Epson-tindid.jpg","datePublished":"2025-12-16T09:52:38+00:00","dateModified":"2025-12-16T12:05:27+00:00","description":"Epson 112 EcoTank Pigment Must tindipudel (127 ml, C13T06C14A) tagab kiirelt kuivava, m\u00e4\u00e4rdumiskindla ja markerikindla tr\u00fcki.","breadcrumb":{"@id":"https:\/\/rtt.ee\/en\/toode\/kulumaterjalid-en\/tindid-en\/tint-must-epson-112-t06c1\/#breadcrumb"},"inLanguage":"en-US","potentialAction":[{"@type":"ReadAction","target":["https:\/\/rtt.ee\/en\/toode\/kulumaterjalid-en\/tindid-en\/tint-must-epson-112-t06c1\/"]}]},{"@type":"ImageObject","inLanguage":"en-US","@id":"https:\/\/rtt.ee\/en\/toode\/kulumaterjalid-en\/tindid-en\/tint-must-epson-112-t06c1\/#primaryimage","url":"https:\/\/rtt.ee\/wp-content\/uploads\/2025\/12\/Epson-tindid.jpg","contentUrl":"https:\/\/rtt.ee\/wp-content\/uploads\/2025\/12\/Epson-tindid.jpg","width":505,"height":462},{"@type":"BreadcrumbList","@id":"https:\/\/rtt.ee\/en\/toode\/kulumaterjalid-en\/tindid-en\/tint-must-epson-112-t06c1\/#breadcrumb","itemListElement":[{"@type":"ListItem","position":1,"name":"Home","item":"https:\/\/rtt.ee\/en\/"},{"@type":"ListItem","position":2,"name":"Shop","item":"https:\/\/rtt.ee\/en\/shop\/"},{"@type":"ListItem","position":3,"name":"Kulumaterjalid","item":"https:\/\/rtt.ee\/tootekategooria\/kulumaterjalid\/"},{"@type":"ListItem","position":4,"name":"Tindid","item":"https:\/\/rtt.ee\/tootekategooria\/kulumaterjalid\/tindid\/"},{"@type":"ListItem","position":5,"name":"Epson EcoTank 112 Pigment black ink bottle"}]},{"@type":"WebSite","@id":"https:\/\/rtt.ee\/en\/#website","url":"https:\/\/rtt.ee\/en\/","name":"RTT","description":"Kassaaparaadid ja kontorikaubad","potentialAction":[{"@type":"SearchAction","target":{"@type":"EntryPoint","urlTemplate":"https:\/\/rtt.ee\/en\/?s={search_term_string}"},"query-input":{"@type":"PropertyValueSpecification","valueRequired":true,"valueName":"search_term_string"}}],"inLanguage":"en-US"}]}},"_links":{"self":[{"href":"https:\/\/rtt.ee\/en\/wp-json\/wp\/v2\/product\/14328","targetHints":{"allow":["GET"]}}],"collection":[{"href":"https:\/\/rtt.ee\/en\/wp-json\/wp\/v2\/product"}],"about":[{"href":"https:\/\/rtt.ee\/en\/wp-json\/wp\/v2\/types\/product"}],"wp:featuredmedia":[{"embeddable":true,"href":"https:\/\/rtt.ee\/en\/wp-json\/wp\/v2\/media\/14332"}],"wp:attachment":[{"href":"https:\/\/rtt.ee\/en\/wp-json\/wp\/v2\/media?parent=14328"}],"wp:term":[{"taxonomy":"product_brand","embeddable":true,"href":"https:\/\/rtt.ee\/en\/wp-json\/wp\/v2\/product_brand?post=14328"},{"taxonomy":"product_cat","embeddable":true,"href":"https:\/\/rtt.ee\/en\/wp-json\/wp\/v2\/product_cat?post=14328"},{"taxonomy":"product_tag","embeddable":true,"href":"https:\/\/rtt.ee\/en\/wp-json\/wp\/v2\/product_tag?post=14328"}],"curies":[{"name":"wp","href":"https:\/\/api.w.org\/{rel}","templated":true}]}}