{"id":14296,"date":"2025-12-15T11:40:31","date_gmt":"2025-12-15T09:40:31","guid":{"rendered":"https:\/\/rtt.ee\/toode\/uncategorized\/tooner-must-analoog-samsung-mlt-d101s\/"},"modified":"2025-12-15T13:21:53","modified_gmt":"2025-12-15T11:21:53","slug":"tooner-must-analoog-samsung-mlt-d101s","status":"publish","type":"product","link":"https:\/\/rtt.ee\/en\/toode\/kulumaterjalid-en\/analoog-toonerid-en\/tooner-must-analoog-samsung-mlt-d101s\/","title":{"rendered":"Toner black analog Samsung MLT-D101S &#8211; Jetworld"},"content":{"rendered":"<p>Samsung ML-2160, Samsung ML-2164, Samsung ML-2165, Samsung ML-2165W, Samsung SCX-3400, Samsung SCX-3405F, Samsung SCX-3405FW, Samsung SCX-3405W<\/p>\n<p>Yield 1500 pages<\/p>\n","protected":false},"excerpt":{"rendered":"<p>Samsung ML-2160, Samsung ML-2164, Samsung ML-2165, Samsung ML-2165W, Samsung SCX-3400, Samsung SCX-3405F, Samsung SCX-3405FW, Samsung SCX-3405W Yield 1500 pages<\/p>\n","protected":false},"featured_media":13213,"template":"","meta":{"_acf_changed":false},"product_brand":[406],"product_cat":[156],"product_tag":[],"class_list":{"0":"post-14296","1":"product","2":"type-product","3":"status-publish","4":"has-post-thumbnail","6":"product_brand-jetworld","7":"product_cat-analoog-toonerid-en","8":"product_brands-jetworld-en","10":"first","11":"onbackorder","12":"taxable","13":"shipping-taxable","14":"purchasable","15":"product-type-simple"},"acf":[],"yoast_head":"<!-- This site is optimized with the Yoast SEO plugin v26.2 - https:\/\/yoast.com\/wordpress\/plugins\/seo\/ -->\n<title>Toner black analog Samsung MLT-D101S - Jetworld - RTT<\/title>\n<meta name=\"description\" content=\"SAMSUNG MLT-D101S must tooner JetWorld \u2013 kvaliteetne analoog, kuni 1500 lehek\u00fclge. Soodne ja t\u00f6\u00f6kindel valik igap\u00e4evaseks printimiseks.\" \/>\n<meta name=\"robots\" content=\"index, follow, max-snippet:-1, max-image-preview:large, max-video-preview:-1\" \/>\n<link rel=\"canonical\" href=\"https:\/\/rtt.ee\/toode\/kulumaterjalid\/analoog-toonerid\/tooner-must-analoog-samsung-mlt-d101s\/\" \/>\n<meta property=\"og:locale\" content=\"en_US\" \/>\n<meta property=\"og:type\" content=\"article\" \/>\n<meta property=\"og:title\" content=\"Toner black analog Samsung MLT-D101S - Jetworld - RTT\" \/>\n<meta property=\"og:description\" content=\"SAMSUNG MLT-D101S must tooner JetWorld \u2013 kvaliteetne analoog, kuni 1500 lehek\u00fclge. Soodne ja t\u00f6\u00f6kindel valik igap\u00e4evaseks printimiseks.\" \/>\n<meta property=\"og:url\" content=\"https:\/\/rtt.ee\/toode\/kulumaterjalid\/analoog-toonerid\/tooner-must-analoog-samsung-mlt-d101s\/\" \/>\n<meta property=\"og:site_name\" content=\"RTT\" \/>\n<meta property=\"article:modified_time\" content=\"2025-12-15T11:21:53+00:00\" \/>\n<meta property=\"og:image\" content=\"https:\/\/rtt.ee\/wp-content\/uploads\/2025\/10\/jetworld_toner_bk.jpg\" \/>\n\t<meta property=\"og:image:width\" content=\"700\" \/>\n\t<meta property=\"og:image:height\" content=\"390\" \/>\n\t<meta property=\"og:image:type\" content=\"image\/jpeg\" \/>\n<meta name=\"twitter:card\" content=\"summary_large_image\" \/>\n<meta name=\"twitter:label1\" content=\"Est. reading time\" \/>\n\t<meta name=\"twitter:data1\" content=\"1 minute\" \/>\n<script type=\"application\/ld+json\" class=\"yoast-schema-graph\">{\"@context\":\"https:\/\/schema.org\",\"@graph\":[{\"@type\":\"WebPage\",\"@id\":\"https:\/\/rtt.ee\/toode\/kulumaterjalid\/analoog-toonerid\/tooner-must-analoog-samsung-mlt-d101s\/\",\"url\":\"https:\/\/rtt.ee\/toode\/kulumaterjalid\/analoog-toonerid\/tooner-must-analoog-samsung-mlt-d101s\/\",\"name\":\"Toner black analog Samsung MLT-D101S - Jetworld - RTT\",\"isPartOf\":{\"@id\":\"https:\/\/rtt.ee\/en\/#website\"},\"primaryImageOfPage\":{\"@id\":\"https:\/\/rtt.ee\/toode\/kulumaterjalid\/analoog-toonerid\/tooner-must-analoog-samsung-mlt-d101s\/#primaryimage\"},\"image\":{\"@id\":\"https:\/\/rtt.ee\/toode\/kulumaterjalid\/analoog-toonerid\/tooner-must-analoog-samsung-mlt-d101s\/#primaryimage\"},\"thumbnailUrl\":\"https:\/\/rtt.ee\/wp-content\/uploads\/2025\/10\/jetworld_toner_bk.jpg\",\"datePublished\":\"2025-12-15T09:40:31+00:00\",\"dateModified\":\"2025-12-15T11:21:53+00:00\",\"description\":\"SAMSUNG MLT-D101S must tooner JetWorld \u2013 kvaliteetne analoog, kuni 1500 lehek\u00fclge. Soodne ja t\u00f6\u00f6kindel valik igap\u00e4evaseks printimiseks.\",\"breadcrumb\":{\"@id\":\"https:\/\/rtt.ee\/toode\/kulumaterjalid\/analoog-toonerid\/tooner-must-analoog-samsung-mlt-d101s\/#breadcrumb\"},\"inLanguage\":\"en-US\",\"potentialAction\":[{\"@type\":\"ReadAction\",\"target\":[\"https:\/\/rtt.ee\/toode\/kulumaterjalid\/analoog-toonerid\/tooner-must-analoog-samsung-mlt-d101s\/\"]}]},{\"@type\":\"ImageObject\",\"inLanguage\":\"en-US\",\"@id\":\"https:\/\/rtt.ee\/toode\/kulumaterjalid\/analoog-toonerid\/tooner-must-analoog-samsung-mlt-d101s\/#primaryimage\",\"url\":\"https:\/\/rtt.ee\/wp-content\/uploads\/2025\/10\/jetworld_toner_bk.jpg\",\"contentUrl\":\"https:\/\/rtt.ee\/wp-content\/uploads\/2025\/10\/jetworld_toner_bk.jpg\",\"width\":700,\"height\":390},{\"@type\":\"BreadcrumbList\",\"@id\":\"https:\/\/rtt.ee\/toode\/kulumaterjalid\/analoog-toonerid\/tooner-must-analoog-samsung-mlt-d101s\/#breadcrumb\",\"itemListElement\":[{\"@type\":\"ListItem\",\"position\":1,\"name\":\"Home\",\"item\":\"https:\/\/rtt.ee\/en\/\"},{\"@type\":\"ListItem\",\"position\":2,\"name\":\"Shop\",\"item\":\"https:\/\/rtt.ee\/en\/shop\/\"},{\"@type\":\"ListItem\",\"position\":3,\"name\":\"Consumables\",\"item\":\"https:\/\/rtt.ee\/en\/tootekategooria\/kulumaterjalid-en\/\"},{\"@type\":\"ListItem\",\"position\":4,\"name\":\"Analog toners\",\"item\":\"https:\/\/rtt.ee\/en\/tootekategooria\/kulumaterjalid-en\/analoog-toonerid-en\/\"},{\"@type\":\"ListItem\",\"position\":5,\"name\":\"Toner black analog Samsung MLT-D101S &#8211; Jetworld\"}]},{\"@type\":\"WebSite\",\"@id\":\"https:\/\/rtt.ee\/en\/#website\",\"url\":\"https:\/\/rtt.ee\/en\/\",\"name\":\"RTT\",\"description\":\"Kassaaparaadid ja kontorikaubad\",\"potentialAction\":[{\"@type\":\"SearchAction\",\"target\":{\"@type\":\"EntryPoint\",\"urlTemplate\":\"https:\/\/rtt.ee\/en\/?s={search_term_string}\"},\"query-input\":{\"@type\":\"PropertyValueSpecification\",\"valueRequired\":true,\"valueName\":\"search_term_string\"}}],\"inLanguage\":\"en-US\"}]}<\/script>\n<!-- \/ Yoast SEO plugin. -->","yoast_head_json":{"title":"Toner black analog Samsung MLT-D101S - Jetworld - RTT","description":"SAMSUNG MLT-D101S must tooner JetWorld \u2013 kvaliteetne analoog, kuni 1500 lehek\u00fclge. Soodne ja t\u00f6\u00f6kindel valik igap\u00e4evaseks printimiseks.","robots":{"index":"index","follow":"follow","max-snippet":"max-snippet:-1","max-image-preview":"max-image-preview:large","max-video-preview":"max-video-preview:-1"},"canonical":"https:\/\/rtt.ee\/toode\/kulumaterjalid\/analoog-toonerid\/tooner-must-analoog-samsung-mlt-d101s\/","og_locale":"en_US","og_type":"article","og_title":"Toner black analog Samsung MLT-D101S - Jetworld - RTT","og_description":"SAMSUNG MLT-D101S must tooner JetWorld \u2013 kvaliteetne analoog, kuni 1500 lehek\u00fclge. Soodne ja t\u00f6\u00f6kindel valik igap\u00e4evaseks printimiseks.","og_url":"https:\/\/rtt.ee\/toode\/kulumaterjalid\/analoog-toonerid\/tooner-must-analoog-samsung-mlt-d101s\/","og_site_name":"RTT","article_modified_time":"2025-12-15T11:21:53+00:00","og_image":[{"width":700,"height":390,"url":"https:\/\/rtt.ee\/wp-content\/uploads\/2025\/10\/jetworld_toner_bk.jpg","type":"image\/jpeg"}],"twitter_card":"summary_large_image","twitter_misc":{"Est. reading time":"1 minute"},"schema":{"@context":"https:\/\/schema.org","@graph":[{"@type":"WebPage","@id":"https:\/\/rtt.ee\/toode\/kulumaterjalid\/analoog-toonerid\/tooner-must-analoog-samsung-mlt-d101s\/","url":"https:\/\/rtt.ee\/toode\/kulumaterjalid\/analoog-toonerid\/tooner-must-analoog-samsung-mlt-d101s\/","name":"Toner black analog Samsung MLT-D101S - Jetworld - RTT","isPartOf":{"@id":"https:\/\/rtt.ee\/en\/#website"},"primaryImageOfPage":{"@id":"https:\/\/rtt.ee\/toode\/kulumaterjalid\/analoog-toonerid\/tooner-must-analoog-samsung-mlt-d101s\/#primaryimage"},"image":{"@id":"https:\/\/rtt.ee\/toode\/kulumaterjalid\/analoog-toonerid\/tooner-must-analoog-samsung-mlt-d101s\/#primaryimage"},"thumbnailUrl":"https:\/\/rtt.ee\/wp-content\/uploads\/2025\/10\/jetworld_toner_bk.jpg","datePublished":"2025-12-15T09:40:31+00:00","dateModified":"2025-12-15T11:21:53+00:00","description":"SAMSUNG MLT-D101S must tooner JetWorld \u2013 kvaliteetne analoog, kuni 1500 lehek\u00fclge. Soodne ja t\u00f6\u00f6kindel valik igap\u00e4evaseks printimiseks.","breadcrumb":{"@id":"https:\/\/rtt.ee\/toode\/kulumaterjalid\/analoog-toonerid\/tooner-must-analoog-samsung-mlt-d101s\/#breadcrumb"},"inLanguage":"en-US","potentialAction":[{"@type":"ReadAction","target":["https:\/\/rtt.ee\/toode\/kulumaterjalid\/analoog-toonerid\/tooner-must-analoog-samsung-mlt-d101s\/"]}]},{"@type":"ImageObject","inLanguage":"en-US","@id":"https:\/\/rtt.ee\/toode\/kulumaterjalid\/analoog-toonerid\/tooner-must-analoog-samsung-mlt-d101s\/#primaryimage","url":"https:\/\/rtt.ee\/wp-content\/uploads\/2025\/10\/jetworld_toner_bk.jpg","contentUrl":"https:\/\/rtt.ee\/wp-content\/uploads\/2025\/10\/jetworld_toner_bk.jpg","width":700,"height":390},{"@type":"BreadcrumbList","@id":"https:\/\/rtt.ee\/toode\/kulumaterjalid\/analoog-toonerid\/tooner-must-analoog-samsung-mlt-d101s\/#breadcrumb","itemListElement":[{"@type":"ListItem","position":1,"name":"Home","item":"https:\/\/rtt.ee\/en\/"},{"@type":"ListItem","position":2,"name":"Shop","item":"https:\/\/rtt.ee\/en\/shop\/"},{"@type":"ListItem","position":3,"name":"Consumables","item":"https:\/\/rtt.ee\/en\/tootekategooria\/kulumaterjalid-en\/"},{"@type":"ListItem","position":4,"name":"Analog toners","item":"https:\/\/rtt.ee\/en\/tootekategooria\/kulumaterjalid-en\/analoog-toonerid-en\/"},{"@type":"ListItem","position":5,"name":"Toner black analog Samsung MLT-D101S &#8211; Jetworld"}]},{"@type":"WebSite","@id":"https:\/\/rtt.ee\/en\/#website","url":"https:\/\/rtt.ee\/en\/","name":"RTT","description":"Kassaaparaadid ja kontorikaubad","potentialAction":[{"@type":"SearchAction","target":{"@type":"EntryPoint","urlTemplate":"https:\/\/rtt.ee\/en\/?s={search_term_string}"},"query-input":{"@type":"PropertyValueSpecification","valueRequired":true,"valueName":"search_term_string"}}],"inLanguage":"en-US"}]}},"_links":{"self":[{"href":"https:\/\/rtt.ee\/en\/wp-json\/wp\/v2\/product\/14296","targetHints":{"allow":["GET"]}}],"collection":[{"href":"https:\/\/rtt.ee\/en\/wp-json\/wp\/v2\/product"}],"about":[{"href":"https:\/\/rtt.ee\/en\/wp-json\/wp\/v2\/types\/product"}],"wp:featuredmedia":[{"embeddable":true,"href":"https:\/\/rtt.ee\/en\/wp-json\/wp\/v2\/media\/13213"}],"wp:attachment":[{"href":"https:\/\/rtt.ee\/en\/wp-json\/wp\/v2\/media?parent=14296"}],"wp:term":[{"taxonomy":"product_brand","embeddable":true,"href":"https:\/\/rtt.ee\/en\/wp-json\/wp\/v2\/product_brand?post=14296"},{"taxonomy":"product_cat","embeddable":true,"href":"https:\/\/rtt.ee\/en\/wp-json\/wp\/v2\/product_cat?post=14296"},{"taxonomy":"product_tag","embeddable":true,"href":"https:\/\/rtt.ee\/en\/wp-json\/wp\/v2\/product_tag?post=14296"}],"curies":[{"name":"wp","href":"https:\/\/api.w.org\/{rel}","templated":true}]}}