{"id":14270,"date":"2025-12-11T16:10:48","date_gmt":"2025-12-11T14:10:48","guid":{"rendered":"https:\/\/rtt.ee\/toode\/uncategorized\/tooner-kollane-analoog-brother-tn248y\/"},"modified":"2025-12-11T16:21:04","modified_gmt":"2025-12-11T14:21:04","slug":"tooner-kollane-analoog-brother-tn248y","status":"publish","type":"product","link":"https:\/\/rtt.ee\/en\/toode\/kulumaterjalid-en\/analoog-toonerid-en\/tooner-kollane-analoog-brother-tn248y\/","title":{"rendered":"Toner yellow analog Brother TN248Y &#8211; OXE"},"content":{"rendered":"<p>Brother DCP-L3515CDW, DCP-L3520CDW, DCP-L3520CDW Eco, DCP-L3527CDW, , DCP-L3555CDW, DCP-L3560CDW<br \/>\nBrother HL-L3215CW, HL-L3220CW, HL-L3220CWE, HL-L3240CDW, HL-L8230CDW, HL-L8240CDW<br \/>\nBrother MFC-L3740CDW, MFC-L3740CDW Eco, MFC-L3760CDW, MFC-L8340CDW, MFC-L8390CDW<\/p>\n<p>Yield 1000 pages<\/p>\n<section id=\"primary\" class=\"content-area shop-content col-sm-12 col-md-12 col-lg-9 full-1200\"><main id=\"main\" class=\"site-main\" role=\"main\"><\/p>\n<div id=\"product-14264\" class=\"product type-product post-14264 status-publish first onbackorder product_cat-analoog-toonerid has-post-thumbnail taxable shipping-taxable purchasable product-type-simple\">\n<div class=\"container product-info-holder\">\n<div class=\"row\">\n<div class=\"summary entry-summary col-md-8\">\n<div class=\"woocommerce-tabs wc-tabs-wrapper\">\n<div id=\"tab-description\" class=\"woocommerce-Tabs-panel woocommerce-Tabs-panel--description panel entry-content wc-tab\" role=\"tabpanel\" aria-labelledby=\"tab-title-description\">\n<p><span style=\"color: #ff0000\">J\u00e4reltellimisel \u2013 tarne 3-5 p\u00e4eva<\/span><\/p>\n<\/div>\n<\/div>\n<\/div>\n<\/div>\n<\/div>\n<\/div>\n<p>&nbsp;<\/p>\n<p><\/main><\/section>\n","protected":false},"excerpt":{"rendered":"<p>Brother DCP-L3515CDW, DCP-L3520CDW, DCP-L3520CDW Eco, DCP-L3527CDW, , DCP-L3555CDW, DCP-L3560CDW Brother HL-L3215CW, HL-L3220CW, HL-L3220CWE, HL-L3240CDW, HL-L8230CDW, HL-L8240CDW Brother MFC-L3740CDW, MFC-L3740CDW Eco, MFC-L3760CDW, MFC-L8340CDW, MFC-L8390CDW Yield 1000 pages J\u00e4reltellimisel \u2013 tarne 3-5 p\u00e4eva &nbsp;<\/p>\n","protected":false},"featured_media":13351,"template":"","meta":{"_acf_changed":false},"product_brand":[407],"product_cat":[156],"product_tag":[],"class_list":{"0":"post-14270","1":"product","2":"type-product","3":"status-publish","4":"has-post-thumbnail","6":"product_brand-oxe","7":"product_cat-analoog-toonerid-en","9":"first","10":"onbackorder","11":"taxable","12":"shipping-taxable","13":"purchasable","14":"product-type-simple"},"acf":[],"yoast_head":"<!-- This site is optimized with the Yoast SEO plugin v26.2 - https:\/\/yoast.com\/wordpress\/plugins\/seo\/ -->\n<title>Toner yellow analog Brother TN248Y - OXE - RTT<\/title>\n<meta name=\"description\" content=\"OXE toonerid \u2013 kvaliteetsed ja t\u00f6\u00f6kindlad printeritarvikud igap\u00e4evaseks kasutuseks. Lai valik erinevatele printeritele, soodne hind ja kiire tarne \u00fcle Eesti\" \/>\n<meta name=\"robots\" content=\"index, follow, max-snippet:-1, max-image-preview:large, max-video-preview:-1\" \/>\n<link rel=\"canonical\" href=\"https:\/\/rtt.ee\/toode\/kulumaterjalid\/analoog-toonerid\/tooner-kollane-analoog-brother-tn248y\/\" \/>\n<meta property=\"og:locale\" content=\"en_US\" \/>\n<meta property=\"og:type\" content=\"article\" \/>\n<meta property=\"og:title\" content=\"Toner yellow analog Brother TN248Y - OXE - RTT\" \/>\n<meta property=\"og:description\" content=\"OXE toonerid \u2013 kvaliteetsed ja t\u00f6\u00f6kindlad printeritarvikud igap\u00e4evaseks kasutuseks. Lai valik erinevatele printeritele, soodne hind ja kiire tarne \u00fcle Eesti\" \/>\n<meta property=\"og:url\" content=\"https:\/\/rtt.ee\/toode\/kulumaterjalid\/analoog-toonerid\/tooner-kollane-analoog-brother-tn248y\/\" \/>\n<meta property=\"og:site_name\" content=\"RTT\" \/>\n<meta property=\"article:modified_time\" content=\"2025-12-11T14:21:04+00:00\" \/>\n<meta property=\"og:image\" content=\"https:\/\/rtt.ee\/wp-content\/uploads\/2025\/10\/Toner_OXE_M_Y.png\" \/>\n\t<meta property=\"og:image:width\" content=\"700\" \/>\n\t<meta property=\"og:image:height\" content=\"466\" \/>\n\t<meta property=\"og:image:type\" content=\"image\/png\" \/>\n<meta name=\"twitter:card\" content=\"summary_large_image\" \/>\n<meta name=\"twitter:label1\" content=\"Est. reading time\" \/>\n\t<meta name=\"twitter:data1\" content=\"1 minute\" \/>\n<script type=\"application\/ld+json\" class=\"yoast-schema-graph\">{\"@context\":\"https:\/\/schema.org\",\"@graph\":[{\"@type\":\"WebPage\",\"@id\":\"https:\/\/rtt.ee\/toode\/kulumaterjalid\/analoog-toonerid\/tooner-kollane-analoog-brother-tn248y\/\",\"url\":\"https:\/\/rtt.ee\/toode\/kulumaterjalid\/analoog-toonerid\/tooner-kollane-analoog-brother-tn248y\/\",\"name\":\"Toner yellow analog Brother TN248Y - OXE - RTT\",\"isPartOf\":{\"@id\":\"https:\/\/rtt.ee\/en\/#website\"},\"primaryImageOfPage\":{\"@id\":\"https:\/\/rtt.ee\/toode\/kulumaterjalid\/analoog-toonerid\/tooner-kollane-analoog-brother-tn248y\/#primaryimage\"},\"image\":{\"@id\":\"https:\/\/rtt.ee\/toode\/kulumaterjalid\/analoog-toonerid\/tooner-kollane-analoog-brother-tn248y\/#primaryimage\"},\"thumbnailUrl\":\"https:\/\/rtt.ee\/wp-content\/uploads\/2025\/10\/Toner_OXE_M_Y.png\",\"datePublished\":\"2025-12-11T14:10:48+00:00\",\"dateModified\":\"2025-12-11T14:21:04+00:00\",\"description\":\"OXE toonerid \u2013 kvaliteetsed ja t\u00f6\u00f6kindlad printeritarvikud igap\u00e4evaseks kasutuseks. Lai valik erinevatele printeritele, soodne hind ja kiire tarne \u00fcle Eesti\",\"breadcrumb\":{\"@id\":\"https:\/\/rtt.ee\/toode\/kulumaterjalid\/analoog-toonerid\/tooner-kollane-analoog-brother-tn248y\/#breadcrumb\"},\"inLanguage\":\"en-US\",\"potentialAction\":[{\"@type\":\"ReadAction\",\"target\":[\"https:\/\/rtt.ee\/toode\/kulumaterjalid\/analoog-toonerid\/tooner-kollane-analoog-brother-tn248y\/\"]}]},{\"@type\":\"ImageObject\",\"inLanguage\":\"en-US\",\"@id\":\"https:\/\/rtt.ee\/toode\/kulumaterjalid\/analoog-toonerid\/tooner-kollane-analoog-brother-tn248y\/#primaryimage\",\"url\":\"https:\/\/rtt.ee\/wp-content\/uploads\/2025\/10\/Toner_OXE_M_Y.png\",\"contentUrl\":\"https:\/\/rtt.ee\/wp-content\/uploads\/2025\/10\/Toner_OXE_M_Y.png\",\"width\":700,\"height\":466},{\"@type\":\"BreadcrumbList\",\"@id\":\"https:\/\/rtt.ee\/toode\/kulumaterjalid\/analoog-toonerid\/tooner-kollane-analoog-brother-tn248y\/#breadcrumb\",\"itemListElement\":[{\"@type\":\"ListItem\",\"position\":1,\"name\":\"Home\",\"item\":\"https:\/\/rtt.ee\/en\/\"},{\"@type\":\"ListItem\",\"position\":2,\"name\":\"Shop\",\"item\":\"https:\/\/rtt.ee\/en\/shop\/\"},{\"@type\":\"ListItem\",\"position\":3,\"name\":\"Consumables\",\"item\":\"https:\/\/rtt.ee\/en\/tootekategooria\/kulumaterjalid-en\/\"},{\"@type\":\"ListItem\",\"position\":4,\"name\":\"Analog toners\",\"item\":\"https:\/\/rtt.ee\/en\/tootekategooria\/kulumaterjalid-en\/analoog-toonerid-en\/\"},{\"@type\":\"ListItem\",\"position\":5,\"name\":\"Toner yellow analog Brother TN248Y &#8211; OXE\"}]},{\"@type\":\"WebSite\",\"@id\":\"https:\/\/rtt.ee\/en\/#website\",\"url\":\"https:\/\/rtt.ee\/en\/\",\"name\":\"RTT\",\"description\":\"Kassaaparaadid ja kontorikaubad\",\"potentialAction\":[{\"@type\":\"SearchAction\",\"target\":{\"@type\":\"EntryPoint\",\"urlTemplate\":\"https:\/\/rtt.ee\/en\/?s={search_term_string}\"},\"query-input\":{\"@type\":\"PropertyValueSpecification\",\"valueRequired\":true,\"valueName\":\"search_term_string\"}}],\"inLanguage\":\"en-US\"}]}<\/script>\n<!-- \/ Yoast SEO plugin. -->","yoast_head_json":{"title":"Toner yellow analog Brother TN248Y - OXE - RTT","description":"OXE toonerid \u2013 kvaliteetsed ja t\u00f6\u00f6kindlad printeritarvikud igap\u00e4evaseks kasutuseks. Lai valik erinevatele printeritele, soodne hind ja kiire tarne \u00fcle Eesti","robots":{"index":"index","follow":"follow","max-snippet":"max-snippet:-1","max-image-preview":"max-image-preview:large","max-video-preview":"max-video-preview:-1"},"canonical":"https:\/\/rtt.ee\/toode\/kulumaterjalid\/analoog-toonerid\/tooner-kollane-analoog-brother-tn248y\/","og_locale":"en_US","og_type":"article","og_title":"Toner yellow analog Brother TN248Y - OXE - RTT","og_description":"OXE toonerid \u2013 kvaliteetsed ja t\u00f6\u00f6kindlad printeritarvikud igap\u00e4evaseks kasutuseks. Lai valik erinevatele printeritele, soodne hind ja kiire tarne \u00fcle Eesti","og_url":"https:\/\/rtt.ee\/toode\/kulumaterjalid\/analoog-toonerid\/tooner-kollane-analoog-brother-tn248y\/","og_site_name":"RTT","article_modified_time":"2025-12-11T14:21:04+00:00","og_image":[{"width":700,"height":466,"url":"https:\/\/rtt.ee\/wp-content\/uploads\/2025\/10\/Toner_OXE_M_Y.png","type":"image\/png"}],"twitter_card":"summary_large_image","twitter_misc":{"Est. reading time":"1 minute"},"schema":{"@context":"https:\/\/schema.org","@graph":[{"@type":"WebPage","@id":"https:\/\/rtt.ee\/toode\/kulumaterjalid\/analoog-toonerid\/tooner-kollane-analoog-brother-tn248y\/","url":"https:\/\/rtt.ee\/toode\/kulumaterjalid\/analoog-toonerid\/tooner-kollane-analoog-brother-tn248y\/","name":"Toner yellow analog Brother TN248Y - OXE - RTT","isPartOf":{"@id":"https:\/\/rtt.ee\/en\/#website"},"primaryImageOfPage":{"@id":"https:\/\/rtt.ee\/toode\/kulumaterjalid\/analoog-toonerid\/tooner-kollane-analoog-brother-tn248y\/#primaryimage"},"image":{"@id":"https:\/\/rtt.ee\/toode\/kulumaterjalid\/analoog-toonerid\/tooner-kollane-analoog-brother-tn248y\/#primaryimage"},"thumbnailUrl":"https:\/\/rtt.ee\/wp-content\/uploads\/2025\/10\/Toner_OXE_M_Y.png","datePublished":"2025-12-11T14:10:48+00:00","dateModified":"2025-12-11T14:21:04+00:00","description":"OXE toonerid \u2013 kvaliteetsed ja t\u00f6\u00f6kindlad printeritarvikud igap\u00e4evaseks kasutuseks. Lai valik erinevatele printeritele, soodne hind ja kiire tarne \u00fcle Eesti","breadcrumb":{"@id":"https:\/\/rtt.ee\/toode\/kulumaterjalid\/analoog-toonerid\/tooner-kollane-analoog-brother-tn248y\/#breadcrumb"},"inLanguage":"en-US","potentialAction":[{"@type":"ReadAction","target":["https:\/\/rtt.ee\/toode\/kulumaterjalid\/analoog-toonerid\/tooner-kollane-analoog-brother-tn248y\/"]}]},{"@type":"ImageObject","inLanguage":"en-US","@id":"https:\/\/rtt.ee\/toode\/kulumaterjalid\/analoog-toonerid\/tooner-kollane-analoog-brother-tn248y\/#primaryimage","url":"https:\/\/rtt.ee\/wp-content\/uploads\/2025\/10\/Toner_OXE_M_Y.png","contentUrl":"https:\/\/rtt.ee\/wp-content\/uploads\/2025\/10\/Toner_OXE_M_Y.png","width":700,"height":466},{"@type":"BreadcrumbList","@id":"https:\/\/rtt.ee\/toode\/kulumaterjalid\/analoog-toonerid\/tooner-kollane-analoog-brother-tn248y\/#breadcrumb","itemListElement":[{"@type":"ListItem","position":1,"name":"Home","item":"https:\/\/rtt.ee\/en\/"},{"@type":"ListItem","position":2,"name":"Shop","item":"https:\/\/rtt.ee\/en\/shop\/"},{"@type":"ListItem","position":3,"name":"Consumables","item":"https:\/\/rtt.ee\/en\/tootekategooria\/kulumaterjalid-en\/"},{"@type":"ListItem","position":4,"name":"Analog toners","item":"https:\/\/rtt.ee\/en\/tootekategooria\/kulumaterjalid-en\/analoog-toonerid-en\/"},{"@type":"ListItem","position":5,"name":"Toner yellow analog Brother TN248Y &#8211; OXE"}]},{"@type":"WebSite","@id":"https:\/\/rtt.ee\/en\/#website","url":"https:\/\/rtt.ee\/en\/","name":"RTT","description":"Kassaaparaadid ja kontorikaubad","potentialAction":[{"@type":"SearchAction","target":{"@type":"EntryPoint","urlTemplate":"https:\/\/rtt.ee\/en\/?s={search_term_string}"},"query-input":{"@type":"PropertyValueSpecification","valueRequired":true,"valueName":"search_term_string"}}],"inLanguage":"en-US"}]}},"_links":{"self":[{"href":"https:\/\/rtt.ee\/en\/wp-json\/wp\/v2\/product\/14270","targetHints":{"allow":["GET"]}}],"collection":[{"href":"https:\/\/rtt.ee\/en\/wp-json\/wp\/v2\/product"}],"about":[{"href":"https:\/\/rtt.ee\/en\/wp-json\/wp\/v2\/types\/product"}],"wp:featuredmedia":[{"embeddable":true,"href":"https:\/\/rtt.ee\/en\/wp-json\/wp\/v2\/media\/13351"}],"wp:attachment":[{"href":"https:\/\/rtt.ee\/en\/wp-json\/wp\/v2\/media?parent=14270"}],"wp:term":[{"taxonomy":"product_brand","embeddable":true,"href":"https:\/\/rtt.ee\/en\/wp-json\/wp\/v2\/product_brand?post=14270"},{"taxonomy":"product_cat","embeddable":true,"href":"https:\/\/rtt.ee\/en\/wp-json\/wp\/v2\/product_cat?post=14270"},{"taxonomy":"product_tag","embeddable":true,"href":"https:\/\/rtt.ee\/en\/wp-json\/wp\/v2\/product_tag?post=14270"}],"curies":[{"name":"wp","href":"https:\/\/api.w.org\/{rel}","templated":true}]}}