{"id":14094,"date":"2020-01-02T12:56:48","date_gmt":"2020-01-02T10:56:48","guid":{"rendered":"https:\/\/rtt.ee\/toode\/uncategorized\/etiketiprinter-zebra-zd42043-termo-termosiire-lan\/"},"modified":"2025-11-25T13:41:55","modified_gmt":"2025-11-25T11:41:55","slug":"etiketiprinter-zebra-zd42043-termo-termosiire-lan","status":"publish","type":"product","link":"https:\/\/rtt.ee\/en\/toode\/printerid-en\/etiketiprinter-en\/etiketiprinter-zebra-zd42043-termo-termosiire-lan\/","title":{"rendered":"Label Printer ZEBRA ZD421 300dpi, Thermal\/Thermal Transfer, LAN, USB"},"content":{"rendered":"<p>Print technology: Direct thermal, thermal transfer<\/p>\n<p>Resolution: 300 dpi (12 dots\/mm)<\/p>\n<p>Print speed (max): up to 102 mm\/sec<\/p>\n<p>Print width (max): 108 mm<\/p>\n<p>Print width (min): 19 mm<\/p>\n<p>Media width (max): 112 mm<\/p>\n<p>Roll diameter (max): 127 mm (core 40 mm)<\/p>\n<p>Ribbon: 60 mm\u2013300 m \/ 110 mm\u2013300 m<\/p>\n<p>RAM: 256 MB<\/p>\n<p>Interfaces: USB 2.0, LAN<\/p>\n<p>Compatibility: Windows, Android, iOS devices<\/p>\n<p>Included in the package: USB cable, label design software (text, barcodes)<\/p>\n<p>Dimensions: 193 mm x 191 mm x 254 mm<\/p>\n","protected":false},"excerpt":{"rendered":"<p>Print technology: Direct thermal, thermal transfer Resolution: 300 dpi (12 dots\/mm) Print speed (max): up to 102 mm\/sec Print width (max): 108 mm Print width (min): 19 mm Media width (max): 112 mm Roll diameter (max): 127 mm (core 40 mm) Ribbon: 60 mm\u2013300 m \/ 110 mm\u2013300 m RAM: 256 MB Interfaces: USB 2.0, [&hellip;]<\/p>\n","protected":false},"featured_media":14079,"template":"","meta":{"_acf_changed":false},"product_brand":[408],"product_cat":[129],"product_tag":[],"class_list":{"0":"post-14094","1":"product","2":"type-product","3":"status-publish","4":"has-post-thumbnail","6":"product_brand-zebra","7":"product_cat-etiketiprinter-en","8":"product_brands-zebra-en","10":"first","11":"instock","12":"taxable","13":"shipping-taxable","14":"purchasable","15":"product-type-simple"},"acf":[],"yoast_head":"<!-- This site is optimized with the Yoast SEO plugin v26.2 - https:\/\/yoast.com\/wordpress\/plugins\/seo\/ -->\n<title>Label Printer ZEBRA ZD421 300dpi, Thermal\/Thermal Transfer, LAN, USB - RTT<\/title>\n<meta name=\"description\" content=\"Zebra ZD421 lauaprinter \u2013 kiire ja t\u00f6\u00f6kindel etikettide tr\u00fckkimine. Sobib tervishoidu, jaekaubandusse ja logistikasse.\" \/>\n<meta name=\"robots\" content=\"index, follow, max-snippet:-1, max-image-preview:large, max-video-preview:-1\" \/>\n<link rel=\"canonical\" href=\"https:\/\/rtt.ee\/en\/toode\/printerid-en\/etiketiprinter-en\/etiketiprinter-zebra-zd42043-termo-termosiire-lan\/\" \/>\n<meta property=\"og:locale\" content=\"en_US\" \/>\n<meta property=\"og:type\" content=\"article\" \/>\n<meta property=\"og:title\" content=\"Label Printer ZEBRA ZD421 300dpi, Thermal\/Thermal Transfer, LAN, USB - RTT\" \/>\n<meta property=\"og:description\" content=\"Zebra ZD421 lauaprinter \u2013 kiire ja t\u00f6\u00f6kindel etikettide tr\u00fckkimine. Sobib tervishoidu, jaekaubandusse ja logistikasse.\" \/>\n<meta property=\"og:url\" content=\"https:\/\/rtt.ee\/en\/toode\/printerid-en\/etiketiprinter-en\/etiketiprinter-zebra-zd42043-termo-termosiire-lan\/\" \/>\n<meta property=\"og:site_name\" content=\"RTT\" \/>\n<meta property=\"article:modified_time\" content=\"2025-11-25T11:41:55+00:00\" \/>\n<meta property=\"og:image\" content=\"https:\/\/rtt.ee\/wp-content\/uploads\/2025\/08\/ZD4A043-2-scaled.jpg\" \/>\n\t<meta property=\"og:image:width\" content=\"2560\" \/>\n\t<meta property=\"og:image:height\" content=\"1707\" \/>\n\t<meta property=\"og:image:type\" content=\"image\/jpeg\" \/>\n<meta name=\"twitter:card\" content=\"summary_large_image\" \/>\n<meta name=\"twitter:label1\" content=\"Est. reading time\" \/>\n\t<meta name=\"twitter:data1\" content=\"1 minute\" \/>\n<script type=\"application\/ld+json\" class=\"yoast-schema-graph\">{\"@context\":\"https:\/\/schema.org\",\"@graph\":[{\"@type\":\"WebPage\",\"@id\":\"https:\/\/rtt.ee\/en\/toode\/printerid-en\/etiketiprinter-en\/etiketiprinter-zebra-zd42043-termo-termosiire-lan\/\",\"url\":\"https:\/\/rtt.ee\/en\/toode\/printerid-en\/etiketiprinter-en\/etiketiprinter-zebra-zd42043-termo-termosiire-lan\/\",\"name\":\"Label Printer ZEBRA ZD421 300dpi, Thermal\/Thermal Transfer, LAN, USB - RTT\",\"isPartOf\":{\"@id\":\"https:\/\/rtt.ee\/en\/#website\"},\"primaryImageOfPage\":{\"@id\":\"https:\/\/rtt.ee\/en\/toode\/printerid-en\/etiketiprinter-en\/etiketiprinter-zebra-zd42043-termo-termosiire-lan\/#primaryimage\"},\"image\":{\"@id\":\"https:\/\/rtt.ee\/en\/toode\/printerid-en\/etiketiprinter-en\/etiketiprinter-zebra-zd42043-termo-termosiire-lan\/#primaryimage\"},\"thumbnailUrl\":\"https:\/\/rtt.ee\/wp-content\/uploads\/2025\/08\/ZD4A043-2-scaled-e1775026962285.jpg\",\"datePublished\":\"2020-01-02T10:56:48+00:00\",\"dateModified\":\"2025-11-25T11:41:55+00:00\",\"description\":\"Zebra ZD421 lauaprinter \u2013 kiire ja t\u00f6\u00f6kindel etikettide tr\u00fckkimine. Sobib tervishoidu, jaekaubandusse ja logistikasse.\",\"breadcrumb\":{\"@id\":\"https:\/\/rtt.ee\/en\/toode\/printerid-en\/etiketiprinter-en\/etiketiprinter-zebra-zd42043-termo-termosiire-lan\/#breadcrumb\"},\"inLanguage\":\"en-US\",\"potentialAction\":[{\"@type\":\"ReadAction\",\"target\":[\"https:\/\/rtt.ee\/en\/toode\/printerid-en\/etiketiprinter-en\/etiketiprinter-zebra-zd42043-termo-termosiire-lan\/\"]}]},{\"@type\":\"ImageObject\",\"inLanguage\":\"en-US\",\"@id\":\"https:\/\/rtt.ee\/en\/toode\/printerid-en\/etiketiprinter-en\/etiketiprinter-zebra-zd42043-termo-termosiire-lan\/#primaryimage\",\"url\":\"https:\/\/rtt.ee\/wp-content\/uploads\/2025\/08\/ZD4A043-2-scaled-e1775026962285.jpg\",\"contentUrl\":\"https:\/\/rtt.ee\/wp-content\/uploads\/2025\/08\/ZD4A043-2-scaled-e1775026962285.jpg\",\"width\":2560,\"height\":1707},{\"@type\":\"BreadcrumbList\",\"@id\":\"https:\/\/rtt.ee\/en\/toode\/printerid-en\/etiketiprinter-en\/etiketiprinter-zebra-zd42043-termo-termosiire-lan\/#breadcrumb\",\"itemListElement\":[{\"@type\":\"ListItem\",\"position\":1,\"name\":\"Home\",\"item\":\"https:\/\/rtt.ee\/en\/\"},{\"@type\":\"ListItem\",\"position\":2,\"name\":\"Shop\",\"item\":\"https:\/\/rtt.ee\/en\/shop\/\"},{\"@type\":\"ListItem\",\"position\":3,\"name\":\"Printerid\",\"item\":\"https:\/\/rtt.ee\/tootekategooria\/printerid\/\"},{\"@type\":\"ListItem\",\"position\":4,\"name\":\"Etiketiprinter\",\"item\":\"https:\/\/rtt.ee\/tootekategooria\/printerid\/etiketiprinter\/\"},{\"@type\":\"ListItem\",\"position\":5,\"name\":\"Label Printer ZEBRA ZD421 300dpi, Thermal\/Thermal Transfer, LAN, USB\"}]},{\"@type\":\"WebSite\",\"@id\":\"https:\/\/rtt.ee\/en\/#website\",\"url\":\"https:\/\/rtt.ee\/en\/\",\"name\":\"RTT\",\"description\":\"Kassaaparaadid ja kontorikaubad\",\"potentialAction\":[{\"@type\":\"SearchAction\",\"target\":{\"@type\":\"EntryPoint\",\"urlTemplate\":\"https:\/\/rtt.ee\/en\/?s={search_term_string}\"},\"query-input\":{\"@type\":\"PropertyValueSpecification\",\"valueRequired\":true,\"valueName\":\"search_term_string\"}}],\"inLanguage\":\"en-US\"}]}<\/script>\n<!-- \/ Yoast SEO plugin. -->","yoast_head_json":{"title":"Label Printer ZEBRA ZD421 300dpi, Thermal\/Thermal Transfer, LAN, USB - RTT","description":"Zebra ZD421 lauaprinter \u2013 kiire ja t\u00f6\u00f6kindel etikettide tr\u00fckkimine. Sobib tervishoidu, jaekaubandusse ja logistikasse.","robots":{"index":"index","follow":"follow","max-snippet":"max-snippet:-1","max-image-preview":"max-image-preview:large","max-video-preview":"max-video-preview:-1"},"canonical":"https:\/\/rtt.ee\/en\/toode\/printerid-en\/etiketiprinter-en\/etiketiprinter-zebra-zd42043-termo-termosiire-lan\/","og_locale":"en_US","og_type":"article","og_title":"Label Printer ZEBRA ZD421 300dpi, Thermal\/Thermal Transfer, LAN, USB - RTT","og_description":"Zebra ZD421 lauaprinter \u2013 kiire ja t\u00f6\u00f6kindel etikettide tr\u00fckkimine. Sobib tervishoidu, jaekaubandusse ja logistikasse.","og_url":"https:\/\/rtt.ee\/en\/toode\/printerid-en\/etiketiprinter-en\/etiketiprinter-zebra-zd42043-termo-termosiire-lan\/","og_site_name":"RTT","article_modified_time":"2025-11-25T11:41:55+00:00","og_image":[{"width":2560,"height":1707,"url":"https:\/\/rtt.ee\/wp-content\/uploads\/2025\/08\/ZD4A043-2-scaled.jpg","type":"image\/jpeg"}],"twitter_card":"summary_large_image","twitter_misc":{"Est. reading time":"1 minute"},"schema":{"@context":"https:\/\/schema.org","@graph":[{"@type":"WebPage","@id":"https:\/\/rtt.ee\/en\/toode\/printerid-en\/etiketiprinter-en\/etiketiprinter-zebra-zd42043-termo-termosiire-lan\/","url":"https:\/\/rtt.ee\/en\/toode\/printerid-en\/etiketiprinter-en\/etiketiprinter-zebra-zd42043-termo-termosiire-lan\/","name":"Label Printer ZEBRA ZD421 300dpi, Thermal\/Thermal Transfer, LAN, USB - RTT","isPartOf":{"@id":"https:\/\/rtt.ee\/en\/#website"},"primaryImageOfPage":{"@id":"https:\/\/rtt.ee\/en\/toode\/printerid-en\/etiketiprinter-en\/etiketiprinter-zebra-zd42043-termo-termosiire-lan\/#primaryimage"},"image":{"@id":"https:\/\/rtt.ee\/en\/toode\/printerid-en\/etiketiprinter-en\/etiketiprinter-zebra-zd42043-termo-termosiire-lan\/#primaryimage"},"thumbnailUrl":"https:\/\/rtt.ee\/wp-content\/uploads\/2025\/08\/ZD4A043-2-scaled-e1775026962285.jpg","datePublished":"2020-01-02T10:56:48+00:00","dateModified":"2025-11-25T11:41:55+00:00","description":"Zebra ZD421 lauaprinter \u2013 kiire ja t\u00f6\u00f6kindel etikettide tr\u00fckkimine. Sobib tervishoidu, jaekaubandusse ja logistikasse.","breadcrumb":{"@id":"https:\/\/rtt.ee\/en\/toode\/printerid-en\/etiketiprinter-en\/etiketiprinter-zebra-zd42043-termo-termosiire-lan\/#breadcrumb"},"inLanguage":"en-US","potentialAction":[{"@type":"ReadAction","target":["https:\/\/rtt.ee\/en\/toode\/printerid-en\/etiketiprinter-en\/etiketiprinter-zebra-zd42043-termo-termosiire-lan\/"]}]},{"@type":"ImageObject","inLanguage":"en-US","@id":"https:\/\/rtt.ee\/en\/toode\/printerid-en\/etiketiprinter-en\/etiketiprinter-zebra-zd42043-termo-termosiire-lan\/#primaryimage","url":"https:\/\/rtt.ee\/wp-content\/uploads\/2025\/08\/ZD4A043-2-scaled-e1775026962285.jpg","contentUrl":"https:\/\/rtt.ee\/wp-content\/uploads\/2025\/08\/ZD4A043-2-scaled-e1775026962285.jpg","width":2560,"height":1707},{"@type":"BreadcrumbList","@id":"https:\/\/rtt.ee\/en\/toode\/printerid-en\/etiketiprinter-en\/etiketiprinter-zebra-zd42043-termo-termosiire-lan\/#breadcrumb","itemListElement":[{"@type":"ListItem","position":1,"name":"Home","item":"https:\/\/rtt.ee\/en\/"},{"@type":"ListItem","position":2,"name":"Shop","item":"https:\/\/rtt.ee\/en\/shop\/"},{"@type":"ListItem","position":3,"name":"Printerid","item":"https:\/\/rtt.ee\/tootekategooria\/printerid\/"},{"@type":"ListItem","position":4,"name":"Etiketiprinter","item":"https:\/\/rtt.ee\/tootekategooria\/printerid\/etiketiprinter\/"},{"@type":"ListItem","position":5,"name":"Label Printer ZEBRA ZD421 300dpi, Thermal\/Thermal Transfer, LAN, USB"}]},{"@type":"WebSite","@id":"https:\/\/rtt.ee\/en\/#website","url":"https:\/\/rtt.ee\/en\/","name":"RTT","description":"Kassaaparaadid ja kontorikaubad","potentialAction":[{"@type":"SearchAction","target":{"@type":"EntryPoint","urlTemplate":"https:\/\/rtt.ee\/en\/?s={search_term_string}"},"query-input":{"@type":"PropertyValueSpecification","valueRequired":true,"valueName":"search_term_string"}}],"inLanguage":"en-US"}]}},"_links":{"self":[{"href":"https:\/\/rtt.ee\/en\/wp-json\/wp\/v2\/product\/14094","targetHints":{"allow":["GET"]}}],"collection":[{"href":"https:\/\/rtt.ee\/en\/wp-json\/wp\/v2\/product"}],"about":[{"href":"https:\/\/rtt.ee\/en\/wp-json\/wp\/v2\/types\/product"}],"wp:featuredmedia":[{"embeddable":true,"href":"https:\/\/rtt.ee\/en\/wp-json\/wp\/v2\/media\/14079"}],"wp:attachment":[{"href":"https:\/\/rtt.ee\/en\/wp-json\/wp\/v2\/media?parent=14094"}],"wp:term":[{"taxonomy":"product_brand","embeddable":true,"href":"https:\/\/rtt.ee\/en\/wp-json\/wp\/v2\/product_brand?post=14094"},{"taxonomy":"product_cat","embeddable":true,"href":"https:\/\/rtt.ee\/en\/wp-json\/wp\/v2\/product_cat?post=14094"},{"taxonomy":"product_tag","embeddable":true,"href":"https:\/\/rtt.ee\/en\/wp-json\/wp\/v2\/product_tag?post=14094"}],"curies":[{"name":"wp","href":"https:\/\/api.w.org\/{rel}","templated":true}]}}