{"id":14036,"date":"2025-11-05T16:23:25","date_gmt":"2025-11-05T14:23:25","guid":{"rendered":"https:\/\/rtt.ee\/toode\/uncategorized\/sharp-bp51c26eu-a3-varvi-koopiamasin\/"},"modified":"2026-03-31T01:00:05","modified_gmt":"2026-03-30T22:00:05","slug":"sharp-bp51c26eu-a3-varvi-koopiamasin","status":"publish","type":"product","link":"https:\/\/rtt.ee\/en\/toode\/koopiamasinad-en\/a3-printer-skanner-koopiamasinad-en\/sharp-bp51c26eu-a3-varvi-koopiamasin\/","title":{"rendered":"SHARP BP51C26EU A3 Colour Photocopier"},"content":{"rendered":"<p>Functions: Printing, scanning, copying, file management<\/p>\n<p>Print speed A4: 26 pages\/min (black &amp; white, color)<\/p>\n<p>Print speed A3: 15 pages\/min (black &amp; white, color)<\/p>\n<p>Print quality (dpi): 1200 \u00d7 1200, 600 \u00d7 600, 9600 \u00d7 600<\/p>\n<p>Memory: 5 GB<\/p>\n<p>Hard drive: 128 GB SSD (Standard), 512 GB SSD (optional)<\/p>\n<p>Paper feeder capacity: 650 sheets (Standard), up to 6300 sheets (optional)<\/p>\n<p>Connections: USB, Ethernet, Wi-Fi (optional)<\/p>\n<p>Supported operating systems: Windows, Windows Server, MacOS<\/p>\n<p>Additional info:<\/p>\n<p>Phone: +372 6 112 256<\/p>\n<p>Mobile: +372 5 014 470<\/p>\n<div><\/div>\n","protected":false},"excerpt":{"rendered":"<p>Functions: Printing, scanning, copying, file management Print speed A4: 26 pages\/min (black &amp; white, color) Print speed A3: 15 pages\/min (black &amp; white, color) Print quality (dpi): 1200 \u00d7 1200, 600 \u00d7 600, 9600 \u00d7 600 Memory: 5 GB Hard drive: 128 GB SSD (Standard), 512 GB SSD (optional) Paper feeder capacity: 650 sheets (Standard), [&hellip;]<\/p>\n","protected":false},"featured_media":13749,"template":"","meta":{"_acf_changed":false},"product_brand":[404],"product_cat":[115,120],"product_tag":[],"class_list":{"0":"post-14036","1":"product","2":"type-product","3":"status-publish","4":"has-post-thumbnail","6":"product_brand-sharp","7":"product_cat-koopiamasinad-en","8":"product_cat-a3-printer-skanner-koopiamasinad-en","9":"product_brands-sharp-office-printers","11":"first","12":"instock","13":"featured","14":"taxable","15":"shipping-taxable","16":"purchasable","17":"product-type-simple"},"acf":[],"yoast_head":"<!-- This site is optimized with the Yoast SEO plugin v26.2 - https:\/\/yoast.com\/wordpress\/plugins\/seo\/ -->\n<title>SHARP BP51C26EU A3 Colour Photocopier - RTT<\/title>\n<meta name=\"description\" content=\"Sharp BP51C26EU \u2013 A3 monochrome multifunction printer with full maintenance and rental options. A fast and reliable solution for the office\" \/>\n<meta name=\"robots\" content=\"index, follow, max-snippet:-1, max-image-preview:large, max-video-preview:-1\" \/>\n<link rel=\"canonical\" href=\"https:\/\/rtt.ee\/en\/toode\/koopiamasinad-en\/a3-printer-skanner-koopiamasinad-en\/sharp-bp51c26eu-a3-varvi-koopiamasin\/\" \/>\n<meta property=\"og:locale\" content=\"en_US\" \/>\n<meta property=\"og:type\" content=\"article\" \/>\n<meta property=\"og:title\" content=\"SHARP BP51C26EU A3 Colour Photocopier - RTT\" \/>\n<meta property=\"og:description\" content=\"Sharp BP51C26EU \u2013 A3 monochrome multifunction printer with full maintenance and rental options. A fast and reliable solution for the office\" \/>\n<meta property=\"og:url\" content=\"https:\/\/rtt.ee\/en\/toode\/koopiamasinad-en\/a3-printer-skanner-koopiamasinad-en\/sharp-bp51c26eu-a3-varvi-koopiamasin\/\" \/>\n<meta property=\"og:site_name\" content=\"RTT\" \/>\n<meta property=\"article:modified_time\" content=\"2026-03-30T22:00:05+00:00\" \/>\n<meta property=\"og:image\" content=\"https:\/\/rtt.ee\/wp-content\/uploads\/2025\/11\/BP51C26.png\" \/>\n\t<meta property=\"og:image:width\" content=\"706\" \/>\n\t<meta property=\"og:image:height\" content=\"1000\" \/>\n\t<meta property=\"og:image:type\" content=\"image\/png\" \/>\n<meta name=\"twitter:card\" content=\"summary_large_image\" \/>\n<meta name=\"twitter:label1\" content=\"Est. reading time\" \/>\n\t<meta name=\"twitter:data1\" content=\"1 minute\" \/>\n<script type=\"application\/ld+json\" class=\"yoast-schema-graph\">{\"@context\":\"https:\/\/schema.org\",\"@graph\":[{\"@type\":\"WebPage\",\"@id\":\"https:\/\/rtt.ee\/en\/toode\/koopiamasinad-en\/a3-printer-skanner-koopiamasinad-en\/sharp-bp51c26eu-a3-varvi-koopiamasin\/\",\"url\":\"https:\/\/rtt.ee\/en\/toode\/koopiamasinad-en\/a3-printer-skanner-koopiamasinad-en\/sharp-bp51c26eu-a3-varvi-koopiamasin\/\",\"name\":\"SHARP BP51C26EU A3 Colour Photocopier - RTT\",\"isPartOf\":{\"@id\":\"https:\/\/rtt.ee\/en\/#website\"},\"primaryImageOfPage\":{\"@id\":\"https:\/\/rtt.ee\/en\/toode\/koopiamasinad-en\/a3-printer-skanner-koopiamasinad-en\/sharp-bp51c26eu-a3-varvi-koopiamasin\/#primaryimage\"},\"image\":{\"@id\":\"https:\/\/rtt.ee\/en\/toode\/koopiamasinad-en\/a3-printer-skanner-koopiamasinad-en\/sharp-bp51c26eu-a3-varvi-koopiamasin\/#primaryimage\"},\"thumbnailUrl\":\"https:\/\/rtt.ee\/wp-content\/uploads\/2025\/11\/BP51C26.png\",\"datePublished\":\"2025-11-05T14:23:25+00:00\",\"dateModified\":\"2026-03-30T22:00:05+00:00\",\"description\":\"Sharp BP51C26EU \u2013 A3 monochrome multifunction printer with full maintenance and rental options. A fast and reliable solution for the office\",\"breadcrumb\":{\"@id\":\"https:\/\/rtt.ee\/en\/toode\/koopiamasinad-en\/a3-printer-skanner-koopiamasinad-en\/sharp-bp51c26eu-a3-varvi-koopiamasin\/#breadcrumb\"},\"inLanguage\":\"en-US\",\"potentialAction\":[{\"@type\":\"ReadAction\",\"target\":[\"https:\/\/rtt.ee\/en\/toode\/koopiamasinad-en\/a3-printer-skanner-koopiamasinad-en\/sharp-bp51c26eu-a3-varvi-koopiamasin\/\"]}]},{\"@type\":\"ImageObject\",\"inLanguage\":\"en-US\",\"@id\":\"https:\/\/rtt.ee\/en\/toode\/koopiamasinad-en\/a3-printer-skanner-koopiamasinad-en\/sharp-bp51c26eu-a3-varvi-koopiamasin\/#primaryimage\",\"url\":\"https:\/\/rtt.ee\/wp-content\/uploads\/2025\/11\/BP51C26.png\",\"contentUrl\":\"https:\/\/rtt.ee\/wp-content\/uploads\/2025\/11\/BP51C26.png\",\"width\":706,\"height\":1000},{\"@type\":\"BreadcrumbList\",\"@id\":\"https:\/\/rtt.ee\/en\/toode\/koopiamasinad-en\/a3-printer-skanner-koopiamasinad-en\/sharp-bp51c26eu-a3-varvi-koopiamasin\/#breadcrumb\",\"itemListElement\":[{\"@type\":\"ListItem\",\"position\":1,\"name\":\"Home\",\"item\":\"https:\/\/rtt.ee\/en\/\"},{\"@type\":\"ListItem\",\"position\":2,\"name\":\"Shop\",\"item\":\"https:\/\/rtt.ee\/en\/shop\/\"},{\"@type\":\"ListItem\",\"position\":3,\"name\":\"Koopiamasinad\",\"item\":\"https:\/\/rtt.ee\/tootekategooria\/koopiamasinad\/\"},{\"@type\":\"ListItem\",\"position\":4,\"name\":\"A3 Printer-Sk\u00e4nner-Koopiamasinad\",\"item\":\"https:\/\/rtt.ee\/tootekategooria\/koopiamasinad\/a3-printer-skanner-koopiamasinad\/\"},{\"@type\":\"ListItem\",\"position\":5,\"name\":\"SHARP BP51C26EU A3 Colour Photocopier\"}]},{\"@type\":\"WebSite\",\"@id\":\"https:\/\/rtt.ee\/en\/#website\",\"url\":\"https:\/\/rtt.ee\/en\/\",\"name\":\"RTT\",\"description\":\"Kassaaparaadid ja kontorikaubad\",\"potentialAction\":[{\"@type\":\"SearchAction\",\"target\":{\"@type\":\"EntryPoint\",\"urlTemplate\":\"https:\/\/rtt.ee\/en\/?s={search_term_string}\"},\"query-input\":{\"@type\":\"PropertyValueSpecification\",\"valueRequired\":true,\"valueName\":\"search_term_string\"}}],\"inLanguage\":\"en-US\"}]}<\/script>\n<!-- \/ Yoast SEO plugin. -->","yoast_head_json":{"title":"SHARP BP51C26EU A3 Colour Photocopier - RTT","description":"Sharp BP51C26EU \u2013 A3 monochrome multifunction printer with full maintenance and rental options. A fast and reliable solution for the office","robots":{"index":"index","follow":"follow","max-snippet":"max-snippet:-1","max-image-preview":"max-image-preview:large","max-video-preview":"max-video-preview:-1"},"canonical":"https:\/\/rtt.ee\/en\/toode\/koopiamasinad-en\/a3-printer-skanner-koopiamasinad-en\/sharp-bp51c26eu-a3-varvi-koopiamasin\/","og_locale":"en_US","og_type":"article","og_title":"SHARP BP51C26EU A3 Colour Photocopier - RTT","og_description":"Sharp BP51C26EU \u2013 A3 monochrome multifunction printer with full maintenance and rental options. A fast and reliable solution for the office","og_url":"https:\/\/rtt.ee\/en\/toode\/koopiamasinad-en\/a3-printer-skanner-koopiamasinad-en\/sharp-bp51c26eu-a3-varvi-koopiamasin\/","og_site_name":"RTT","article_modified_time":"2026-03-30T22:00:05+00:00","og_image":[{"width":706,"height":1000,"url":"https:\/\/rtt.ee\/wp-content\/uploads\/2025\/11\/BP51C26.png","type":"image\/png"}],"twitter_card":"summary_large_image","twitter_misc":{"Est. reading time":"1 minute"},"schema":{"@context":"https:\/\/schema.org","@graph":[{"@type":"WebPage","@id":"https:\/\/rtt.ee\/en\/toode\/koopiamasinad-en\/a3-printer-skanner-koopiamasinad-en\/sharp-bp51c26eu-a3-varvi-koopiamasin\/","url":"https:\/\/rtt.ee\/en\/toode\/koopiamasinad-en\/a3-printer-skanner-koopiamasinad-en\/sharp-bp51c26eu-a3-varvi-koopiamasin\/","name":"SHARP BP51C26EU A3 Colour Photocopier - RTT","isPartOf":{"@id":"https:\/\/rtt.ee\/en\/#website"},"primaryImageOfPage":{"@id":"https:\/\/rtt.ee\/en\/toode\/koopiamasinad-en\/a3-printer-skanner-koopiamasinad-en\/sharp-bp51c26eu-a3-varvi-koopiamasin\/#primaryimage"},"image":{"@id":"https:\/\/rtt.ee\/en\/toode\/koopiamasinad-en\/a3-printer-skanner-koopiamasinad-en\/sharp-bp51c26eu-a3-varvi-koopiamasin\/#primaryimage"},"thumbnailUrl":"https:\/\/rtt.ee\/wp-content\/uploads\/2025\/11\/BP51C26.png","datePublished":"2025-11-05T14:23:25+00:00","dateModified":"2026-03-30T22:00:05+00:00","description":"Sharp BP51C26EU \u2013 A3 monochrome multifunction printer with full maintenance and rental options. A fast and reliable solution for the office","breadcrumb":{"@id":"https:\/\/rtt.ee\/en\/toode\/koopiamasinad-en\/a3-printer-skanner-koopiamasinad-en\/sharp-bp51c26eu-a3-varvi-koopiamasin\/#breadcrumb"},"inLanguage":"en-US","potentialAction":[{"@type":"ReadAction","target":["https:\/\/rtt.ee\/en\/toode\/koopiamasinad-en\/a3-printer-skanner-koopiamasinad-en\/sharp-bp51c26eu-a3-varvi-koopiamasin\/"]}]},{"@type":"ImageObject","inLanguage":"en-US","@id":"https:\/\/rtt.ee\/en\/toode\/koopiamasinad-en\/a3-printer-skanner-koopiamasinad-en\/sharp-bp51c26eu-a3-varvi-koopiamasin\/#primaryimage","url":"https:\/\/rtt.ee\/wp-content\/uploads\/2025\/11\/BP51C26.png","contentUrl":"https:\/\/rtt.ee\/wp-content\/uploads\/2025\/11\/BP51C26.png","width":706,"height":1000},{"@type":"BreadcrumbList","@id":"https:\/\/rtt.ee\/en\/toode\/koopiamasinad-en\/a3-printer-skanner-koopiamasinad-en\/sharp-bp51c26eu-a3-varvi-koopiamasin\/#breadcrumb","itemListElement":[{"@type":"ListItem","position":1,"name":"Home","item":"https:\/\/rtt.ee\/en\/"},{"@type":"ListItem","position":2,"name":"Shop","item":"https:\/\/rtt.ee\/en\/shop\/"},{"@type":"ListItem","position":3,"name":"Koopiamasinad","item":"https:\/\/rtt.ee\/tootekategooria\/koopiamasinad\/"},{"@type":"ListItem","position":4,"name":"A3 Printer-Sk\u00e4nner-Koopiamasinad","item":"https:\/\/rtt.ee\/tootekategooria\/koopiamasinad\/a3-printer-skanner-koopiamasinad\/"},{"@type":"ListItem","position":5,"name":"SHARP BP51C26EU A3 Colour Photocopier"}]},{"@type":"WebSite","@id":"https:\/\/rtt.ee\/en\/#website","url":"https:\/\/rtt.ee\/en\/","name":"RTT","description":"Kassaaparaadid ja kontorikaubad","potentialAction":[{"@type":"SearchAction","target":{"@type":"EntryPoint","urlTemplate":"https:\/\/rtt.ee\/en\/?s={search_term_string}"},"query-input":{"@type":"PropertyValueSpecification","valueRequired":true,"valueName":"search_term_string"}}],"inLanguage":"en-US"}]}},"_links":{"self":[{"href":"https:\/\/rtt.ee\/en\/wp-json\/wp\/v2\/product\/14036","targetHints":{"allow":["GET"]}}],"collection":[{"href":"https:\/\/rtt.ee\/en\/wp-json\/wp\/v2\/product"}],"about":[{"href":"https:\/\/rtt.ee\/en\/wp-json\/wp\/v2\/types\/product"}],"wp:featuredmedia":[{"embeddable":true,"href":"https:\/\/rtt.ee\/en\/wp-json\/wp\/v2\/media\/13749"}],"wp:attachment":[{"href":"https:\/\/rtt.ee\/en\/wp-json\/wp\/v2\/media?parent=14036"}],"wp:term":[{"taxonomy":"product_brand","embeddable":true,"href":"https:\/\/rtt.ee\/en\/wp-json\/wp\/v2\/product_brand?post=14036"},{"taxonomy":"product_cat","embeddable":true,"href":"https:\/\/rtt.ee\/en\/wp-json\/wp\/v2\/product_cat?post=14036"},{"taxonomy":"product_tag","embeddable":true,"href":"https:\/\/rtt.ee\/en\/wp-json\/wp\/v2\/product_tag?post=14036"}],"curies":[{"name":"wp","href":"https:\/\/api.w.org\/{rel}","templated":true}]}}