{"id":13582,"date":"2025-10-23T11:17:08","date_gmt":"2025-10-23T08:17:08","guid":{"rendered":"https:\/\/rtt.ee\/?post_type=product&#038;p=13582"},"modified":"2025-10-23T11:20:51","modified_gmt":"2025-10-23T08:20:51","slug":"kasutatud-sharp-mx-c303w-multifunktsionaalne-a4-varvi-laserprinter-2","status":"publish","type":"product","link":"https:\/\/rtt.ee\/en\/toode\/koopiamasinad-en\/a4-used-copiers\/kasutatud-sharp-mx-c303w-multifunktsionaalne-a4-varvi-laserprinter-2\/","title":{"rendered":"Used SHARP MX-C303W MFP A4 Colour Laser"},"content":{"rendered":"<section id=\"primary\" class=\"content-area shop-content col-sm-12 col-md-12 col-lg-9 full-1200\"><main id=\"main\" class=\"site-main\" role=\"main\"><\/p>\n<div id=\"product-13579\" class=\"product type-product post-13579 status-publish first instock product_cat-a4-used-copiers has-post-thumbnail taxable shipping-taxable purchasable product-type-simple\">\n<div class=\"container product-info-holder\">\n<div class=\"row\">\n<div class=\"summary entry-summary col-md-8\">\n<div class=\"woocommerce-tabs wc-tabs-wrapper\">\n<div id=\"tab-description\" class=\"woocommerce-Tabs-panel woocommerce-Tabs-panel--description panel entry-content wc-tab\" role=\"tabpanel\" aria-labelledby=\"tab-title-description\">\n<p>Used multifunction color printer for a small or medium-sized office<\/p>\n<p>Print, Copy, Scan, Fax, File<\/p>\n<p>Print speed: 30 ppm (BK), 30 ppm (C)<\/p>\n<p>Print quality: 600 \u00d7 600 dpi<\/p>\n<p>Paper handling: standard 300 sheets<\/p>\n<p>Memory: 5GB, HDD: 500GB<\/p>\n<p>Display: 7\u2033 Colour Touch LCD<\/p>\n<p>Connectivity: USB, LAN, WIFI<\/p>\n<p>Compatible operating systems: Windows, Windows Server, Mac OS X<\/p>\n<p>Condition: made prints 15948 sheets (BK), 63153 sheets (Colour); Toners 50%.<\/p>\n<p><strong>Warranty 6 months<\/strong>.<\/p>\n<p><a href=\"https:\/\/www.sharp.eu\/sharp-mx-c303w\">Product specifications<\/a><\/p>\n<p>Tel: +372 6 112 256<\/p>\n<div class=\"iYB33c\">\n<div class=\"dlJLJe\">\n<div data-cviv=\"false\" data-ved=\"2ahUKEwjJ7fe8qNDxAhWBi8MKHaRDAzAQz_AEMAB6BAgCEA8\">\n<div class=\"U9URNb\">\n<div id=\"tw-container\" class=\"YQaNob\" data-cp=\"1\" data-is-ver=\"false\" data-nnttsvi=\"1\" data-sm=\"1\" data-sugg-time=\"500\" data-sugg-url=\"https:\/\/clients1.google.com\/complete\/search\" data-uilc=\"et\">\n<div id=\"tw-ob\" class=\"tw-src-ltr\">\n<div class=\"oSioSc\">\n<div id=\"tw-target\">\n<div id=\"kAz1tf\" class=\"g9WsWb\">\n<div id=\"tw-target-text-container\" class=\"tw-ta-container F0azHf tw-nfl\">\n<div id=\"tw-container\" class=\"YQaNob\" data-cp=\"1\" data-is-ver=\"false\" data-nnttsvi=\"1\" data-sm=\"1\" data-sugg-time=\"500\" data-sugg-url=\"https:\/\/clients1.google.com\/complete\/search\" data-uilc=\"et\">\n<div id=\"tw-ob\" class=\"tw-src-ltr\">\n<div class=\"oSioSc\">\n<p>GSM: +372 5 014 470<\/p>\n<\/div>\n<\/div>\n<\/div>\n<\/div>\n<\/div>\n<\/div>\n<\/div>\n<\/div>\n<\/div>\n<\/div>\n<\/div>\n<\/div>\n<\/div>\n<\/div>\n<\/div>\n<\/div>\n<\/div>\n<\/div>\n<\/div>\n<p><\/main><\/section>\n","protected":false},"excerpt":{"rendered":"<p>Used multifunction color printer for a small or medium-sized office Print, Copy, Scan, Fax, File Print speed: 30 ppm (BK), 30 ppm (C) Print quality: 600 \u00d7 600 dpi Paper handling: standard 300 sheets Memory: 5GB, HDD: 500GB Display: 7\u2033 Colour Touch LCD Connectivity: USB, LAN, WIFI Compatible operating systems: Windows, Windows Server, Mac OS [&hellip;]<\/p>\n","protected":false},"featured_media":13573,"template":"","meta":{"_acf_changed":false},"product_brand":[],"product_cat":[335],"product_tag":[],"class_list":{"0":"post-13582","1":"product","2":"type-product","3":"status-publish","4":"has-post-thumbnail","6":"product_cat-a4-used-copiers","7":"product_brands-sharp-office-printers","9":"first","10":"outofstock","11":"taxable","12":"shipping-taxable","13":"purchasable","14":"product-type-simple"},"acf":[],"yoast_head":"<!-- This site is optimized with the Yoast SEO plugin v26.2 - https:\/\/yoast.com\/wordpress\/plugins\/seo\/ -->\n<title>Used SHARP MX-C303W MFP A4 Colour Laser - RTT<\/title>\n<meta name=\"description\" content=\"Sharp MX-C303W on kompaktne A4 formaadis v\u00e4rviline multifunktsionaalne printer (MFP), mis sobib h\u00e4sti v\u00e4ikestesse ja keskmise suurusega kontoritesse\" \/>\n<meta name=\"robots\" content=\"index, follow, max-snippet:-1, max-image-preview:large, max-video-preview:-1\" \/>\n<link rel=\"canonical\" href=\"https:\/\/rtt.ee\/en\/toode\/koopiamasinad-en\/a4-used-copiers\/kasutatud-sharp-mx-c303w-multifunktsionaalne-a4-varvi-laserprinter-2\/\" \/>\n<meta property=\"og:locale\" content=\"en_US\" \/>\n<meta property=\"og:type\" content=\"article\" \/>\n<meta property=\"og:title\" content=\"Used SHARP MX-C303W MFP A4 Colour Laser - RTT\" \/>\n<meta property=\"og:description\" content=\"Sharp MX-C303W on kompaktne A4 formaadis v\u00e4rviline multifunktsionaalne printer (MFP), mis sobib h\u00e4sti v\u00e4ikestesse ja keskmise suurusega kontoritesse\" \/>\n<meta property=\"og:url\" content=\"https:\/\/rtt.ee\/en\/toode\/koopiamasinad-en\/a4-used-copiers\/kasutatud-sharp-mx-c303w-multifunktsionaalne-a4-varvi-laserprinter-2\/\" \/>\n<meta property=\"og:site_name\" content=\"RTT\" \/>\n<meta property=\"article:modified_time\" content=\"2025-10-23T08:20:51+00:00\" \/>\n<meta property=\"og:image\" content=\"https:\/\/rtt.ee\/wp-content\/uploads\/2025\/10\/MXC304.jpg\" \/>\n\t<meta property=\"og:image:width\" content=\"868\" \/>\n\t<meta property=\"og:image:height\" content=\"1000\" \/>\n\t<meta property=\"og:image:type\" content=\"image\/jpeg\" \/>\n<meta name=\"twitter:card\" content=\"summary_large_image\" \/>\n<meta name=\"twitter:label1\" content=\"Est. reading time\" \/>\n\t<meta name=\"twitter:data1\" content=\"1 minute\" \/>\n<script type=\"application\/ld+json\" class=\"yoast-schema-graph\">{\"@context\":\"https:\/\/schema.org\",\"@graph\":[{\"@type\":\"WebPage\",\"@id\":\"https:\/\/rtt.ee\/en\/toode\/koopiamasinad-en\/a4-used-copiers\/kasutatud-sharp-mx-c303w-multifunktsionaalne-a4-varvi-laserprinter-2\/\",\"url\":\"https:\/\/rtt.ee\/en\/toode\/koopiamasinad-en\/a4-used-copiers\/kasutatud-sharp-mx-c303w-multifunktsionaalne-a4-varvi-laserprinter-2\/\",\"name\":\"Used SHARP MX-C303W MFP A4 Colour Laser - RTT\",\"isPartOf\":{\"@id\":\"https:\/\/rtt.ee\/en\/#website\"},\"primaryImageOfPage\":{\"@id\":\"https:\/\/rtt.ee\/en\/toode\/koopiamasinad-en\/a4-used-copiers\/kasutatud-sharp-mx-c303w-multifunktsionaalne-a4-varvi-laserprinter-2\/#primaryimage\"},\"image\":{\"@id\":\"https:\/\/rtt.ee\/en\/toode\/koopiamasinad-en\/a4-used-copiers\/kasutatud-sharp-mx-c303w-multifunktsionaalne-a4-varvi-laserprinter-2\/#primaryimage\"},\"thumbnailUrl\":\"https:\/\/rtt.ee\/wp-content\/uploads\/2025\/10\/MXC304.jpg\",\"datePublished\":\"2025-10-23T08:17:08+00:00\",\"dateModified\":\"2025-10-23T08:20:51+00:00\",\"description\":\"Sharp MX-C303W on kompaktne A4 formaadis v\u00e4rviline multifunktsionaalne printer (MFP), mis sobib h\u00e4sti v\u00e4ikestesse ja keskmise suurusega kontoritesse\",\"breadcrumb\":{\"@id\":\"https:\/\/rtt.ee\/en\/toode\/koopiamasinad-en\/a4-used-copiers\/kasutatud-sharp-mx-c303w-multifunktsionaalne-a4-varvi-laserprinter-2\/#breadcrumb\"},\"inLanguage\":\"en-US\",\"potentialAction\":[{\"@type\":\"ReadAction\",\"target\":[\"https:\/\/rtt.ee\/en\/toode\/koopiamasinad-en\/a4-used-copiers\/kasutatud-sharp-mx-c303w-multifunktsionaalne-a4-varvi-laserprinter-2\/\"]}]},{\"@type\":\"ImageObject\",\"inLanguage\":\"en-US\",\"@id\":\"https:\/\/rtt.ee\/en\/toode\/koopiamasinad-en\/a4-used-copiers\/kasutatud-sharp-mx-c303w-multifunktsionaalne-a4-varvi-laserprinter-2\/#primaryimage\",\"url\":\"https:\/\/rtt.ee\/wp-content\/uploads\/2025\/10\/MXC304.jpg\",\"contentUrl\":\"https:\/\/rtt.ee\/wp-content\/uploads\/2025\/10\/MXC304.jpg\",\"width\":868,\"height\":1000,\"caption\":\"MXC304\"},{\"@type\":\"BreadcrumbList\",\"@id\":\"https:\/\/rtt.ee\/en\/toode\/koopiamasinad-en\/a4-used-copiers\/kasutatud-sharp-mx-c303w-multifunktsionaalne-a4-varvi-laserprinter-2\/#breadcrumb\",\"itemListElement\":[{\"@type\":\"ListItem\",\"position\":1,\"name\":\"Home\",\"item\":\"https:\/\/rtt.ee\/en\/\"},{\"@type\":\"ListItem\",\"position\":2,\"name\":\"Shop\",\"item\":\"https:\/\/rtt.ee\/en\/shop\/\"},{\"@type\":\"ListItem\",\"position\":3,\"name\":\"Koopiamasinad\",\"item\":\"https:\/\/rtt.ee\/tootekategooria\/koopiamasinad\/\"},{\"@type\":\"ListItem\",\"position\":4,\"name\":\"Kasutatud koopiamasinad ja printerid\",\"item\":\"https:\/\/rtt.ee\/tootekategooria\/koopiamasinad\/kasutatud-koopiamasinad\/\"},{\"@type\":\"ListItem\",\"position\":5,\"name\":\"Used SHARP MX-C303W MFP A4 Colour Laser\"}]},{\"@type\":\"WebSite\",\"@id\":\"https:\/\/rtt.ee\/en\/#website\",\"url\":\"https:\/\/rtt.ee\/en\/\",\"name\":\"RTT\",\"description\":\"Kassaaparaadid ja kontorikaubad\",\"potentialAction\":[{\"@type\":\"SearchAction\",\"target\":{\"@type\":\"EntryPoint\",\"urlTemplate\":\"https:\/\/rtt.ee\/en\/?s={search_term_string}\"},\"query-input\":{\"@type\":\"PropertyValueSpecification\",\"valueRequired\":true,\"valueName\":\"search_term_string\"}}],\"inLanguage\":\"en-US\"}]}<\/script>\n<!-- \/ Yoast SEO plugin. -->","yoast_head_json":{"title":"Used SHARP MX-C303W MFP A4 Colour Laser - RTT","description":"Sharp MX-C303W on kompaktne A4 formaadis v\u00e4rviline multifunktsionaalne printer (MFP), mis sobib h\u00e4sti v\u00e4ikestesse ja keskmise suurusega kontoritesse","robots":{"index":"index","follow":"follow","max-snippet":"max-snippet:-1","max-image-preview":"max-image-preview:large","max-video-preview":"max-video-preview:-1"},"canonical":"https:\/\/rtt.ee\/en\/toode\/koopiamasinad-en\/a4-used-copiers\/kasutatud-sharp-mx-c303w-multifunktsionaalne-a4-varvi-laserprinter-2\/","og_locale":"en_US","og_type":"article","og_title":"Used SHARP MX-C303W MFP A4 Colour Laser - RTT","og_description":"Sharp MX-C303W on kompaktne A4 formaadis v\u00e4rviline multifunktsionaalne printer (MFP), mis sobib h\u00e4sti v\u00e4ikestesse ja keskmise suurusega kontoritesse","og_url":"https:\/\/rtt.ee\/en\/toode\/koopiamasinad-en\/a4-used-copiers\/kasutatud-sharp-mx-c303w-multifunktsionaalne-a4-varvi-laserprinter-2\/","og_site_name":"RTT","article_modified_time":"2025-10-23T08:20:51+00:00","og_image":[{"width":868,"height":1000,"url":"https:\/\/rtt.ee\/wp-content\/uploads\/2025\/10\/MXC304.jpg","type":"image\/jpeg"}],"twitter_card":"summary_large_image","twitter_misc":{"Est. reading time":"1 minute"},"schema":{"@context":"https:\/\/schema.org","@graph":[{"@type":"WebPage","@id":"https:\/\/rtt.ee\/en\/toode\/koopiamasinad-en\/a4-used-copiers\/kasutatud-sharp-mx-c303w-multifunktsionaalne-a4-varvi-laserprinter-2\/","url":"https:\/\/rtt.ee\/en\/toode\/koopiamasinad-en\/a4-used-copiers\/kasutatud-sharp-mx-c303w-multifunktsionaalne-a4-varvi-laserprinter-2\/","name":"Used SHARP MX-C303W MFP A4 Colour Laser - RTT","isPartOf":{"@id":"https:\/\/rtt.ee\/en\/#website"},"primaryImageOfPage":{"@id":"https:\/\/rtt.ee\/en\/toode\/koopiamasinad-en\/a4-used-copiers\/kasutatud-sharp-mx-c303w-multifunktsionaalne-a4-varvi-laserprinter-2\/#primaryimage"},"image":{"@id":"https:\/\/rtt.ee\/en\/toode\/koopiamasinad-en\/a4-used-copiers\/kasutatud-sharp-mx-c303w-multifunktsionaalne-a4-varvi-laserprinter-2\/#primaryimage"},"thumbnailUrl":"https:\/\/rtt.ee\/wp-content\/uploads\/2025\/10\/MXC304.jpg","datePublished":"2025-10-23T08:17:08+00:00","dateModified":"2025-10-23T08:20:51+00:00","description":"Sharp MX-C303W on kompaktne A4 formaadis v\u00e4rviline multifunktsionaalne printer (MFP), mis sobib h\u00e4sti v\u00e4ikestesse ja keskmise suurusega kontoritesse","breadcrumb":{"@id":"https:\/\/rtt.ee\/en\/toode\/koopiamasinad-en\/a4-used-copiers\/kasutatud-sharp-mx-c303w-multifunktsionaalne-a4-varvi-laserprinter-2\/#breadcrumb"},"inLanguage":"en-US","potentialAction":[{"@type":"ReadAction","target":["https:\/\/rtt.ee\/en\/toode\/koopiamasinad-en\/a4-used-copiers\/kasutatud-sharp-mx-c303w-multifunktsionaalne-a4-varvi-laserprinter-2\/"]}]},{"@type":"ImageObject","inLanguage":"en-US","@id":"https:\/\/rtt.ee\/en\/toode\/koopiamasinad-en\/a4-used-copiers\/kasutatud-sharp-mx-c303w-multifunktsionaalne-a4-varvi-laserprinter-2\/#primaryimage","url":"https:\/\/rtt.ee\/wp-content\/uploads\/2025\/10\/MXC304.jpg","contentUrl":"https:\/\/rtt.ee\/wp-content\/uploads\/2025\/10\/MXC304.jpg","width":868,"height":1000,"caption":"MXC304"},{"@type":"BreadcrumbList","@id":"https:\/\/rtt.ee\/en\/toode\/koopiamasinad-en\/a4-used-copiers\/kasutatud-sharp-mx-c303w-multifunktsionaalne-a4-varvi-laserprinter-2\/#breadcrumb","itemListElement":[{"@type":"ListItem","position":1,"name":"Home","item":"https:\/\/rtt.ee\/en\/"},{"@type":"ListItem","position":2,"name":"Shop","item":"https:\/\/rtt.ee\/en\/shop\/"},{"@type":"ListItem","position":3,"name":"Koopiamasinad","item":"https:\/\/rtt.ee\/tootekategooria\/koopiamasinad\/"},{"@type":"ListItem","position":4,"name":"Kasutatud koopiamasinad ja printerid","item":"https:\/\/rtt.ee\/tootekategooria\/koopiamasinad\/kasutatud-koopiamasinad\/"},{"@type":"ListItem","position":5,"name":"Used SHARP MX-C303W MFP A4 Colour Laser"}]},{"@type":"WebSite","@id":"https:\/\/rtt.ee\/en\/#website","url":"https:\/\/rtt.ee\/en\/","name":"RTT","description":"Kassaaparaadid ja kontorikaubad","potentialAction":[{"@type":"SearchAction","target":{"@type":"EntryPoint","urlTemplate":"https:\/\/rtt.ee\/en\/?s={search_term_string}"},"query-input":{"@type":"PropertyValueSpecification","valueRequired":true,"valueName":"search_term_string"}}],"inLanguage":"en-US"}]}},"_links":{"self":[{"href":"https:\/\/rtt.ee\/en\/wp-json\/wp\/v2\/product\/13582","targetHints":{"allow":["GET"]}}],"collection":[{"href":"https:\/\/rtt.ee\/en\/wp-json\/wp\/v2\/product"}],"about":[{"href":"https:\/\/rtt.ee\/en\/wp-json\/wp\/v2\/types\/product"}],"wp:featuredmedia":[{"embeddable":true,"href":"https:\/\/rtt.ee\/en\/wp-json\/wp\/v2\/media\/13573"}],"wp:attachment":[{"href":"https:\/\/rtt.ee\/en\/wp-json\/wp\/v2\/media?parent=13582"}],"wp:term":[{"taxonomy":"product_brand","embeddable":true,"href":"https:\/\/rtt.ee\/en\/wp-json\/wp\/v2\/product_brand?post=13582"},{"taxonomy":"product_cat","embeddable":true,"href":"https:\/\/rtt.ee\/en\/wp-json\/wp\/v2\/product_cat?post=13582"},{"taxonomy":"product_tag","embeddable":true,"href":"https:\/\/rtt.ee\/en\/wp-json\/wp\/v2\/product_tag?post=13582"}],"curies":[{"name":"wp","href":"https:\/\/api.w.org\/{rel}","templated":true}]}}