{"id":13543,"date":"2025-10-01T16:13:57","date_gmt":"2025-10-01T13:13:57","guid":{"rendered":"https:\/\/rtt.ee\/toode\/uncategorized\/tooner-must-hp-89x-cf289x\/"},"modified":"2026-03-18T14:46:50","modified_gmt":"2026-03-18T12:46:50","slug":"tooner-must-hp-89x-cf289x","status":"publish","type":"product","link":"https:\/\/rtt.ee\/en\/toode\/kulumaterjalid-en\/toonerid-en\/tooner-must-hp-89x-cf289x\/","title":{"rendered":"Tooner must HP 89X (CF289X) 10k"},"content":{"rendered":"<p>Sobivus: HP LaserJet Enterprise Flow MFP M528c, MFP M528z, HP LaserJet Enterprise MFP M528dn, MFP M528f, HP LaserJet Enterprise M507dn, M507dng, M507n, M507x<br \/>\nHP LaserJet Managed E50145dn, E52645c, E52645dn<\/p>\n<p>Tr\u00fckimaht kuni 10 000 lehte<\/p>\n","protected":false},"excerpt":{"rendered":"<p>Sobivus: HP LaserJet Enterprise Flow MFP M528c, MFP M528z, HP LaserJet Enterprise MFP M528dn, MFP M528f, HP LaserJet Enterprise M507dn, M507dng, M507n, M507x HP LaserJet Managed E50145dn, E52645c, E52645dn Tr\u00fckimaht kuni 10 000 lehte<\/p>\n","protected":false},"featured_media":10666,"template":"","meta":{"_acf_changed":false},"product_brand":[390],"product_cat":[155],"product_tag":[],"class_list":{"0":"post-13543","1":"product","2":"type-product","3":"status-publish","4":"has-post-thumbnail","6":"product_brand-hp","7":"product_cat-toonerid-en","8":"product_brands-hp-en","10":"first","11":"onbackorder","12":"taxable","13":"shipping-taxable","14":"purchasable","15":"product-type-simple"},"acf":[],"yoast_head":"<!-- This site is optimized with the Yoast SEO plugin v26.2 - https:\/\/yoast.com\/wordpress\/plugins\/seo\/ -->\n<title>Tooner must HP 89X (CF289X) 10k - RTT<\/title>\n<meta name=\"description\" content=\"originaaltooner tagab terava ja kvaliteetse tr\u00fcki. Usaldusv\u00e4\u00e4rne, kuluefektiivne ning ideaalne igap\u00e4evaseks kontorit\u00f6\u00f6ks.\" \/>\n<meta name=\"robots\" content=\"index, follow, max-snippet:-1, max-image-preview:large, max-video-preview:-1\" \/>\n<link rel=\"canonical\" href=\"https:\/\/rtt.ee\/en\/toode\/kulumaterjalid-en\/toonerid-en\/tooner-must-hp-89x-cf289x\/\" \/>\n<meta property=\"og:locale\" content=\"en_US\" \/>\n<meta property=\"og:type\" content=\"article\" \/>\n<meta property=\"og:title\" content=\"Tooner must HP 89X (CF289X) 10k - RTT\" \/>\n<meta property=\"og:description\" content=\"originaaltooner tagab terava ja kvaliteetse tr\u00fcki. Usaldusv\u00e4\u00e4rne, kuluefektiivne ning ideaalne igap\u00e4evaseks kontorit\u00f6\u00f6ks.\" \/>\n<meta property=\"og:url\" content=\"https:\/\/rtt.ee\/en\/toode\/kulumaterjalid-en\/toonerid-en\/tooner-must-hp-89x-cf289x\/\" \/>\n<meta property=\"og:site_name\" content=\"RTT\" \/>\n<meta property=\"article:modified_time\" content=\"2026-03-18T12:46:50+00:00\" \/>\n<meta property=\"og:image\" content=\"https:\/\/rtt.ee\/wp-content\/uploads\/2024\/03\/hp.png\" \/>\n\t<meta property=\"og:image:width\" content=\"1200\" \/>\n\t<meta property=\"og:image:height\" content=\"1200\" \/>\n\t<meta property=\"og:image:type\" content=\"image\/png\" \/>\n<meta name=\"twitter:card\" content=\"summary_large_image\" \/>\n<meta name=\"twitter:label1\" content=\"Est. reading time\" \/>\n\t<meta name=\"twitter:data1\" content=\"1 minute\" \/>\n<script type=\"application\/ld+json\" class=\"yoast-schema-graph\">{\"@context\":\"https:\/\/schema.org\",\"@graph\":[{\"@type\":\"WebPage\",\"@id\":\"https:\/\/rtt.ee\/en\/toode\/kulumaterjalid-en\/toonerid-en\/tooner-must-hp-89x-cf289x\/\",\"url\":\"https:\/\/rtt.ee\/en\/toode\/kulumaterjalid-en\/toonerid-en\/tooner-must-hp-89x-cf289x\/\",\"name\":\"Tooner must HP 89X (CF289X) 10k - RTT\",\"isPartOf\":{\"@id\":\"https:\/\/rtt.ee\/en\/#website\"},\"primaryImageOfPage\":{\"@id\":\"https:\/\/rtt.ee\/en\/toode\/kulumaterjalid-en\/toonerid-en\/tooner-must-hp-89x-cf289x\/#primaryimage\"},\"image\":{\"@id\":\"https:\/\/rtt.ee\/en\/toode\/kulumaterjalid-en\/toonerid-en\/tooner-must-hp-89x-cf289x\/#primaryimage\"},\"thumbnailUrl\":\"https:\/\/rtt.ee\/wp-content\/uploads\/2024\/03\/hp.png\",\"datePublished\":\"2025-10-01T13:13:57+00:00\",\"dateModified\":\"2026-03-18T12:46:50+00:00\",\"description\":\"originaaltooner tagab terava ja kvaliteetse tr\u00fcki. Usaldusv\u00e4\u00e4rne, kuluefektiivne ning ideaalne igap\u00e4evaseks kontorit\u00f6\u00f6ks.\",\"breadcrumb\":{\"@id\":\"https:\/\/rtt.ee\/en\/toode\/kulumaterjalid-en\/toonerid-en\/tooner-must-hp-89x-cf289x\/#breadcrumb\"},\"inLanguage\":\"en-US\",\"potentialAction\":[{\"@type\":\"ReadAction\",\"target\":[\"https:\/\/rtt.ee\/en\/toode\/kulumaterjalid-en\/toonerid-en\/tooner-must-hp-89x-cf289x\/\"]}]},{\"@type\":\"ImageObject\",\"inLanguage\":\"en-US\",\"@id\":\"https:\/\/rtt.ee\/en\/toode\/kulumaterjalid-en\/toonerid-en\/tooner-must-hp-89x-cf289x\/#primaryimage\",\"url\":\"https:\/\/rtt.ee\/wp-content\/uploads\/2024\/03\/hp.png\",\"contentUrl\":\"https:\/\/rtt.ee\/wp-content\/uploads\/2024\/03\/hp.png\",\"width\":1200,\"height\":1200},{\"@type\":\"BreadcrumbList\",\"@id\":\"https:\/\/rtt.ee\/en\/toode\/kulumaterjalid-en\/toonerid-en\/tooner-must-hp-89x-cf289x\/#breadcrumb\",\"itemListElement\":[{\"@type\":\"ListItem\",\"position\":1,\"name\":\"Home\",\"item\":\"https:\/\/rtt.ee\/en\/\"},{\"@type\":\"ListItem\",\"position\":2,\"name\":\"Shop\",\"item\":\"https:\/\/rtt.ee\/en\/shop\/\"},{\"@type\":\"ListItem\",\"position\":3,\"name\":\"Kulumaterjalid\",\"item\":\"https:\/\/rtt.ee\/tootekategooria\/kulumaterjalid\/\"},{\"@type\":\"ListItem\",\"position\":4,\"name\":\"Toonerid\",\"item\":\"https:\/\/rtt.ee\/tootekategooria\/kulumaterjalid\/toonerid\/\"},{\"@type\":\"ListItem\",\"position\":5,\"name\":\"Tooner must HP 89X (CF289X) 10k\"}]},{\"@type\":\"WebSite\",\"@id\":\"https:\/\/rtt.ee\/en\/#website\",\"url\":\"https:\/\/rtt.ee\/en\/\",\"name\":\"RTT\",\"description\":\"Kassaaparaadid ja kontorikaubad\",\"potentialAction\":[{\"@type\":\"SearchAction\",\"target\":{\"@type\":\"EntryPoint\",\"urlTemplate\":\"https:\/\/rtt.ee\/en\/?s={search_term_string}\"},\"query-input\":{\"@type\":\"PropertyValueSpecification\",\"valueRequired\":true,\"valueName\":\"search_term_string\"}}],\"inLanguage\":\"en-US\"}]}<\/script>\n<!-- \/ Yoast SEO plugin. -->","yoast_head_json":{"title":"Tooner must HP 89X (CF289X) 10k - RTT","description":"originaaltooner tagab terava ja kvaliteetse tr\u00fcki. Usaldusv\u00e4\u00e4rne, kuluefektiivne ning ideaalne igap\u00e4evaseks kontorit\u00f6\u00f6ks.","robots":{"index":"index","follow":"follow","max-snippet":"max-snippet:-1","max-image-preview":"max-image-preview:large","max-video-preview":"max-video-preview:-1"},"canonical":"https:\/\/rtt.ee\/en\/toode\/kulumaterjalid-en\/toonerid-en\/tooner-must-hp-89x-cf289x\/","og_locale":"en_US","og_type":"article","og_title":"Tooner must HP 89X (CF289X) 10k - RTT","og_description":"originaaltooner tagab terava ja kvaliteetse tr\u00fcki. Usaldusv\u00e4\u00e4rne, kuluefektiivne ning ideaalne igap\u00e4evaseks kontorit\u00f6\u00f6ks.","og_url":"https:\/\/rtt.ee\/en\/toode\/kulumaterjalid-en\/toonerid-en\/tooner-must-hp-89x-cf289x\/","og_site_name":"RTT","article_modified_time":"2026-03-18T12:46:50+00:00","og_image":[{"width":1200,"height":1200,"url":"https:\/\/rtt.ee\/wp-content\/uploads\/2024\/03\/hp.png","type":"image\/png"}],"twitter_card":"summary_large_image","twitter_misc":{"Est. reading time":"1 minute"},"schema":{"@context":"https:\/\/schema.org","@graph":[{"@type":"WebPage","@id":"https:\/\/rtt.ee\/en\/toode\/kulumaterjalid-en\/toonerid-en\/tooner-must-hp-89x-cf289x\/","url":"https:\/\/rtt.ee\/en\/toode\/kulumaterjalid-en\/toonerid-en\/tooner-must-hp-89x-cf289x\/","name":"Tooner must HP 89X (CF289X) 10k - RTT","isPartOf":{"@id":"https:\/\/rtt.ee\/en\/#website"},"primaryImageOfPage":{"@id":"https:\/\/rtt.ee\/en\/toode\/kulumaterjalid-en\/toonerid-en\/tooner-must-hp-89x-cf289x\/#primaryimage"},"image":{"@id":"https:\/\/rtt.ee\/en\/toode\/kulumaterjalid-en\/toonerid-en\/tooner-must-hp-89x-cf289x\/#primaryimage"},"thumbnailUrl":"https:\/\/rtt.ee\/wp-content\/uploads\/2024\/03\/hp.png","datePublished":"2025-10-01T13:13:57+00:00","dateModified":"2026-03-18T12:46:50+00:00","description":"originaaltooner tagab terava ja kvaliteetse tr\u00fcki. Usaldusv\u00e4\u00e4rne, kuluefektiivne ning ideaalne igap\u00e4evaseks kontorit\u00f6\u00f6ks.","breadcrumb":{"@id":"https:\/\/rtt.ee\/en\/toode\/kulumaterjalid-en\/toonerid-en\/tooner-must-hp-89x-cf289x\/#breadcrumb"},"inLanguage":"en-US","potentialAction":[{"@type":"ReadAction","target":["https:\/\/rtt.ee\/en\/toode\/kulumaterjalid-en\/toonerid-en\/tooner-must-hp-89x-cf289x\/"]}]},{"@type":"ImageObject","inLanguage":"en-US","@id":"https:\/\/rtt.ee\/en\/toode\/kulumaterjalid-en\/toonerid-en\/tooner-must-hp-89x-cf289x\/#primaryimage","url":"https:\/\/rtt.ee\/wp-content\/uploads\/2024\/03\/hp.png","contentUrl":"https:\/\/rtt.ee\/wp-content\/uploads\/2024\/03\/hp.png","width":1200,"height":1200},{"@type":"BreadcrumbList","@id":"https:\/\/rtt.ee\/en\/toode\/kulumaterjalid-en\/toonerid-en\/tooner-must-hp-89x-cf289x\/#breadcrumb","itemListElement":[{"@type":"ListItem","position":1,"name":"Home","item":"https:\/\/rtt.ee\/en\/"},{"@type":"ListItem","position":2,"name":"Shop","item":"https:\/\/rtt.ee\/en\/shop\/"},{"@type":"ListItem","position":3,"name":"Kulumaterjalid","item":"https:\/\/rtt.ee\/tootekategooria\/kulumaterjalid\/"},{"@type":"ListItem","position":4,"name":"Toonerid","item":"https:\/\/rtt.ee\/tootekategooria\/kulumaterjalid\/toonerid\/"},{"@type":"ListItem","position":5,"name":"Tooner must HP 89X (CF289X) 10k"}]},{"@type":"WebSite","@id":"https:\/\/rtt.ee\/en\/#website","url":"https:\/\/rtt.ee\/en\/","name":"RTT","description":"Kassaaparaadid ja kontorikaubad","potentialAction":[{"@type":"SearchAction","target":{"@type":"EntryPoint","urlTemplate":"https:\/\/rtt.ee\/en\/?s={search_term_string}"},"query-input":{"@type":"PropertyValueSpecification","valueRequired":true,"valueName":"search_term_string"}}],"inLanguage":"en-US"}]}},"_links":{"self":[{"href":"https:\/\/rtt.ee\/en\/wp-json\/wp\/v2\/product\/13543","targetHints":{"allow":["GET"]}}],"collection":[{"href":"https:\/\/rtt.ee\/en\/wp-json\/wp\/v2\/product"}],"about":[{"href":"https:\/\/rtt.ee\/en\/wp-json\/wp\/v2\/types\/product"}],"wp:featuredmedia":[{"embeddable":true,"href":"https:\/\/rtt.ee\/en\/wp-json\/wp\/v2\/media\/10666"}],"wp:attachment":[{"href":"https:\/\/rtt.ee\/en\/wp-json\/wp\/v2\/media?parent=13543"}],"wp:term":[{"taxonomy":"product_brand","embeddable":true,"href":"https:\/\/rtt.ee\/en\/wp-json\/wp\/v2\/product_brand?post=13543"},{"taxonomy":"product_cat","embeddable":true,"href":"https:\/\/rtt.ee\/en\/wp-json\/wp\/v2\/product_cat?post=13543"},{"taxonomy":"product_tag","embeddable":true,"href":"https:\/\/rtt.ee\/en\/wp-json\/wp\/v2\/product_tag?post=13543"}],"curies":[{"name":"wp","href":"https:\/\/api.w.org\/{rel}","templated":true}]}}