{"id":13531,"date":"2025-10-02T11:02:56","date_gmt":"2025-10-02T08:02:56","guid":{"rendered":"https:\/\/rtt.ee\/toode\/uncategorized\/tooner-punane-219a-w2193a\/"},"modified":"2026-03-18T15:10:53","modified_gmt":"2026-03-18T13:10:53","slug":"tooner-punane-219a-w2193a","status":"publish","type":"product","link":"https:\/\/rtt.ee\/en\/toode\/kulumaterjalid-en\/toonerid-en\/tooner-punane-219a-w2193a\/","title":{"rendered":"Tooner punane 219A (W2193A) 1,2k"},"content":{"rendered":"<p>Sobivus: Color LaserJet Pro 3202dn, 3202dng, 3202dw, 3202dwe, MFP 3302fdn, MFP 3302fdng, MFP 3302fdw, MFP 3302fdwg, MFP 3302sdw, MFP 3302sdwg<\/p>\n<p>Tr\u00fckimaht kuni 1200 lehte<\/p>\n","protected":false},"excerpt":{"rendered":"<p>Sobivus: Color LaserJet Pro 3202dn, 3202dng, 3202dw, 3202dwe, MFP 3302fdn, MFP 3302fdng, MFP 3302fdw, MFP 3302fdwg, MFP 3302sdw, MFP 3302sdwg Tr\u00fckimaht kuni 1200 lehte<\/p>\n","protected":false},"featured_media":10666,"template":"","meta":{"_acf_changed":false},"product_brand":[390],"product_cat":[155],"product_tag":[],"class_list":{"0":"post-13531","1":"product","2":"type-product","3":"status-publish","4":"has-post-thumbnail","6":"product_brand-hp","7":"product_cat-toonerid-en","8":"product_brands-hp-en","10":"first","11":"onbackorder","12":"taxable","13":"shipping-taxable","14":"purchasable","15":"product-type-simple"},"acf":[],"yoast_head":"<!-- This site is optimized with the Yoast SEO plugin v26.2 - https:\/\/yoast.com\/wordpress\/plugins\/seo\/ -->\n<title>Tooner punane 219A (W2193A) 1,2k - RTT<\/title>\n<meta name=\"description\" content=\"HP 219A (W2193A) originaaltooner tagab terava ja kvaliteetse tr\u00fcki. Usaldusv\u00e4\u00e4rne, kuluefektiivne ning ideaalne igap\u00e4evaseks kontorit\u00f6\u00f6ks.\" \/>\n<meta name=\"robots\" content=\"index, follow, max-snippet:-1, max-image-preview:large, max-video-preview:-1\" \/>\n<link rel=\"canonical\" href=\"https:\/\/rtt.ee\/en\/toode\/kulumaterjalid-en\/toonerid-en\/tooner-punane-219a-w2193a\/\" \/>\n<meta property=\"og:locale\" content=\"en_US\" \/>\n<meta property=\"og:type\" content=\"article\" \/>\n<meta property=\"og:title\" content=\"Tooner punane 219A (W2193A) 1,2k - RTT\" \/>\n<meta property=\"og:description\" content=\"HP 219A (W2193A) originaaltooner tagab terava ja kvaliteetse tr\u00fcki. Usaldusv\u00e4\u00e4rne, kuluefektiivne ning ideaalne igap\u00e4evaseks kontorit\u00f6\u00f6ks.\" \/>\n<meta property=\"og:url\" content=\"https:\/\/rtt.ee\/en\/toode\/kulumaterjalid-en\/toonerid-en\/tooner-punane-219a-w2193a\/\" \/>\n<meta property=\"og:site_name\" content=\"RTT\" \/>\n<meta property=\"article:modified_time\" content=\"2026-03-18T13:10:53+00:00\" \/>\n<meta property=\"og:image\" content=\"https:\/\/rtt.ee\/wp-content\/uploads\/2024\/03\/hp.png\" \/>\n\t<meta property=\"og:image:width\" content=\"1200\" \/>\n\t<meta property=\"og:image:height\" content=\"1200\" \/>\n\t<meta property=\"og:image:type\" content=\"image\/png\" \/>\n<meta name=\"twitter:card\" content=\"summary_large_image\" \/>\n<meta name=\"twitter:label1\" content=\"Est. reading time\" \/>\n\t<meta name=\"twitter:data1\" content=\"1 minute\" \/>\n<script type=\"application\/ld+json\" class=\"yoast-schema-graph\">{\"@context\":\"https:\/\/schema.org\",\"@graph\":[{\"@type\":\"WebPage\",\"@id\":\"https:\/\/rtt.ee\/en\/toode\/kulumaterjalid-en\/toonerid-en\/tooner-punane-219a-w2193a\/\",\"url\":\"https:\/\/rtt.ee\/en\/toode\/kulumaterjalid-en\/toonerid-en\/tooner-punane-219a-w2193a\/\",\"name\":\"Tooner punane 219A (W2193A) 1,2k - RTT\",\"isPartOf\":{\"@id\":\"https:\/\/rtt.ee\/en\/#website\"},\"primaryImageOfPage\":{\"@id\":\"https:\/\/rtt.ee\/en\/toode\/kulumaterjalid-en\/toonerid-en\/tooner-punane-219a-w2193a\/#primaryimage\"},\"image\":{\"@id\":\"https:\/\/rtt.ee\/en\/toode\/kulumaterjalid-en\/toonerid-en\/tooner-punane-219a-w2193a\/#primaryimage\"},\"thumbnailUrl\":\"https:\/\/rtt.ee\/wp-content\/uploads\/2024\/03\/hp.png\",\"datePublished\":\"2025-10-02T08:02:56+00:00\",\"dateModified\":\"2026-03-18T13:10:53+00:00\",\"description\":\"HP 219A (W2193A) originaaltooner tagab terava ja kvaliteetse tr\u00fcki. Usaldusv\u00e4\u00e4rne, kuluefektiivne ning ideaalne igap\u00e4evaseks kontorit\u00f6\u00f6ks.\",\"breadcrumb\":{\"@id\":\"https:\/\/rtt.ee\/en\/toode\/kulumaterjalid-en\/toonerid-en\/tooner-punane-219a-w2193a\/#breadcrumb\"},\"inLanguage\":\"en-US\",\"potentialAction\":[{\"@type\":\"ReadAction\",\"target\":[\"https:\/\/rtt.ee\/en\/toode\/kulumaterjalid-en\/toonerid-en\/tooner-punane-219a-w2193a\/\"]}]},{\"@type\":\"ImageObject\",\"inLanguage\":\"en-US\",\"@id\":\"https:\/\/rtt.ee\/en\/toode\/kulumaterjalid-en\/toonerid-en\/tooner-punane-219a-w2193a\/#primaryimage\",\"url\":\"https:\/\/rtt.ee\/wp-content\/uploads\/2024\/03\/hp.png\",\"contentUrl\":\"https:\/\/rtt.ee\/wp-content\/uploads\/2024\/03\/hp.png\",\"width\":1200,\"height\":1200},{\"@type\":\"BreadcrumbList\",\"@id\":\"https:\/\/rtt.ee\/en\/toode\/kulumaterjalid-en\/toonerid-en\/tooner-punane-219a-w2193a\/#breadcrumb\",\"itemListElement\":[{\"@type\":\"ListItem\",\"position\":1,\"name\":\"Home\",\"item\":\"https:\/\/rtt.ee\/en\/\"},{\"@type\":\"ListItem\",\"position\":2,\"name\":\"Shop\",\"item\":\"https:\/\/rtt.ee\/en\/shop\/\"},{\"@type\":\"ListItem\",\"position\":3,\"name\":\"Kulumaterjalid\",\"item\":\"https:\/\/rtt.ee\/tootekategooria\/kulumaterjalid\/\"},{\"@type\":\"ListItem\",\"position\":4,\"name\":\"Toonerid\",\"item\":\"https:\/\/rtt.ee\/tootekategooria\/kulumaterjalid\/toonerid\/\"},{\"@type\":\"ListItem\",\"position\":5,\"name\":\"Tooner punane 219A (W2193A) 1,2k\"}]},{\"@type\":\"WebSite\",\"@id\":\"https:\/\/rtt.ee\/en\/#website\",\"url\":\"https:\/\/rtt.ee\/en\/\",\"name\":\"RTT\",\"description\":\"Kassaaparaadid ja kontorikaubad\",\"potentialAction\":[{\"@type\":\"SearchAction\",\"target\":{\"@type\":\"EntryPoint\",\"urlTemplate\":\"https:\/\/rtt.ee\/en\/?s={search_term_string}\"},\"query-input\":{\"@type\":\"PropertyValueSpecification\",\"valueRequired\":true,\"valueName\":\"search_term_string\"}}],\"inLanguage\":\"en-US\"}]}<\/script>\n<!-- \/ Yoast SEO plugin. -->","yoast_head_json":{"title":"Tooner punane 219A (W2193A) 1,2k - RTT","description":"HP 219A (W2193A) originaaltooner tagab terava ja kvaliteetse tr\u00fcki. Usaldusv\u00e4\u00e4rne, kuluefektiivne ning ideaalne igap\u00e4evaseks kontorit\u00f6\u00f6ks.","robots":{"index":"index","follow":"follow","max-snippet":"max-snippet:-1","max-image-preview":"max-image-preview:large","max-video-preview":"max-video-preview:-1"},"canonical":"https:\/\/rtt.ee\/en\/toode\/kulumaterjalid-en\/toonerid-en\/tooner-punane-219a-w2193a\/","og_locale":"en_US","og_type":"article","og_title":"Tooner punane 219A (W2193A) 1,2k - RTT","og_description":"HP 219A (W2193A) originaaltooner tagab terava ja kvaliteetse tr\u00fcki. Usaldusv\u00e4\u00e4rne, kuluefektiivne ning ideaalne igap\u00e4evaseks kontorit\u00f6\u00f6ks.","og_url":"https:\/\/rtt.ee\/en\/toode\/kulumaterjalid-en\/toonerid-en\/tooner-punane-219a-w2193a\/","og_site_name":"RTT","article_modified_time":"2026-03-18T13:10:53+00:00","og_image":[{"width":1200,"height":1200,"url":"https:\/\/rtt.ee\/wp-content\/uploads\/2024\/03\/hp.png","type":"image\/png"}],"twitter_card":"summary_large_image","twitter_misc":{"Est. reading time":"1 minute"},"schema":{"@context":"https:\/\/schema.org","@graph":[{"@type":"WebPage","@id":"https:\/\/rtt.ee\/en\/toode\/kulumaterjalid-en\/toonerid-en\/tooner-punane-219a-w2193a\/","url":"https:\/\/rtt.ee\/en\/toode\/kulumaterjalid-en\/toonerid-en\/tooner-punane-219a-w2193a\/","name":"Tooner punane 219A (W2193A) 1,2k - RTT","isPartOf":{"@id":"https:\/\/rtt.ee\/en\/#website"},"primaryImageOfPage":{"@id":"https:\/\/rtt.ee\/en\/toode\/kulumaterjalid-en\/toonerid-en\/tooner-punane-219a-w2193a\/#primaryimage"},"image":{"@id":"https:\/\/rtt.ee\/en\/toode\/kulumaterjalid-en\/toonerid-en\/tooner-punane-219a-w2193a\/#primaryimage"},"thumbnailUrl":"https:\/\/rtt.ee\/wp-content\/uploads\/2024\/03\/hp.png","datePublished":"2025-10-02T08:02:56+00:00","dateModified":"2026-03-18T13:10:53+00:00","description":"HP 219A (W2193A) originaaltooner tagab terava ja kvaliteetse tr\u00fcki. Usaldusv\u00e4\u00e4rne, kuluefektiivne ning ideaalne igap\u00e4evaseks kontorit\u00f6\u00f6ks.","breadcrumb":{"@id":"https:\/\/rtt.ee\/en\/toode\/kulumaterjalid-en\/toonerid-en\/tooner-punane-219a-w2193a\/#breadcrumb"},"inLanguage":"en-US","potentialAction":[{"@type":"ReadAction","target":["https:\/\/rtt.ee\/en\/toode\/kulumaterjalid-en\/toonerid-en\/tooner-punane-219a-w2193a\/"]}]},{"@type":"ImageObject","inLanguage":"en-US","@id":"https:\/\/rtt.ee\/en\/toode\/kulumaterjalid-en\/toonerid-en\/tooner-punane-219a-w2193a\/#primaryimage","url":"https:\/\/rtt.ee\/wp-content\/uploads\/2024\/03\/hp.png","contentUrl":"https:\/\/rtt.ee\/wp-content\/uploads\/2024\/03\/hp.png","width":1200,"height":1200},{"@type":"BreadcrumbList","@id":"https:\/\/rtt.ee\/en\/toode\/kulumaterjalid-en\/toonerid-en\/tooner-punane-219a-w2193a\/#breadcrumb","itemListElement":[{"@type":"ListItem","position":1,"name":"Home","item":"https:\/\/rtt.ee\/en\/"},{"@type":"ListItem","position":2,"name":"Shop","item":"https:\/\/rtt.ee\/en\/shop\/"},{"@type":"ListItem","position":3,"name":"Kulumaterjalid","item":"https:\/\/rtt.ee\/tootekategooria\/kulumaterjalid\/"},{"@type":"ListItem","position":4,"name":"Toonerid","item":"https:\/\/rtt.ee\/tootekategooria\/kulumaterjalid\/toonerid\/"},{"@type":"ListItem","position":5,"name":"Tooner punane 219A (W2193A) 1,2k"}]},{"@type":"WebSite","@id":"https:\/\/rtt.ee\/en\/#website","url":"https:\/\/rtt.ee\/en\/","name":"RTT","description":"Kassaaparaadid ja kontorikaubad","potentialAction":[{"@type":"SearchAction","target":{"@type":"EntryPoint","urlTemplate":"https:\/\/rtt.ee\/en\/?s={search_term_string}"},"query-input":{"@type":"PropertyValueSpecification","valueRequired":true,"valueName":"search_term_string"}}],"inLanguage":"en-US"}]}},"_links":{"self":[{"href":"https:\/\/rtt.ee\/en\/wp-json\/wp\/v2\/product\/13531","targetHints":{"allow":["GET"]}}],"collection":[{"href":"https:\/\/rtt.ee\/en\/wp-json\/wp\/v2\/product"}],"about":[{"href":"https:\/\/rtt.ee\/en\/wp-json\/wp\/v2\/types\/product"}],"wp:featuredmedia":[{"embeddable":true,"href":"https:\/\/rtt.ee\/en\/wp-json\/wp\/v2\/media\/10666"}],"wp:attachment":[{"href":"https:\/\/rtt.ee\/en\/wp-json\/wp\/v2\/media?parent=13531"}],"wp:term":[{"taxonomy":"product_brand","embeddable":true,"href":"https:\/\/rtt.ee\/en\/wp-json\/wp\/v2\/product_brand?post=13531"},{"taxonomy":"product_cat","embeddable":true,"href":"https:\/\/rtt.ee\/en\/wp-json\/wp\/v2\/product_cat?post=13531"},{"taxonomy":"product_tag","embeddable":true,"href":"https:\/\/rtt.ee\/en\/wp-json\/wp\/v2\/product_tag?post=13531"}],"curies":[{"name":"wp","href":"https:\/\/api.w.org\/{rel}","templated":true}]}}