{"id":13514,"date":"2025-07-12T16:25:06","date_gmt":"2025-07-12T13:25:06","guid":{"rendered":"https:\/\/rtt.ee\/toode\/uncategorized\/sharp-bp-c131pweu-a4-varvi-laserprinter\/"},"modified":"2026-04-09T09:57:57","modified_gmt":"2026-04-09T06:57:57","slug":"sharp-bp-c131pweu-a4-varvi-laserprinter","status":"publish","type":"product","link":"https:\/\/rtt.ee\/en\/toode\/koopiamasinad-en\/a4-printer-en\/sharp-bp-c131pweu-a4-varvi-laserprinter\/","title":{"rendered":"Sharp BP-C131PWEU A4 v\u00e4rvi-laserprinter"},"content":{"rendered":"<p>Funktsioonid: printimine<\/p>\n<p>Tr\u00fckikiirus A4: 31 Lk\/min (must-valge ja v\u00e4rviline)<\/p>\n<p>Tr\u00fckikvaliteet (dpi): 600 x 600<\/p>\n<p>M\u00e4lu: 2GB<\/p>\n<p>HDD: 16GB eMMC<\/p>\n<p>Paberis\u00f6\u00f6tja maht: 300 lehte (Standard), 800 lehte (lisav\u00f5imalus)<\/p>\n<p>\u00dchendused: USB, Ethernet, WiFi<\/p>\n<p>Toetatavad operatsioonis\u00fcsteemid: Windows, Windows Server, MacOS<\/p>\n<p>Lisainfo:\u00a0<a href=\"https:\/\/www.sharp.eu\/sharp-bp-c131pw\">Tehniline kirjeldus inglise keeles<\/a><\/p>\n<p>Tel: +372 6 112 256<\/p>\n<p>GSM: +372 5 014 470<\/p>\n<p><strong>Pakume SHARP BP-C131PW printeri paindlikku rendiv\u00f5imalust:<\/strong><\/p>\n<p>Rendiperiood\u00a0<strong>36 kuud<\/strong>\u00a0igakuine makse\u00a0<strong>32+KM<\/strong><\/p>\n<p>Rendiperiood\u00a0<strong>48 kuud<\/strong>\u00a0igakuine makse\u00a0<strong>25+KM<\/strong><\/p>\n<ul>\n<li><strong>T\u00f6\u00f6kindel ja kvaliteetne<\/strong>\u00a0\u2013 SHARP tehnoloogia, millele saad loota<\/li>\n<li><strong>Tasuta paigaldus ja h\u00e4\u00e4lestus<\/strong>\u00a0\u2013 mugav stardipakett ilma lisakuludeta<\/li>\n<li><strong>Rendiperioodi l\u00f5pus<\/strong>\u00a0\u2013 v\u00f5imalus seade v\u00e4lja osta v\u00f5i renti j\u00e4tkata<\/li>\n<li><strong>Kiire klienditugi<\/strong>\u00a0\u2013 tehniline abi kuni 4 tunni jooksul<\/li>\n<\/ul>\n<p>Soovitame juurde\u00a0<strong>T\u00c4ISHOOLDUSLEPING<\/strong><\/p>\n<p><span style=\"color: #ff0000;font-size: 14pt\"><strong>Lisainfo:\u00a0<a style=\"color: #ff0000\" href=\"https:\/\/kontoriprinter.ee\/\">Kontoriprinter.ee<\/a><\/strong><\/span><\/p>\n","protected":false},"excerpt":{"rendered":"<p>Funktsioonid: printimine Tr\u00fckikiirus A4: 31 Lk\/min (must-valge ja v\u00e4rviline) Tr\u00fckikvaliteet (dpi): 600 x 600 M\u00e4lu: 2GB HDD: 16GB eMMC Paberis\u00f6\u00f6tja maht: 300 lehte (Standard), 800 lehte (lisav\u00f5imalus) \u00dchendused: USB, Ethernet, WiFi Toetatavad operatsioonis\u00fcsteemid: Windows, Windows Server, MacOS Lisainfo:\u00a0Tehniline kirjeldus inglise keeles Tel: +372 6 112 256 GSM: +372 5 014 470 Pakume SHARP BP-C131PW printeri [&hellip;]<\/p>\n","protected":false},"featured_media":12050,"template":"","meta":{"_acf_changed":false},"product_brand":[],"product_cat":[128,329],"product_tag":[],"class_list":{"0":"post-13514","1":"product","2":"type-product","3":"status-publish","4":"has-post-thumbnail","6":"product_cat-printerid-en","7":"product_cat-a4-printer-en","8":"product_brands-sharp-office-printers","10":"first","11":"onbackorder","12":"sale","13":"taxable","14":"shipping-taxable","15":"purchasable","16":"product-type-simple"},"acf":[],"yoast_head":"<!-- This site is optimized with the Yoast SEO plugin v26.2 - https:\/\/yoast.com\/wordpress\/plugins\/seo\/ -->\n<title>Sharp BP-C131PWEU A4 v\u00e4rvi-laserprinter - RTT<\/title>\n<meta name=\"description\" content=\"Sharp BP-C131PWEU \u2013 maailma \u00fcks v\u00e4iksemaid A4 v\u00e4rvi-laserprintereid. WiFi ja professionaalne tr\u00fckikvaliteet. Ideaalne kodukontorisse v\u00f5i v\u00e4iksesse b\u00fcroosse!\" \/>\n<meta name=\"robots\" content=\"index, follow, max-snippet:-1, max-image-preview:large, max-video-preview:-1\" \/>\n<link rel=\"canonical\" href=\"https:\/\/rtt.ee\/en\/toode\/koopiamasinad-en\/a4-printer-en\/sharp-bp-c131pweu-a4-varvi-laserprinter\/\" \/>\n<meta property=\"og:locale\" content=\"en_US\" \/>\n<meta property=\"og:type\" content=\"article\" \/>\n<meta property=\"og:title\" content=\"Sharp BP-C131PWEU A4 v\u00e4rvi-laserprinter - RTT\" \/>\n<meta property=\"og:description\" content=\"Sharp BP-C131PWEU \u2013 maailma \u00fcks v\u00e4iksemaid A4 v\u00e4rvi-laserprintereid. WiFi ja professionaalne tr\u00fckikvaliteet. Ideaalne kodukontorisse v\u00f5i v\u00e4iksesse b\u00fcroosse!\" \/>\n<meta property=\"og:url\" content=\"https:\/\/rtt.ee\/en\/toode\/koopiamasinad-en\/a4-printer-en\/sharp-bp-c131pweu-a4-varvi-laserprinter\/\" \/>\n<meta property=\"og:site_name\" content=\"RTT\" \/>\n<meta property=\"article:modified_time\" content=\"2026-04-09T06:57:57+00:00\" \/>\n<meta property=\"og:image\" content=\"https:\/\/rtt.ee\/wp-content\/uploads\/2025\/07\/BP-C131PWEU-1024x975.png\" \/>\n\t<meta property=\"og:image:width\" content=\"1024\" \/>\n\t<meta property=\"og:image:height\" content=\"975\" \/>\n\t<meta property=\"og:image:type\" content=\"image\/png\" \/>\n<meta name=\"twitter:card\" content=\"summary_large_image\" \/>\n<meta name=\"twitter:label1\" content=\"Est. reading time\" \/>\n\t<meta name=\"twitter:data1\" content=\"1 minute\" \/>\n<script type=\"application\/ld+json\" class=\"yoast-schema-graph\">{\"@context\":\"https:\/\/schema.org\",\"@graph\":[{\"@type\":\"WebPage\",\"@id\":\"https:\/\/rtt.ee\/en\/toode\/koopiamasinad-en\/a4-printer-en\/sharp-bp-c131pweu-a4-varvi-laserprinter\/\",\"url\":\"https:\/\/rtt.ee\/en\/toode\/koopiamasinad-en\/a4-printer-en\/sharp-bp-c131pweu-a4-varvi-laserprinter\/\",\"name\":\"Sharp BP-C131PWEU A4 v\u00e4rvi-laserprinter - RTT\",\"isPartOf\":{\"@id\":\"https:\/\/rtt.ee\/en\/#website\"},\"primaryImageOfPage\":{\"@id\":\"https:\/\/rtt.ee\/en\/toode\/koopiamasinad-en\/a4-printer-en\/sharp-bp-c131pweu-a4-varvi-laserprinter\/#primaryimage\"},\"image\":{\"@id\":\"https:\/\/rtt.ee\/en\/toode\/koopiamasinad-en\/a4-printer-en\/sharp-bp-c131pweu-a4-varvi-laserprinter\/#primaryimage\"},\"thumbnailUrl\":\"https:\/\/rtt.ee\/wp-content\/uploads\/2025\/07\/BP-C131PWEU.png\",\"datePublished\":\"2025-07-12T13:25:06+00:00\",\"dateModified\":\"2026-04-09T06:57:57+00:00\",\"description\":\"Sharp BP-C131PWEU \u2013 maailma \u00fcks v\u00e4iksemaid A4 v\u00e4rvi-laserprintereid. WiFi ja professionaalne tr\u00fckikvaliteet. Ideaalne kodukontorisse v\u00f5i v\u00e4iksesse b\u00fcroosse!\",\"breadcrumb\":{\"@id\":\"https:\/\/rtt.ee\/en\/toode\/koopiamasinad-en\/a4-printer-en\/sharp-bp-c131pweu-a4-varvi-laserprinter\/#breadcrumb\"},\"inLanguage\":\"en-US\",\"potentialAction\":[{\"@type\":\"ReadAction\",\"target\":[\"https:\/\/rtt.ee\/en\/toode\/koopiamasinad-en\/a4-printer-en\/sharp-bp-c131pweu-a4-varvi-laserprinter\/\"]}]},{\"@type\":\"ImageObject\",\"inLanguage\":\"en-US\",\"@id\":\"https:\/\/rtt.ee\/en\/toode\/koopiamasinad-en\/a4-printer-en\/sharp-bp-c131pweu-a4-varvi-laserprinter\/#primaryimage\",\"url\":\"https:\/\/rtt.ee\/wp-content\/uploads\/2025\/07\/BP-C131PWEU.png\",\"contentUrl\":\"https:\/\/rtt.ee\/wp-content\/uploads\/2025\/07\/BP-C131PWEU.png\",\"width\":3230,\"height\":3074},{\"@type\":\"BreadcrumbList\",\"@id\":\"https:\/\/rtt.ee\/en\/toode\/koopiamasinad-en\/a4-printer-en\/sharp-bp-c131pweu-a4-varvi-laserprinter\/#breadcrumb\",\"itemListElement\":[{\"@type\":\"ListItem\",\"position\":1,\"name\":\"Home\",\"item\":\"https:\/\/rtt.ee\/en\/\"},{\"@type\":\"ListItem\",\"position\":2,\"name\":\"Shop\",\"item\":\"https:\/\/rtt.ee\/en\/shop\/\"},{\"@type\":\"ListItem\",\"position\":3,\"name\":\"Printerid\",\"item\":\"https:\/\/rtt.ee\/tootekategooria\/printerid\/\"},{\"@type\":\"ListItem\",\"position\":4,\"name\":\"A3 ja A4 Printer\",\"item\":\"https:\/\/rtt.ee\/tootekategooria\/printerid\/a4-printer\/\"},{\"@type\":\"ListItem\",\"position\":5,\"name\":\"Sharp BP-C131PWEU A4 v\u00e4rvi-laserprinter\"}]},{\"@type\":\"WebSite\",\"@id\":\"https:\/\/rtt.ee\/en\/#website\",\"url\":\"https:\/\/rtt.ee\/en\/\",\"name\":\"RTT\",\"description\":\"Kassaaparaadid ja kontorikaubad\",\"potentialAction\":[{\"@type\":\"SearchAction\",\"target\":{\"@type\":\"EntryPoint\",\"urlTemplate\":\"https:\/\/rtt.ee\/en\/?s={search_term_string}\"},\"query-input\":{\"@type\":\"PropertyValueSpecification\",\"valueRequired\":true,\"valueName\":\"search_term_string\"}}],\"inLanguage\":\"en-US\"}]}<\/script>\n<!-- \/ Yoast SEO plugin. -->","yoast_head_json":{"title":"Sharp BP-C131PWEU A4 v\u00e4rvi-laserprinter - RTT","description":"Sharp BP-C131PWEU \u2013 maailma \u00fcks v\u00e4iksemaid A4 v\u00e4rvi-laserprintereid. WiFi ja professionaalne tr\u00fckikvaliteet. Ideaalne kodukontorisse v\u00f5i v\u00e4iksesse b\u00fcroosse!","robots":{"index":"index","follow":"follow","max-snippet":"max-snippet:-1","max-image-preview":"max-image-preview:large","max-video-preview":"max-video-preview:-1"},"canonical":"https:\/\/rtt.ee\/en\/toode\/koopiamasinad-en\/a4-printer-en\/sharp-bp-c131pweu-a4-varvi-laserprinter\/","og_locale":"en_US","og_type":"article","og_title":"Sharp BP-C131PWEU A4 v\u00e4rvi-laserprinter - RTT","og_description":"Sharp BP-C131PWEU \u2013 maailma \u00fcks v\u00e4iksemaid A4 v\u00e4rvi-laserprintereid. WiFi ja professionaalne tr\u00fckikvaliteet. Ideaalne kodukontorisse v\u00f5i v\u00e4iksesse b\u00fcroosse!","og_url":"https:\/\/rtt.ee\/en\/toode\/koopiamasinad-en\/a4-printer-en\/sharp-bp-c131pweu-a4-varvi-laserprinter\/","og_site_name":"RTT","article_modified_time":"2026-04-09T06:57:57+00:00","og_image":[{"width":1024,"height":975,"url":"https:\/\/rtt.ee\/wp-content\/uploads\/2025\/07\/BP-C131PWEU-1024x975.png","type":"image\/png"}],"twitter_card":"summary_large_image","twitter_misc":{"Est. reading time":"1 minute"},"schema":{"@context":"https:\/\/schema.org","@graph":[{"@type":"WebPage","@id":"https:\/\/rtt.ee\/en\/toode\/koopiamasinad-en\/a4-printer-en\/sharp-bp-c131pweu-a4-varvi-laserprinter\/","url":"https:\/\/rtt.ee\/en\/toode\/koopiamasinad-en\/a4-printer-en\/sharp-bp-c131pweu-a4-varvi-laserprinter\/","name":"Sharp BP-C131PWEU A4 v\u00e4rvi-laserprinter - RTT","isPartOf":{"@id":"https:\/\/rtt.ee\/en\/#website"},"primaryImageOfPage":{"@id":"https:\/\/rtt.ee\/en\/toode\/koopiamasinad-en\/a4-printer-en\/sharp-bp-c131pweu-a4-varvi-laserprinter\/#primaryimage"},"image":{"@id":"https:\/\/rtt.ee\/en\/toode\/koopiamasinad-en\/a4-printer-en\/sharp-bp-c131pweu-a4-varvi-laserprinter\/#primaryimage"},"thumbnailUrl":"https:\/\/rtt.ee\/wp-content\/uploads\/2025\/07\/BP-C131PWEU.png","datePublished":"2025-07-12T13:25:06+00:00","dateModified":"2026-04-09T06:57:57+00:00","description":"Sharp BP-C131PWEU \u2013 maailma \u00fcks v\u00e4iksemaid A4 v\u00e4rvi-laserprintereid. WiFi ja professionaalne tr\u00fckikvaliteet. Ideaalne kodukontorisse v\u00f5i v\u00e4iksesse b\u00fcroosse!","breadcrumb":{"@id":"https:\/\/rtt.ee\/en\/toode\/koopiamasinad-en\/a4-printer-en\/sharp-bp-c131pweu-a4-varvi-laserprinter\/#breadcrumb"},"inLanguage":"en-US","potentialAction":[{"@type":"ReadAction","target":["https:\/\/rtt.ee\/en\/toode\/koopiamasinad-en\/a4-printer-en\/sharp-bp-c131pweu-a4-varvi-laserprinter\/"]}]},{"@type":"ImageObject","inLanguage":"en-US","@id":"https:\/\/rtt.ee\/en\/toode\/koopiamasinad-en\/a4-printer-en\/sharp-bp-c131pweu-a4-varvi-laserprinter\/#primaryimage","url":"https:\/\/rtt.ee\/wp-content\/uploads\/2025\/07\/BP-C131PWEU.png","contentUrl":"https:\/\/rtt.ee\/wp-content\/uploads\/2025\/07\/BP-C131PWEU.png","width":3230,"height":3074},{"@type":"BreadcrumbList","@id":"https:\/\/rtt.ee\/en\/toode\/koopiamasinad-en\/a4-printer-en\/sharp-bp-c131pweu-a4-varvi-laserprinter\/#breadcrumb","itemListElement":[{"@type":"ListItem","position":1,"name":"Home","item":"https:\/\/rtt.ee\/en\/"},{"@type":"ListItem","position":2,"name":"Shop","item":"https:\/\/rtt.ee\/en\/shop\/"},{"@type":"ListItem","position":3,"name":"Printerid","item":"https:\/\/rtt.ee\/tootekategooria\/printerid\/"},{"@type":"ListItem","position":4,"name":"A3 ja A4 Printer","item":"https:\/\/rtt.ee\/tootekategooria\/printerid\/a4-printer\/"},{"@type":"ListItem","position":5,"name":"Sharp BP-C131PWEU A4 v\u00e4rvi-laserprinter"}]},{"@type":"WebSite","@id":"https:\/\/rtt.ee\/en\/#website","url":"https:\/\/rtt.ee\/en\/","name":"RTT","description":"Kassaaparaadid ja kontorikaubad","potentialAction":[{"@type":"SearchAction","target":{"@type":"EntryPoint","urlTemplate":"https:\/\/rtt.ee\/en\/?s={search_term_string}"},"query-input":{"@type":"PropertyValueSpecification","valueRequired":true,"valueName":"search_term_string"}}],"inLanguage":"en-US"}]}},"_links":{"self":[{"href":"https:\/\/rtt.ee\/en\/wp-json\/wp\/v2\/product\/13514","targetHints":{"allow":["GET"]}}],"collection":[{"href":"https:\/\/rtt.ee\/en\/wp-json\/wp\/v2\/product"}],"about":[{"href":"https:\/\/rtt.ee\/en\/wp-json\/wp\/v2\/types\/product"}],"wp:featuredmedia":[{"embeddable":true,"href":"https:\/\/rtt.ee\/en\/wp-json\/wp\/v2\/media\/12050"}],"wp:attachment":[{"href":"https:\/\/rtt.ee\/en\/wp-json\/wp\/v2\/media?parent=13514"}],"wp:term":[{"taxonomy":"product_brand","embeddable":true,"href":"https:\/\/rtt.ee\/en\/wp-json\/wp\/v2\/product_brand?post=13514"},{"taxonomy":"product_cat","embeddable":true,"href":"https:\/\/rtt.ee\/en\/wp-json\/wp\/v2\/product_cat?post=13514"},{"taxonomy":"product_tag","embeddable":true,"href":"https:\/\/rtt.ee\/en\/wp-json\/wp\/v2\/product_tag?post=13514"}],"curies":[{"name":"wp","href":"https:\/\/api.w.org\/{rel}","templated":true}]}}