{"id":13493,"date":"2025-10-02T10:49:41","date_gmt":"2025-10-02T07:49:41","guid":{"rendered":"https:\/\/rtt.ee\/toode\/uncategorized\/hp-laserjet-pro-mfp-3302fdw-multifunktsionaalne-a4-varvi-laserprinter\/"},"modified":"2026-01-31T00:00:00","modified_gmt":"2026-01-30T22:00:00","slug":"hp-laserjet-pro-mfp-3302fdw-multifunktsionaalne-a4-varvi-laserprinter","status":"publish","type":"product","link":"https:\/\/rtt.ee\/en\/toode\/koopiamasinad-en\/a4-printer-skanner-koopiamasinad-en\/hp-laserjet-pro-mfp-3302fdw-multifunktsionaalne-a4-varvi-laserprinter\/","title":{"rendered":"HP Color LaserJet Pro MFP 3302fdw"},"content":{"rendered":"<p class=\"spec-title\">Functions: Print, copy, scan<\/p>\n<p>Print speed: max 25 ppm (colour &amp; B\/W)<\/p>\n<p>Print quality (best): 600&#215;600 (B\/W), 600&#215;600 (C)<\/p>\n<p>Paper handling: Standard 250 sheets (50 lehte bybass)<\/p>\n<p>Display: 4,3&#8243; Touch Screen<\/p>\n<p>Memory: 512MB<\/p>\n<p>Recommended monthly page volume:\u00a0 150-2500 sheets<\/p>\n<p>Connectivity: USB, LAN, WIFI<\/p>\n<p>Compatible operating systems: Windows 11, Windows 10, Android, iOS, macOS 13, macOS 12 , macOS 11, Linux, MS Windows Server 2022, MS Windows Server 2019, MS Windows Server 2016<\/p>\n<p><a href=\"https:\/\/www.hp.com\/ee-et\/products\/printers\/product-details\/product-specifications\/2101440398\">Product specifications<\/a><\/p>\n<p>Tel: +372 6 112 256<br \/>\nGSM: +372 5 014 470<\/p>\n","protected":false},"excerpt":{"rendered":"<p>Functions: Print, copy, scan Print speed: max 25 ppm (colour &amp; B\/W) Print quality (best): 600&#215;600 (B\/W), 600&#215;600 (C) Paper handling: Standard 250 sheets (50 lehte bybass) Display: 4,3&#8243; Touch Screen Memory: 512MB Recommended monthly page volume:\u00a0 150-2500 sheets Connectivity: USB, LAN, WIFI Compatible operating systems: Windows 11, Windows 10, Android, iOS, macOS 13, macOS [&hellip;]<\/p>\n","protected":false},"featured_media":13093,"template":"","meta":{"_acf_changed":false},"product_brand":[],"product_cat":[115,118],"product_tag":[],"class_list":{"0":"post-13493","1":"product","2":"type-product","3":"status-publish","4":"has-post-thumbnail","6":"product_cat-koopiamasinad-en","7":"product_cat-a4-printer-skanner-koopiamasinad-en","8":"product_brands-hp-en","10":"first","11":"onbackorder","12":"sale","13":"taxable","14":"shipping-taxable","15":"purchasable","16":"product-type-simple"},"acf":[],"yoast_head":"<!-- This site is optimized with the Yoast SEO plugin v26.2 - https:\/\/yoast.com\/wordpress\/plugins\/seo\/ -->\n<title>HP Color LaserJet Pro MFP 3302fdw - RTT<\/title>\n<meta name=\"description\" content=\"HP Color LaserJet Pro MFP 3302fdw:Kiire ja energias\u00e4\u00e4stlik v\u00e4rviline multifunktsionaalne printer v\u00e4ikestele t\u00f6\u00f6gruppidele \u2013 printimine, skaneerimine, kopeerimine \u00fches seadmes.\" \/>\n<meta name=\"robots\" content=\"index, follow, max-snippet:-1, max-image-preview:large, max-video-preview:-1\" \/>\n<link rel=\"canonical\" href=\"https:\/\/rtt.ee\/toode\/koopiamasinad\/a4-printer-skanner-koopiamasinad\/hp-laserjet-pro-mfp-3302fdw-multifunktsionaalne-a4-varvi-laserprinter\/\" \/>\n<meta property=\"og:locale\" content=\"en_US\" \/>\n<meta property=\"og:type\" content=\"article\" \/>\n<meta property=\"og:title\" content=\"HP Color LaserJet Pro MFP 3302fdw - RTT\" \/>\n<meta property=\"og:description\" content=\"HP Color LaserJet Pro MFP 3302fdw:Kiire ja energias\u00e4\u00e4stlik v\u00e4rviline multifunktsionaalne printer v\u00e4ikestele t\u00f6\u00f6gruppidele \u2013 printimine, skaneerimine, kopeerimine \u00fches seadmes.\" \/>\n<meta property=\"og:url\" content=\"https:\/\/rtt.ee\/toode\/koopiamasinad\/a4-printer-skanner-koopiamasinad\/hp-laserjet-pro-mfp-3302fdw-multifunktsionaalne-a4-varvi-laserprinter\/\" \/>\n<meta property=\"og:site_name\" content=\"RTT\" \/>\n<meta property=\"article:modified_time\" content=\"2026-01-30T22:00:00+00:00\" \/>\n<meta property=\"og:image\" content=\"https:\/\/rtt.ee\/wp-content\/uploads\/2025\/10\/499Q8FB19.jpg\" \/>\n\t<meta property=\"og:image:width\" content=\"1200\" \/>\n\t<meta property=\"og:image:height\" content=\"900\" \/>\n\t<meta property=\"og:image:type\" content=\"image\/jpeg\" \/>\n<meta name=\"twitter:card\" content=\"summary_large_image\" \/>\n<meta name=\"twitter:label1\" content=\"Est. reading time\" \/>\n\t<meta name=\"twitter:data1\" content=\"1 minute\" \/>\n<script type=\"application\/ld+json\" class=\"yoast-schema-graph\">{\"@context\":\"https:\/\/schema.org\",\"@graph\":[{\"@type\":\"WebPage\",\"@id\":\"https:\/\/rtt.ee\/toode\/koopiamasinad\/a4-printer-skanner-koopiamasinad\/hp-laserjet-pro-mfp-3302fdw-multifunktsionaalne-a4-varvi-laserprinter\/\",\"url\":\"https:\/\/rtt.ee\/toode\/koopiamasinad\/a4-printer-skanner-koopiamasinad\/hp-laserjet-pro-mfp-3302fdw-multifunktsionaalne-a4-varvi-laserprinter\/\",\"name\":\"HP Color LaserJet Pro MFP 3302fdw - RTT\",\"isPartOf\":{\"@id\":\"https:\/\/rtt.ee\/en\/#website\"},\"primaryImageOfPage\":{\"@id\":\"https:\/\/rtt.ee\/toode\/koopiamasinad\/a4-printer-skanner-koopiamasinad\/hp-laserjet-pro-mfp-3302fdw-multifunktsionaalne-a4-varvi-laserprinter\/#primaryimage\"},\"image\":{\"@id\":\"https:\/\/rtt.ee\/toode\/koopiamasinad\/a4-printer-skanner-koopiamasinad\/hp-laserjet-pro-mfp-3302fdw-multifunktsionaalne-a4-varvi-laserprinter\/#primaryimage\"},\"thumbnailUrl\":\"https:\/\/rtt.ee\/wp-content\/uploads\/2025\/10\/499Q8FB19-e1774533965109.jpg\",\"datePublished\":\"2025-10-02T07:49:41+00:00\",\"dateModified\":\"2026-01-30T22:00:00+00:00\",\"description\":\"HP Color LaserJet Pro MFP 3302fdw:Kiire ja energias\u00e4\u00e4stlik v\u00e4rviline multifunktsionaalne printer v\u00e4ikestele t\u00f6\u00f6gruppidele \u2013 printimine, skaneerimine, kopeerimine \u00fches seadmes.\",\"breadcrumb\":{\"@id\":\"https:\/\/rtt.ee\/toode\/koopiamasinad\/a4-printer-skanner-koopiamasinad\/hp-laserjet-pro-mfp-3302fdw-multifunktsionaalne-a4-varvi-laserprinter\/#breadcrumb\"},\"inLanguage\":\"en-US\",\"potentialAction\":[{\"@type\":\"ReadAction\",\"target\":[\"https:\/\/rtt.ee\/toode\/koopiamasinad\/a4-printer-skanner-koopiamasinad\/hp-laserjet-pro-mfp-3302fdw-multifunktsionaalne-a4-varvi-laserprinter\/\"]}]},{\"@type\":\"ImageObject\",\"inLanguage\":\"en-US\",\"@id\":\"https:\/\/rtt.ee\/toode\/koopiamasinad\/a4-printer-skanner-koopiamasinad\/hp-laserjet-pro-mfp-3302fdw-multifunktsionaalne-a4-varvi-laserprinter\/#primaryimage\",\"url\":\"https:\/\/rtt.ee\/wp-content\/uploads\/2025\/10\/499Q8FB19-e1774533965109.jpg\",\"contentUrl\":\"https:\/\/rtt.ee\/wp-content\/uploads\/2025\/10\/499Q8FB19-e1774533965109.jpg\",\"width\":1200,\"height\":900,\"caption\":\"499Q8F#B19\"},{\"@type\":\"BreadcrumbList\",\"@id\":\"https:\/\/rtt.ee\/toode\/koopiamasinad\/a4-printer-skanner-koopiamasinad\/hp-laserjet-pro-mfp-3302fdw-multifunktsionaalne-a4-varvi-laserprinter\/#breadcrumb\",\"itemListElement\":[{\"@type\":\"ListItem\",\"position\":1,\"name\":\"Home\",\"item\":\"https:\/\/rtt.ee\/en\/\"},{\"@type\":\"ListItem\",\"position\":2,\"name\":\"Shop\",\"item\":\"https:\/\/rtt.ee\/en\/shop\/\"},{\"@type\":\"ListItem\",\"position\":3,\"name\":\"Printers &amp; Multifunctional printers\",\"item\":\"https:\/\/rtt.ee\/en\/tootekategooria\/koopiamasinad-en\/\"},{\"@type\":\"ListItem\",\"position\":4,\"name\":\"A4 Printer-Sk\u00e4nner-Koopiamasinad\",\"item\":\"https:\/\/rtt.ee\/tootekategooria\/koopiamasinad\/a4-printer-skanner-koopiamasinad\/\"},{\"@type\":\"ListItem\",\"position\":5,\"name\":\"HP Color LaserJet Pro MFP 3302fdw\"}]},{\"@type\":\"WebSite\",\"@id\":\"https:\/\/rtt.ee\/en\/#website\",\"url\":\"https:\/\/rtt.ee\/en\/\",\"name\":\"RTT\",\"description\":\"Kassaaparaadid ja kontorikaubad\",\"potentialAction\":[{\"@type\":\"SearchAction\",\"target\":{\"@type\":\"EntryPoint\",\"urlTemplate\":\"https:\/\/rtt.ee\/en\/?s={search_term_string}\"},\"query-input\":{\"@type\":\"PropertyValueSpecification\",\"valueRequired\":true,\"valueName\":\"search_term_string\"}}],\"inLanguage\":\"en-US\"}]}<\/script>\n<!-- \/ Yoast SEO plugin. -->","yoast_head_json":{"title":"HP Color LaserJet Pro MFP 3302fdw - RTT","description":"HP Color LaserJet Pro MFP 3302fdw:Kiire ja energias\u00e4\u00e4stlik v\u00e4rviline multifunktsionaalne printer v\u00e4ikestele t\u00f6\u00f6gruppidele \u2013 printimine, skaneerimine, kopeerimine \u00fches seadmes.","robots":{"index":"index","follow":"follow","max-snippet":"max-snippet:-1","max-image-preview":"max-image-preview:large","max-video-preview":"max-video-preview:-1"},"canonical":"https:\/\/rtt.ee\/toode\/koopiamasinad\/a4-printer-skanner-koopiamasinad\/hp-laserjet-pro-mfp-3302fdw-multifunktsionaalne-a4-varvi-laserprinter\/","og_locale":"en_US","og_type":"article","og_title":"HP Color LaserJet Pro MFP 3302fdw - RTT","og_description":"HP Color LaserJet Pro MFP 3302fdw:Kiire ja energias\u00e4\u00e4stlik v\u00e4rviline multifunktsionaalne printer v\u00e4ikestele t\u00f6\u00f6gruppidele \u2013 printimine, skaneerimine, kopeerimine \u00fches seadmes.","og_url":"https:\/\/rtt.ee\/toode\/koopiamasinad\/a4-printer-skanner-koopiamasinad\/hp-laserjet-pro-mfp-3302fdw-multifunktsionaalne-a4-varvi-laserprinter\/","og_site_name":"RTT","article_modified_time":"2026-01-30T22:00:00+00:00","og_image":[{"width":1200,"height":900,"url":"https:\/\/rtt.ee\/wp-content\/uploads\/2025\/10\/499Q8FB19.jpg","type":"image\/jpeg"}],"twitter_card":"summary_large_image","twitter_misc":{"Est. reading time":"1 minute"},"schema":{"@context":"https:\/\/schema.org","@graph":[{"@type":"WebPage","@id":"https:\/\/rtt.ee\/toode\/koopiamasinad\/a4-printer-skanner-koopiamasinad\/hp-laserjet-pro-mfp-3302fdw-multifunktsionaalne-a4-varvi-laserprinter\/","url":"https:\/\/rtt.ee\/toode\/koopiamasinad\/a4-printer-skanner-koopiamasinad\/hp-laserjet-pro-mfp-3302fdw-multifunktsionaalne-a4-varvi-laserprinter\/","name":"HP Color LaserJet Pro MFP 3302fdw - RTT","isPartOf":{"@id":"https:\/\/rtt.ee\/en\/#website"},"primaryImageOfPage":{"@id":"https:\/\/rtt.ee\/toode\/koopiamasinad\/a4-printer-skanner-koopiamasinad\/hp-laserjet-pro-mfp-3302fdw-multifunktsionaalne-a4-varvi-laserprinter\/#primaryimage"},"image":{"@id":"https:\/\/rtt.ee\/toode\/koopiamasinad\/a4-printer-skanner-koopiamasinad\/hp-laserjet-pro-mfp-3302fdw-multifunktsionaalne-a4-varvi-laserprinter\/#primaryimage"},"thumbnailUrl":"https:\/\/rtt.ee\/wp-content\/uploads\/2025\/10\/499Q8FB19-e1774533965109.jpg","datePublished":"2025-10-02T07:49:41+00:00","dateModified":"2026-01-30T22:00:00+00:00","description":"HP Color LaserJet Pro MFP 3302fdw:Kiire ja energias\u00e4\u00e4stlik v\u00e4rviline multifunktsionaalne printer v\u00e4ikestele t\u00f6\u00f6gruppidele \u2013 printimine, skaneerimine, kopeerimine \u00fches seadmes.","breadcrumb":{"@id":"https:\/\/rtt.ee\/toode\/koopiamasinad\/a4-printer-skanner-koopiamasinad\/hp-laserjet-pro-mfp-3302fdw-multifunktsionaalne-a4-varvi-laserprinter\/#breadcrumb"},"inLanguage":"en-US","potentialAction":[{"@type":"ReadAction","target":["https:\/\/rtt.ee\/toode\/koopiamasinad\/a4-printer-skanner-koopiamasinad\/hp-laserjet-pro-mfp-3302fdw-multifunktsionaalne-a4-varvi-laserprinter\/"]}]},{"@type":"ImageObject","inLanguage":"en-US","@id":"https:\/\/rtt.ee\/toode\/koopiamasinad\/a4-printer-skanner-koopiamasinad\/hp-laserjet-pro-mfp-3302fdw-multifunktsionaalne-a4-varvi-laserprinter\/#primaryimage","url":"https:\/\/rtt.ee\/wp-content\/uploads\/2025\/10\/499Q8FB19-e1774533965109.jpg","contentUrl":"https:\/\/rtt.ee\/wp-content\/uploads\/2025\/10\/499Q8FB19-e1774533965109.jpg","width":1200,"height":900,"caption":"499Q8F#B19"},{"@type":"BreadcrumbList","@id":"https:\/\/rtt.ee\/toode\/koopiamasinad\/a4-printer-skanner-koopiamasinad\/hp-laserjet-pro-mfp-3302fdw-multifunktsionaalne-a4-varvi-laserprinter\/#breadcrumb","itemListElement":[{"@type":"ListItem","position":1,"name":"Home","item":"https:\/\/rtt.ee\/en\/"},{"@type":"ListItem","position":2,"name":"Shop","item":"https:\/\/rtt.ee\/en\/shop\/"},{"@type":"ListItem","position":3,"name":"Printers &amp; Multifunctional printers","item":"https:\/\/rtt.ee\/en\/tootekategooria\/koopiamasinad-en\/"},{"@type":"ListItem","position":4,"name":"A4 Printer-Sk\u00e4nner-Koopiamasinad","item":"https:\/\/rtt.ee\/tootekategooria\/koopiamasinad\/a4-printer-skanner-koopiamasinad\/"},{"@type":"ListItem","position":5,"name":"HP Color LaserJet Pro MFP 3302fdw"}]},{"@type":"WebSite","@id":"https:\/\/rtt.ee\/en\/#website","url":"https:\/\/rtt.ee\/en\/","name":"RTT","description":"Kassaaparaadid ja kontorikaubad","potentialAction":[{"@type":"SearchAction","target":{"@type":"EntryPoint","urlTemplate":"https:\/\/rtt.ee\/en\/?s={search_term_string}"},"query-input":{"@type":"PropertyValueSpecification","valueRequired":true,"valueName":"search_term_string"}}],"inLanguage":"en-US"}]}},"_links":{"self":[{"href":"https:\/\/rtt.ee\/en\/wp-json\/wp\/v2\/product\/13493","targetHints":{"allow":["GET"]}}],"collection":[{"href":"https:\/\/rtt.ee\/en\/wp-json\/wp\/v2\/product"}],"about":[{"href":"https:\/\/rtt.ee\/en\/wp-json\/wp\/v2\/types\/product"}],"wp:featuredmedia":[{"embeddable":true,"href":"https:\/\/rtt.ee\/en\/wp-json\/wp\/v2\/media\/13093"}],"wp:attachment":[{"href":"https:\/\/rtt.ee\/en\/wp-json\/wp\/v2\/media?parent=13493"}],"wp:term":[{"taxonomy":"product_brand","embeddable":true,"href":"https:\/\/rtt.ee\/en\/wp-json\/wp\/v2\/product_brand?post=13493"},{"taxonomy":"product_cat","embeddable":true,"href":"https:\/\/rtt.ee\/en\/wp-json\/wp\/v2\/product_cat?post=13493"},{"taxonomy":"product_tag","embeddable":true,"href":"https:\/\/rtt.ee\/en\/wp-json\/wp\/v2\/product_tag?post=13493"}],"curies":[{"name":"wp","href":"https:\/\/api.w.org\/{rel}","templated":true}]}}