{"id":13486,"date":"2025-10-08T13:33:37","date_gmt":"2025-10-08T10:33:37","guid":{"rendered":"https:\/\/rtt.ee\/toode\/uncategorized\/tooner-must-analoog-hp-149a-w1490a\/"},"modified":"2026-02-05T16:59:26","modified_gmt":"2026-02-05T14:59:26","slug":"tooner-must-analoog-hp-149a-w1490a","status":"publish","type":"product","link":"https:\/\/rtt.ee\/en\/toode\/kulumaterjalid-en\/analoog-toonerid-en\/tooner-must-analoog-hp-149a-w1490a\/","title":{"rendered":"Tooner must analoog HP 149A (W1490A) &#8211; JetWorld"},"content":{"rendered":"<p>Sobivus: HP LaserJet Pro 4001d, 4001dn, 4001dw, 4001n, 4002d, 4002dn, 4002dw, 4002n, 4003dn, 4003dw, 4003n, 4004d, 4004dn, 4004dw<br \/>\nHP LaserJet Pro MFP 4101dw, 4101fdn, 4101fdw, 4101fdwp, 4102dw, 4102fdn, 4102fdw, 4103dw, 4103fdn, 4103fdw, 4104dw, 4104fdn, 4104fdw<\/p>\n<p>Tr\u00fckimaht kuni 2900 lehte<\/p>\n<p>Toode\u00a0<strong>ei t\u00f6\u00f6ta seadmetes<\/strong>, mis on m\u00f5eldud kasutamiseks\u00a0<strong>HP+ teenusega<\/strong>\u00a0(ehk seadmed, mille mudelinimi l\u00f5peb t\u00e4hega \u201ee\u201c)<\/p>\n","protected":false},"excerpt":{"rendered":"<p>Sobivus: HP LaserJet Pro 4001d, 4001dn, 4001dw, 4001n, 4002d, 4002dn, 4002dw, 4002n, 4003dn, 4003dw, 4003n, 4004d, 4004dn, 4004dw HP LaserJet Pro MFP 4101dw, 4101fdn, 4101fdw, 4101fdwp, 4102dw, 4102fdn, 4102fdw, 4103dw, 4103fdn, 4103fdw, 4104dw, 4104fdn, 4104fdw Tr\u00fckimaht kuni 2900 lehte Toode\u00a0ei t\u00f6\u00f6ta seadmetes, mis on m\u00f5eldud kasutamiseks\u00a0HP+ teenusega\u00a0(ehk seadmed, mille mudelinimi l\u00f5peb t\u00e4hega \u201ee\u201c)<\/p>\n","protected":false},"featured_media":13213,"template":"","meta":{"_acf_changed":false},"product_brand":[406],"product_cat":[156],"product_tag":[],"class_list":{"0":"post-13486","1":"product","2":"type-product","3":"status-publish","4":"has-post-thumbnail","6":"product_brand-jetworld","7":"product_cat-analoog-toonerid-en","8":"product_brands-jetworld-en","10":"first","11":"onbackorder","12":"taxable","13":"shipping-taxable","14":"purchasable","15":"product-type-simple"},"acf":[],"yoast_head":"<!-- This site is optimized with the Yoast SEO plugin v26.2 - https:\/\/yoast.com\/wordpress\/plugins\/seo\/ -->\n<title>Tooner must analoog HP 149A (W1490A) - JetWorld - RTT<\/title>\n<meta name=\"description\" content=\"JetWorld toonerid \u2013 premium-klassi analoogtoonerid n\u00f5udlikule kasutajale. Suurem t\u00e4itekogus, ISO-sertifitseeritud kvaliteet ja 100% \u00fchilduvus. Telli siit!\" \/>\n<meta name=\"robots\" content=\"index, follow, max-snippet:-1, max-image-preview:large, max-video-preview:-1\" \/>\n<link rel=\"canonical\" href=\"https:\/\/rtt.ee\/toode\/kulumaterjalid\/analoog-toonerid\/tooner-must-analoog-hp-149a-w1490a\/\" \/>\n<meta property=\"og:locale\" content=\"en_US\" \/>\n<meta property=\"og:type\" content=\"article\" \/>\n<meta property=\"og:title\" content=\"Tooner must analoog HP 149A (W1490A) - JetWorld - RTT\" \/>\n<meta property=\"og:description\" content=\"JetWorld toonerid \u2013 premium-klassi analoogtoonerid n\u00f5udlikule kasutajale. Suurem t\u00e4itekogus, ISO-sertifitseeritud kvaliteet ja 100% \u00fchilduvus. Telli siit!\" \/>\n<meta property=\"og:url\" content=\"https:\/\/rtt.ee\/toode\/kulumaterjalid\/analoog-toonerid\/tooner-must-analoog-hp-149a-w1490a\/\" \/>\n<meta property=\"og:site_name\" content=\"RTT\" \/>\n<meta property=\"article:modified_time\" content=\"2026-02-05T14:59:26+00:00\" \/>\n<meta property=\"og:image\" content=\"https:\/\/rtt.ee\/wp-content\/uploads\/2025\/10\/jetworld_toner_bk.jpg\" \/>\n\t<meta property=\"og:image:width\" content=\"700\" \/>\n\t<meta property=\"og:image:height\" content=\"390\" \/>\n\t<meta property=\"og:image:type\" content=\"image\/jpeg\" \/>\n<meta name=\"twitter:card\" content=\"summary_large_image\" \/>\n<meta name=\"twitter:label1\" content=\"Est. reading time\" \/>\n\t<meta name=\"twitter:data1\" content=\"1 minute\" \/>\n<script type=\"application\/ld+json\" class=\"yoast-schema-graph\">{\"@context\":\"https:\/\/schema.org\",\"@graph\":[{\"@type\":\"WebPage\",\"@id\":\"https:\/\/rtt.ee\/toode\/kulumaterjalid\/analoog-toonerid\/tooner-must-analoog-hp-149a-w1490a\/\",\"url\":\"https:\/\/rtt.ee\/toode\/kulumaterjalid\/analoog-toonerid\/tooner-must-analoog-hp-149a-w1490a\/\",\"name\":\"Tooner must analoog HP 149A (W1490A) - JetWorld - RTT\",\"isPartOf\":{\"@id\":\"https:\/\/rtt.ee\/en\/#website\"},\"primaryImageOfPage\":{\"@id\":\"https:\/\/rtt.ee\/toode\/kulumaterjalid\/analoog-toonerid\/tooner-must-analoog-hp-149a-w1490a\/#primaryimage\"},\"image\":{\"@id\":\"https:\/\/rtt.ee\/toode\/kulumaterjalid\/analoog-toonerid\/tooner-must-analoog-hp-149a-w1490a\/#primaryimage\"},\"thumbnailUrl\":\"https:\/\/rtt.ee\/wp-content\/uploads\/2025\/10\/jetworld_toner_bk.jpg\",\"datePublished\":\"2025-10-08T10:33:37+00:00\",\"dateModified\":\"2026-02-05T14:59:26+00:00\",\"description\":\"JetWorld toonerid \u2013 premium-klassi analoogtoonerid n\u00f5udlikule kasutajale. Suurem t\u00e4itekogus, ISO-sertifitseeritud kvaliteet ja 100% \u00fchilduvus. Telli siit!\",\"breadcrumb\":{\"@id\":\"https:\/\/rtt.ee\/toode\/kulumaterjalid\/analoog-toonerid\/tooner-must-analoog-hp-149a-w1490a\/#breadcrumb\"},\"inLanguage\":\"en-US\",\"potentialAction\":[{\"@type\":\"ReadAction\",\"target\":[\"https:\/\/rtt.ee\/toode\/kulumaterjalid\/analoog-toonerid\/tooner-must-analoog-hp-149a-w1490a\/\"]}]},{\"@type\":\"ImageObject\",\"inLanguage\":\"en-US\",\"@id\":\"https:\/\/rtt.ee\/toode\/kulumaterjalid\/analoog-toonerid\/tooner-must-analoog-hp-149a-w1490a\/#primaryimage\",\"url\":\"https:\/\/rtt.ee\/wp-content\/uploads\/2025\/10\/jetworld_toner_bk.jpg\",\"contentUrl\":\"https:\/\/rtt.ee\/wp-content\/uploads\/2025\/10\/jetworld_toner_bk.jpg\",\"width\":700,\"height\":390},{\"@type\":\"BreadcrumbList\",\"@id\":\"https:\/\/rtt.ee\/toode\/kulumaterjalid\/analoog-toonerid\/tooner-must-analoog-hp-149a-w1490a\/#breadcrumb\",\"itemListElement\":[{\"@type\":\"ListItem\",\"position\":1,\"name\":\"Home\",\"item\":\"https:\/\/rtt.ee\/en\/\"},{\"@type\":\"ListItem\",\"position\":2,\"name\":\"Shop\",\"item\":\"https:\/\/rtt.ee\/en\/shop\/\"},{\"@type\":\"ListItem\",\"position\":3,\"name\":\"Consumables\",\"item\":\"https:\/\/rtt.ee\/en\/tootekategooria\/kulumaterjalid-en\/\"},{\"@type\":\"ListItem\",\"position\":4,\"name\":\"Analog toners\",\"item\":\"https:\/\/rtt.ee\/en\/tootekategooria\/kulumaterjalid-en\/analoog-toonerid-en\/\"},{\"@type\":\"ListItem\",\"position\":5,\"name\":\"Tooner must analoog HP 149A (W1490A) &#8211; JetWorld\"}]},{\"@type\":\"WebSite\",\"@id\":\"https:\/\/rtt.ee\/en\/#website\",\"url\":\"https:\/\/rtt.ee\/en\/\",\"name\":\"RTT\",\"description\":\"Kassaaparaadid ja kontorikaubad\",\"potentialAction\":[{\"@type\":\"SearchAction\",\"target\":{\"@type\":\"EntryPoint\",\"urlTemplate\":\"https:\/\/rtt.ee\/en\/?s={search_term_string}\"},\"query-input\":{\"@type\":\"PropertyValueSpecification\",\"valueRequired\":true,\"valueName\":\"search_term_string\"}}],\"inLanguage\":\"en-US\"}]}<\/script>\n<!-- \/ Yoast SEO plugin. -->","yoast_head_json":{"title":"Tooner must analoog HP 149A (W1490A) - JetWorld - RTT","description":"JetWorld toonerid \u2013 premium-klassi analoogtoonerid n\u00f5udlikule kasutajale. Suurem t\u00e4itekogus, ISO-sertifitseeritud kvaliteet ja 100% \u00fchilduvus. Telli siit!","robots":{"index":"index","follow":"follow","max-snippet":"max-snippet:-1","max-image-preview":"max-image-preview:large","max-video-preview":"max-video-preview:-1"},"canonical":"https:\/\/rtt.ee\/toode\/kulumaterjalid\/analoog-toonerid\/tooner-must-analoog-hp-149a-w1490a\/","og_locale":"en_US","og_type":"article","og_title":"Tooner must analoog HP 149A (W1490A) - JetWorld - RTT","og_description":"JetWorld toonerid \u2013 premium-klassi analoogtoonerid n\u00f5udlikule kasutajale. Suurem t\u00e4itekogus, ISO-sertifitseeritud kvaliteet ja 100% \u00fchilduvus. Telli siit!","og_url":"https:\/\/rtt.ee\/toode\/kulumaterjalid\/analoog-toonerid\/tooner-must-analoog-hp-149a-w1490a\/","og_site_name":"RTT","article_modified_time":"2026-02-05T14:59:26+00:00","og_image":[{"width":700,"height":390,"url":"https:\/\/rtt.ee\/wp-content\/uploads\/2025\/10\/jetworld_toner_bk.jpg","type":"image\/jpeg"}],"twitter_card":"summary_large_image","twitter_misc":{"Est. reading time":"1 minute"},"schema":{"@context":"https:\/\/schema.org","@graph":[{"@type":"WebPage","@id":"https:\/\/rtt.ee\/toode\/kulumaterjalid\/analoog-toonerid\/tooner-must-analoog-hp-149a-w1490a\/","url":"https:\/\/rtt.ee\/toode\/kulumaterjalid\/analoog-toonerid\/tooner-must-analoog-hp-149a-w1490a\/","name":"Tooner must analoog HP 149A (W1490A) - JetWorld - RTT","isPartOf":{"@id":"https:\/\/rtt.ee\/en\/#website"},"primaryImageOfPage":{"@id":"https:\/\/rtt.ee\/toode\/kulumaterjalid\/analoog-toonerid\/tooner-must-analoog-hp-149a-w1490a\/#primaryimage"},"image":{"@id":"https:\/\/rtt.ee\/toode\/kulumaterjalid\/analoog-toonerid\/tooner-must-analoog-hp-149a-w1490a\/#primaryimage"},"thumbnailUrl":"https:\/\/rtt.ee\/wp-content\/uploads\/2025\/10\/jetworld_toner_bk.jpg","datePublished":"2025-10-08T10:33:37+00:00","dateModified":"2026-02-05T14:59:26+00:00","description":"JetWorld toonerid \u2013 premium-klassi analoogtoonerid n\u00f5udlikule kasutajale. Suurem t\u00e4itekogus, ISO-sertifitseeritud kvaliteet ja 100% \u00fchilduvus. Telli siit!","breadcrumb":{"@id":"https:\/\/rtt.ee\/toode\/kulumaterjalid\/analoog-toonerid\/tooner-must-analoog-hp-149a-w1490a\/#breadcrumb"},"inLanguage":"en-US","potentialAction":[{"@type":"ReadAction","target":["https:\/\/rtt.ee\/toode\/kulumaterjalid\/analoog-toonerid\/tooner-must-analoog-hp-149a-w1490a\/"]}]},{"@type":"ImageObject","inLanguage":"en-US","@id":"https:\/\/rtt.ee\/toode\/kulumaterjalid\/analoog-toonerid\/tooner-must-analoog-hp-149a-w1490a\/#primaryimage","url":"https:\/\/rtt.ee\/wp-content\/uploads\/2025\/10\/jetworld_toner_bk.jpg","contentUrl":"https:\/\/rtt.ee\/wp-content\/uploads\/2025\/10\/jetworld_toner_bk.jpg","width":700,"height":390},{"@type":"BreadcrumbList","@id":"https:\/\/rtt.ee\/toode\/kulumaterjalid\/analoog-toonerid\/tooner-must-analoog-hp-149a-w1490a\/#breadcrumb","itemListElement":[{"@type":"ListItem","position":1,"name":"Home","item":"https:\/\/rtt.ee\/en\/"},{"@type":"ListItem","position":2,"name":"Shop","item":"https:\/\/rtt.ee\/en\/shop\/"},{"@type":"ListItem","position":3,"name":"Consumables","item":"https:\/\/rtt.ee\/en\/tootekategooria\/kulumaterjalid-en\/"},{"@type":"ListItem","position":4,"name":"Analog toners","item":"https:\/\/rtt.ee\/en\/tootekategooria\/kulumaterjalid-en\/analoog-toonerid-en\/"},{"@type":"ListItem","position":5,"name":"Tooner must analoog HP 149A (W1490A) &#8211; JetWorld"}]},{"@type":"WebSite","@id":"https:\/\/rtt.ee\/en\/#website","url":"https:\/\/rtt.ee\/en\/","name":"RTT","description":"Kassaaparaadid ja kontorikaubad","potentialAction":[{"@type":"SearchAction","target":{"@type":"EntryPoint","urlTemplate":"https:\/\/rtt.ee\/en\/?s={search_term_string}"},"query-input":{"@type":"PropertyValueSpecification","valueRequired":true,"valueName":"search_term_string"}}],"inLanguage":"en-US"}]}},"_links":{"self":[{"href":"https:\/\/rtt.ee\/en\/wp-json\/wp\/v2\/product\/13486","targetHints":{"allow":["GET"]}}],"collection":[{"href":"https:\/\/rtt.ee\/en\/wp-json\/wp\/v2\/product"}],"about":[{"href":"https:\/\/rtt.ee\/en\/wp-json\/wp\/v2\/types\/product"}],"wp:featuredmedia":[{"embeddable":true,"href":"https:\/\/rtt.ee\/en\/wp-json\/wp\/v2\/media\/13213"}],"wp:attachment":[{"href":"https:\/\/rtt.ee\/en\/wp-json\/wp\/v2\/media?parent=13486"}],"wp:term":[{"taxonomy":"product_brand","embeddable":true,"href":"https:\/\/rtt.ee\/en\/wp-json\/wp\/v2\/product_brand?post=13486"},{"taxonomy":"product_cat","embeddable":true,"href":"https:\/\/rtt.ee\/en\/wp-json\/wp\/v2\/product_cat?post=13486"},{"taxonomy":"product_tag","embeddable":true,"href":"https:\/\/rtt.ee\/en\/wp-json\/wp\/v2\/product_tag?post=13486"}],"curies":[{"name":"wp","href":"https:\/\/api.w.org\/{rel}","templated":true}]}}