{"id":13447,"date":"2025-10-14T11:44:06","date_gmt":"2025-10-14T08:44:06","guid":{"rendered":"https:\/\/rtt.ee\/toode\/uncategorized\/trukikile-zebra-kaardiprinterile-2\/"},"modified":"2026-03-17T16:42:52","modified_gmt":"2026-03-17T14:42:52","slug":"trukikile-zebra-kaardiprinterile-2","status":"publish","type":"product","link":"https:\/\/rtt.ee\/en\/toode\/kulumaterjalid-en\/card-printer-consumables-en\/trukikile-zebra-kaardiprinterile-2\/","title":{"rendered":"Tr\u00fckilint ZEBRA v\u00e4rviline YMCKO (100 printi)"},"content":{"rendered":"<div class=\"d-flex flex-column me-auto\">\n<p class=\"field field--name-field-description-ref field--type-entity-reference field--label-hidden field__item\"><span class=\"long-description\">V\u00e4rviline tr\u00fckikile YMCKO<\/span><\/p>\n<p><span class=\"long-description\">Tr\u00fckimaht kuni 100 printi<\/span><\/p>\n<p><span class=\"long-description\">Sobivus: Zebra ZXP Series 1<\/span><\/p>\n<\/div>\n","protected":false},"excerpt":{"rendered":"<p>V\u00e4rviline tr\u00fckikile YMCKO Tr\u00fckimaht kuni 100 printi Sobivus: Zebra ZXP Series 1<\/p>\n","protected":false},"featured_media":13300,"template":"","meta":{"_acf_changed":false},"product_brand":[408],"product_cat":[342],"product_tag":[],"class_list":{"0":"post-13447","1":"product","2":"type-product","3":"status-publish","4":"has-post-thumbnail","6":"product_brand-zebra","7":"product_cat-card-printer-consumables-en","8":"product_brands-zebra-en","10":"first","11":"onbackorder","12":"taxable","13":"shipping-taxable","14":"purchasable","15":"product-type-simple"},"acf":[],"yoast_head":"<!-- This site is optimized with the Yoast SEO plugin v26.2 - https:\/\/yoast.com\/wordpress\/plugins\/seo\/ -->\n<title>Tr\u00fckilint ZEBRA v\u00e4rviline YMCKO (100 printi) - RTT<\/title>\n<meta name=\"robots\" content=\"index, follow, max-snippet:-1, max-image-preview:large, max-video-preview:-1\" \/>\n<link rel=\"canonical\" href=\"https:\/\/rtt.ee\/en\/toode\/kulumaterjalid-en\/card-printer-consumables-en\/trukikile-zebra-kaardiprinterile-2\/\" \/>\n<meta property=\"og:locale\" content=\"en_US\" \/>\n<meta property=\"og:type\" content=\"article\" \/>\n<meta property=\"og:title\" content=\"Tr\u00fckilint ZEBRA v\u00e4rviline YMCKO (100 printi) - RTT\" \/>\n<meta property=\"og:description\" content=\"V\u00e4rviline tr\u00fckikile YMCKO Tr\u00fckimaht kuni 100 printi Sobivus: Zebra ZXP Series 1\" \/>\n<meta property=\"og:url\" content=\"https:\/\/rtt.ee\/en\/toode\/kulumaterjalid-en\/card-printer-consumables-en\/trukikile-zebra-kaardiprinterile-2\/\" \/>\n<meta property=\"og:site_name\" content=\"RTT\" \/>\n<meta property=\"article:modified_time\" content=\"2026-03-17T14:42:52+00:00\" \/>\n<meta property=\"og:image\" content=\"https:\/\/rtt.ee\/wp-content\/uploads\/2025\/10\/800011-140.jpg\" \/>\n\t<meta property=\"og:image:width\" content=\"1000\" \/>\n\t<meta property=\"og:image:height\" content=\"1000\" \/>\n\t<meta property=\"og:image:type\" content=\"image\/jpeg\" \/>\n<meta name=\"twitter:card\" content=\"summary_large_image\" \/>\n<meta name=\"twitter:label1\" content=\"Est. reading time\" \/>\n\t<meta name=\"twitter:data1\" content=\"1 minute\" \/>\n<script type=\"application\/ld+json\" class=\"yoast-schema-graph\">{\"@context\":\"https:\/\/schema.org\",\"@graph\":[{\"@type\":\"WebPage\",\"@id\":\"https:\/\/rtt.ee\/en\/toode\/kulumaterjalid-en\/card-printer-consumables-en\/trukikile-zebra-kaardiprinterile-2\/\",\"url\":\"https:\/\/rtt.ee\/en\/toode\/kulumaterjalid-en\/card-printer-consumables-en\/trukikile-zebra-kaardiprinterile-2\/\",\"name\":\"Tr\u00fckilint ZEBRA v\u00e4rviline YMCKO (100 printi) - RTT\",\"isPartOf\":{\"@id\":\"https:\/\/rtt.ee\/en\/#website\"},\"primaryImageOfPage\":{\"@id\":\"https:\/\/rtt.ee\/en\/toode\/kulumaterjalid-en\/card-printer-consumables-en\/trukikile-zebra-kaardiprinterile-2\/#primaryimage\"},\"image\":{\"@id\":\"https:\/\/rtt.ee\/en\/toode\/kulumaterjalid-en\/card-printer-consumables-en\/trukikile-zebra-kaardiprinterile-2\/#primaryimage\"},\"thumbnailUrl\":\"https:\/\/rtt.ee\/wp-content\/uploads\/2025\/10\/800011-140.jpg\",\"datePublished\":\"2025-10-14T08:44:06+00:00\",\"dateModified\":\"2026-03-17T14:42:52+00:00\",\"breadcrumb\":{\"@id\":\"https:\/\/rtt.ee\/en\/toode\/kulumaterjalid-en\/card-printer-consumables-en\/trukikile-zebra-kaardiprinterile-2\/#breadcrumb\"},\"inLanguage\":\"en-US\",\"potentialAction\":[{\"@type\":\"ReadAction\",\"target\":[\"https:\/\/rtt.ee\/en\/toode\/kulumaterjalid-en\/card-printer-consumables-en\/trukikile-zebra-kaardiprinterile-2\/\"]}]},{\"@type\":\"ImageObject\",\"inLanguage\":\"en-US\",\"@id\":\"https:\/\/rtt.ee\/en\/toode\/kulumaterjalid-en\/card-printer-consumables-en\/trukikile-zebra-kaardiprinterile-2\/#primaryimage\",\"url\":\"https:\/\/rtt.ee\/wp-content\/uploads\/2025\/10\/800011-140.jpg\",\"contentUrl\":\"https:\/\/rtt.ee\/wp-content\/uploads\/2025\/10\/800011-140.jpg\",\"width\":1000,\"height\":1000},{\"@type\":\"BreadcrumbList\",\"@id\":\"https:\/\/rtt.ee\/en\/toode\/kulumaterjalid-en\/card-printer-consumables-en\/trukikile-zebra-kaardiprinterile-2\/#breadcrumb\",\"itemListElement\":[{\"@type\":\"ListItem\",\"position\":1,\"name\":\"Home\",\"item\":\"https:\/\/rtt.ee\/en\/\"},{\"@type\":\"ListItem\",\"position\":2,\"name\":\"Shop\",\"item\":\"https:\/\/rtt.ee\/en\/shop\/\"},{\"@type\":\"ListItem\",\"position\":3,\"name\":\"Kulumaterjalid\",\"item\":\"https:\/\/rtt.ee\/tootekategooria\/kulumaterjalid\/\"},{\"@type\":\"ListItem\",\"position\":4,\"name\":\"Kaardiprinterite kulumaterjalid\",\"item\":\"https:\/\/rtt.ee\/tootekategooria\/kulumaterjalid\/kaardiprinterite-kulumaterjalid\/\"},{\"@type\":\"ListItem\",\"position\":5,\"name\":\"Tr\u00fckilint ZEBRA v\u00e4rviline YMCKO (100 printi)\"}]},{\"@type\":\"WebSite\",\"@id\":\"https:\/\/rtt.ee\/en\/#website\",\"url\":\"https:\/\/rtt.ee\/en\/\",\"name\":\"RTT\",\"description\":\"Kassaaparaadid ja kontorikaubad\",\"potentialAction\":[{\"@type\":\"SearchAction\",\"target\":{\"@type\":\"EntryPoint\",\"urlTemplate\":\"https:\/\/rtt.ee\/en\/?s={search_term_string}\"},\"query-input\":{\"@type\":\"PropertyValueSpecification\",\"valueRequired\":true,\"valueName\":\"search_term_string\"}}],\"inLanguage\":\"en-US\"}]}<\/script>\n<!-- \/ Yoast SEO plugin. -->","yoast_head_json":{"title":"Tr\u00fckilint ZEBRA v\u00e4rviline YMCKO (100 printi) - RTT","robots":{"index":"index","follow":"follow","max-snippet":"max-snippet:-1","max-image-preview":"max-image-preview:large","max-video-preview":"max-video-preview:-1"},"canonical":"https:\/\/rtt.ee\/en\/toode\/kulumaterjalid-en\/card-printer-consumables-en\/trukikile-zebra-kaardiprinterile-2\/","og_locale":"en_US","og_type":"article","og_title":"Tr\u00fckilint ZEBRA v\u00e4rviline YMCKO (100 printi) - RTT","og_description":"V\u00e4rviline tr\u00fckikile YMCKO Tr\u00fckimaht kuni 100 printi Sobivus: Zebra ZXP Series 1","og_url":"https:\/\/rtt.ee\/en\/toode\/kulumaterjalid-en\/card-printer-consumables-en\/trukikile-zebra-kaardiprinterile-2\/","og_site_name":"RTT","article_modified_time":"2026-03-17T14:42:52+00:00","og_image":[{"width":1000,"height":1000,"url":"https:\/\/rtt.ee\/wp-content\/uploads\/2025\/10\/800011-140.jpg","type":"image\/jpeg"}],"twitter_card":"summary_large_image","twitter_misc":{"Est. reading time":"1 minute"},"schema":{"@context":"https:\/\/schema.org","@graph":[{"@type":"WebPage","@id":"https:\/\/rtt.ee\/en\/toode\/kulumaterjalid-en\/card-printer-consumables-en\/trukikile-zebra-kaardiprinterile-2\/","url":"https:\/\/rtt.ee\/en\/toode\/kulumaterjalid-en\/card-printer-consumables-en\/trukikile-zebra-kaardiprinterile-2\/","name":"Tr\u00fckilint ZEBRA v\u00e4rviline YMCKO (100 printi) - RTT","isPartOf":{"@id":"https:\/\/rtt.ee\/en\/#website"},"primaryImageOfPage":{"@id":"https:\/\/rtt.ee\/en\/toode\/kulumaterjalid-en\/card-printer-consumables-en\/trukikile-zebra-kaardiprinterile-2\/#primaryimage"},"image":{"@id":"https:\/\/rtt.ee\/en\/toode\/kulumaterjalid-en\/card-printer-consumables-en\/trukikile-zebra-kaardiprinterile-2\/#primaryimage"},"thumbnailUrl":"https:\/\/rtt.ee\/wp-content\/uploads\/2025\/10\/800011-140.jpg","datePublished":"2025-10-14T08:44:06+00:00","dateModified":"2026-03-17T14:42:52+00:00","breadcrumb":{"@id":"https:\/\/rtt.ee\/en\/toode\/kulumaterjalid-en\/card-printer-consumables-en\/trukikile-zebra-kaardiprinterile-2\/#breadcrumb"},"inLanguage":"en-US","potentialAction":[{"@type":"ReadAction","target":["https:\/\/rtt.ee\/en\/toode\/kulumaterjalid-en\/card-printer-consumables-en\/trukikile-zebra-kaardiprinterile-2\/"]}]},{"@type":"ImageObject","inLanguage":"en-US","@id":"https:\/\/rtt.ee\/en\/toode\/kulumaterjalid-en\/card-printer-consumables-en\/trukikile-zebra-kaardiprinterile-2\/#primaryimage","url":"https:\/\/rtt.ee\/wp-content\/uploads\/2025\/10\/800011-140.jpg","contentUrl":"https:\/\/rtt.ee\/wp-content\/uploads\/2025\/10\/800011-140.jpg","width":1000,"height":1000},{"@type":"BreadcrumbList","@id":"https:\/\/rtt.ee\/en\/toode\/kulumaterjalid-en\/card-printer-consumables-en\/trukikile-zebra-kaardiprinterile-2\/#breadcrumb","itemListElement":[{"@type":"ListItem","position":1,"name":"Home","item":"https:\/\/rtt.ee\/en\/"},{"@type":"ListItem","position":2,"name":"Shop","item":"https:\/\/rtt.ee\/en\/shop\/"},{"@type":"ListItem","position":3,"name":"Kulumaterjalid","item":"https:\/\/rtt.ee\/tootekategooria\/kulumaterjalid\/"},{"@type":"ListItem","position":4,"name":"Kaardiprinterite kulumaterjalid","item":"https:\/\/rtt.ee\/tootekategooria\/kulumaterjalid\/kaardiprinterite-kulumaterjalid\/"},{"@type":"ListItem","position":5,"name":"Tr\u00fckilint ZEBRA v\u00e4rviline YMCKO (100 printi)"}]},{"@type":"WebSite","@id":"https:\/\/rtt.ee\/en\/#website","url":"https:\/\/rtt.ee\/en\/","name":"RTT","description":"Kassaaparaadid ja kontorikaubad","potentialAction":[{"@type":"SearchAction","target":{"@type":"EntryPoint","urlTemplate":"https:\/\/rtt.ee\/en\/?s={search_term_string}"},"query-input":{"@type":"PropertyValueSpecification","valueRequired":true,"valueName":"search_term_string"}}],"inLanguage":"en-US"}]}},"_links":{"self":[{"href":"https:\/\/rtt.ee\/en\/wp-json\/wp\/v2\/product\/13447","targetHints":{"allow":["GET"]}}],"collection":[{"href":"https:\/\/rtt.ee\/en\/wp-json\/wp\/v2\/product"}],"about":[{"href":"https:\/\/rtt.ee\/en\/wp-json\/wp\/v2\/types\/product"}],"wp:featuredmedia":[{"embeddable":true,"href":"https:\/\/rtt.ee\/en\/wp-json\/wp\/v2\/media\/13300"}],"wp:attachment":[{"href":"https:\/\/rtt.ee\/en\/wp-json\/wp\/v2\/media?parent=13447"}],"wp:term":[{"taxonomy":"product_brand","embeddable":true,"href":"https:\/\/rtt.ee\/en\/wp-json\/wp\/v2\/product_brand?post=13447"},{"taxonomy":"product_cat","embeddable":true,"href":"https:\/\/rtt.ee\/en\/wp-json\/wp\/v2\/product_cat?post=13447"},{"taxonomy":"product_tag","embeddable":true,"href":"https:\/\/rtt.ee\/en\/wp-json\/wp\/v2\/product_tag?post=13447"}],"curies":[{"name":"wp","href":"https:\/\/api.w.org\/{rel}","templated":true}]}}