{"id":13442,"date":"2025-10-20T10:27:37","date_gmt":"2025-10-20T07:27:37","guid":{"rendered":"https:\/\/rtt.ee\/toode\/uncategorized\/tooner-must-analoog-hp-59x-cf259x-2\/"},"modified":"2026-02-18T13:30:09","modified_gmt":"2026-02-18T11:30:09","slug":"tooner-must-analoog-hp-59x-cf259x-2","status":"publish","type":"product","link":"https:\/\/rtt.ee\/en\/toode\/kulumaterjalid-en\/analoog-toonerid-en\/tooner-must-analoog-hp-59x-cf259x-2\/","title":{"rendered":"Tooner must analoog HP 59X (CF259X) &#8211; OXE"},"content":{"rendered":"<p>Sobivus: HP LaserJet Pro M304a, HP LaserJet Pro M404dn, HP LaserJet Pro M404dw, HP LaserJet Pro M404n, HP LaserJet Pro M428fdn MFP, HP LaserJet Pro M428fdw MFP, HP LaserJet Pro M428dw MFP<br \/>\nHP LaserJet Pro M406dn, M430<\/p>\n<p>Tr\u00fckimaht kuni 10 000 lehte<\/p>\n","protected":false},"excerpt":{"rendered":"<p>Sobivus: HP LaserJet Pro M304a, HP LaserJet Pro M404dn, HP LaserJet Pro M404dw, HP LaserJet Pro M404n, HP LaserJet Pro M428fdn MFP, HP LaserJet Pro M428fdw MFP, HP LaserJet Pro M428dw MFP HP LaserJet Pro M406dn, M430 Tr\u00fckimaht kuni 10 000 lehte<\/p>\n","protected":false},"featured_media":13332,"template":"","meta":{"_acf_changed":false},"product_brand":[407],"product_cat":[156],"product_tag":[],"class_list":{"0":"post-13442","1":"product","2":"type-product","3":"status-publish","4":"has-post-thumbnail","6":"product_brand-oxe","7":"product_cat-analoog-toonerid-en","8":"product_brands-oxe-en","10":"first","11":"onbackorder","12":"taxable","13":"shipping-taxable","14":"purchasable","15":"product-type-simple"},"acf":[],"yoast_head":"<!-- This site is optimized with the Yoast SEO plugin v26.2 - https:\/\/yoast.com\/wordpress\/plugins\/seo\/ -->\n<title>Tooner must analoog HP 59X (CF259X) - OXE - RTT<\/title>\n<meta name=\"description\" content=\"Kvaliteetsed OXE toonerid ja tindid Sinu printerile. S\u00e4\u00e4sta kuni 70% printimiskuludelt ilma kvaliteedis j\u00e4releandmisi tegemata. Kiire tarne!\" \/>\n<meta name=\"robots\" content=\"index, follow, max-snippet:-1, max-image-preview:large, max-video-preview:-1\" \/>\n<link rel=\"canonical\" href=\"https:\/\/rtt.ee\/toode\/kulumaterjalid\/analoog-toonerid\/tooner-must-analoog-hp-59x-cf259x-2\/\" \/>\n<meta property=\"og:locale\" content=\"en_US\" \/>\n<meta property=\"og:type\" content=\"article\" \/>\n<meta property=\"og:title\" content=\"Tooner must analoog HP 59X (CF259X) - OXE - RTT\" \/>\n<meta property=\"og:description\" content=\"Kvaliteetsed OXE toonerid ja tindid Sinu printerile. S\u00e4\u00e4sta kuni 70% printimiskuludelt ilma kvaliteedis j\u00e4releandmisi tegemata. Kiire tarne!\" \/>\n<meta property=\"og:url\" content=\"https:\/\/rtt.ee\/toode\/kulumaterjalid\/analoog-toonerid\/tooner-must-analoog-hp-59x-cf259x-2\/\" \/>\n<meta property=\"og:site_name\" content=\"RTT\" \/>\n<meta property=\"article:modified_time\" content=\"2026-02-18T11:30:09+00:00\" \/>\n<meta property=\"og:image\" content=\"https:\/\/rtt.ee\/wp-content\/uploads\/2025\/10\/Toner_OXE_M_K.png\" \/>\n\t<meta property=\"og:image:width\" content=\"700\" \/>\n\t<meta property=\"og:image:height\" content=\"466\" \/>\n\t<meta property=\"og:image:type\" content=\"image\/png\" \/>\n<meta name=\"twitter:card\" content=\"summary_large_image\" \/>\n<meta name=\"twitter:label1\" content=\"Est. reading time\" \/>\n\t<meta name=\"twitter:data1\" content=\"1 minute\" \/>\n<script type=\"application\/ld+json\" class=\"yoast-schema-graph\">{\"@context\":\"https:\/\/schema.org\",\"@graph\":[{\"@type\":\"WebPage\",\"@id\":\"https:\/\/rtt.ee\/toode\/kulumaterjalid\/analoog-toonerid\/tooner-must-analoog-hp-59x-cf259x-2\/\",\"url\":\"https:\/\/rtt.ee\/toode\/kulumaterjalid\/analoog-toonerid\/tooner-must-analoog-hp-59x-cf259x-2\/\",\"name\":\"Tooner must analoog HP 59X (CF259X) - OXE - RTT\",\"isPartOf\":{\"@id\":\"https:\/\/rtt.ee\/en\/#website\"},\"primaryImageOfPage\":{\"@id\":\"https:\/\/rtt.ee\/toode\/kulumaterjalid\/analoog-toonerid\/tooner-must-analoog-hp-59x-cf259x-2\/#primaryimage\"},\"image\":{\"@id\":\"https:\/\/rtt.ee\/toode\/kulumaterjalid\/analoog-toonerid\/tooner-must-analoog-hp-59x-cf259x-2\/#primaryimage\"},\"thumbnailUrl\":\"https:\/\/rtt.ee\/wp-content\/uploads\/2025\/10\/Toner_OXE_M_K.png\",\"datePublished\":\"2025-10-20T07:27:37+00:00\",\"dateModified\":\"2026-02-18T11:30:09+00:00\",\"description\":\"Kvaliteetsed OXE toonerid ja tindid Sinu printerile. S\u00e4\u00e4sta kuni 70% printimiskuludelt ilma kvaliteedis j\u00e4releandmisi tegemata. Kiire tarne!\",\"breadcrumb\":{\"@id\":\"https:\/\/rtt.ee\/toode\/kulumaterjalid\/analoog-toonerid\/tooner-must-analoog-hp-59x-cf259x-2\/#breadcrumb\"},\"inLanguage\":\"en-US\",\"potentialAction\":[{\"@type\":\"ReadAction\",\"target\":[\"https:\/\/rtt.ee\/toode\/kulumaterjalid\/analoog-toonerid\/tooner-must-analoog-hp-59x-cf259x-2\/\"]}]},{\"@type\":\"ImageObject\",\"inLanguage\":\"en-US\",\"@id\":\"https:\/\/rtt.ee\/toode\/kulumaterjalid\/analoog-toonerid\/tooner-must-analoog-hp-59x-cf259x-2\/#primaryimage\",\"url\":\"https:\/\/rtt.ee\/wp-content\/uploads\/2025\/10\/Toner_OXE_M_K.png\",\"contentUrl\":\"https:\/\/rtt.ee\/wp-content\/uploads\/2025\/10\/Toner_OXE_M_K.png\",\"width\":700,\"height\":466},{\"@type\":\"BreadcrumbList\",\"@id\":\"https:\/\/rtt.ee\/toode\/kulumaterjalid\/analoog-toonerid\/tooner-must-analoog-hp-59x-cf259x-2\/#breadcrumb\",\"itemListElement\":[{\"@type\":\"ListItem\",\"position\":1,\"name\":\"Home\",\"item\":\"https:\/\/rtt.ee\/en\/\"},{\"@type\":\"ListItem\",\"position\":2,\"name\":\"Shop\",\"item\":\"https:\/\/rtt.ee\/en\/shop\/\"},{\"@type\":\"ListItem\",\"position\":3,\"name\":\"Consumables\",\"item\":\"https:\/\/rtt.ee\/en\/tootekategooria\/kulumaterjalid-en\/\"},{\"@type\":\"ListItem\",\"position\":4,\"name\":\"Analog toners\",\"item\":\"https:\/\/rtt.ee\/en\/tootekategooria\/kulumaterjalid-en\/analoog-toonerid-en\/\"},{\"@type\":\"ListItem\",\"position\":5,\"name\":\"Tooner must analoog HP 59X (CF259X) &#8211; OXE\"}]},{\"@type\":\"WebSite\",\"@id\":\"https:\/\/rtt.ee\/en\/#website\",\"url\":\"https:\/\/rtt.ee\/en\/\",\"name\":\"RTT\",\"description\":\"Kassaaparaadid ja kontorikaubad\",\"potentialAction\":[{\"@type\":\"SearchAction\",\"target\":{\"@type\":\"EntryPoint\",\"urlTemplate\":\"https:\/\/rtt.ee\/en\/?s={search_term_string}\"},\"query-input\":{\"@type\":\"PropertyValueSpecification\",\"valueRequired\":true,\"valueName\":\"search_term_string\"}}],\"inLanguage\":\"en-US\"}]}<\/script>\n<!-- \/ Yoast SEO plugin. -->","yoast_head_json":{"title":"Tooner must analoog HP 59X (CF259X) - OXE - RTT","description":"Kvaliteetsed OXE toonerid ja tindid Sinu printerile. S\u00e4\u00e4sta kuni 70% printimiskuludelt ilma kvaliteedis j\u00e4releandmisi tegemata. Kiire tarne!","robots":{"index":"index","follow":"follow","max-snippet":"max-snippet:-1","max-image-preview":"max-image-preview:large","max-video-preview":"max-video-preview:-1"},"canonical":"https:\/\/rtt.ee\/toode\/kulumaterjalid\/analoog-toonerid\/tooner-must-analoog-hp-59x-cf259x-2\/","og_locale":"en_US","og_type":"article","og_title":"Tooner must analoog HP 59X (CF259X) - OXE - RTT","og_description":"Kvaliteetsed OXE toonerid ja tindid Sinu printerile. S\u00e4\u00e4sta kuni 70% printimiskuludelt ilma kvaliteedis j\u00e4releandmisi tegemata. Kiire tarne!","og_url":"https:\/\/rtt.ee\/toode\/kulumaterjalid\/analoog-toonerid\/tooner-must-analoog-hp-59x-cf259x-2\/","og_site_name":"RTT","article_modified_time":"2026-02-18T11:30:09+00:00","og_image":[{"width":700,"height":466,"url":"https:\/\/rtt.ee\/wp-content\/uploads\/2025\/10\/Toner_OXE_M_K.png","type":"image\/png"}],"twitter_card":"summary_large_image","twitter_misc":{"Est. reading time":"1 minute"},"schema":{"@context":"https:\/\/schema.org","@graph":[{"@type":"WebPage","@id":"https:\/\/rtt.ee\/toode\/kulumaterjalid\/analoog-toonerid\/tooner-must-analoog-hp-59x-cf259x-2\/","url":"https:\/\/rtt.ee\/toode\/kulumaterjalid\/analoog-toonerid\/tooner-must-analoog-hp-59x-cf259x-2\/","name":"Tooner must analoog HP 59X (CF259X) - OXE - RTT","isPartOf":{"@id":"https:\/\/rtt.ee\/en\/#website"},"primaryImageOfPage":{"@id":"https:\/\/rtt.ee\/toode\/kulumaterjalid\/analoog-toonerid\/tooner-must-analoog-hp-59x-cf259x-2\/#primaryimage"},"image":{"@id":"https:\/\/rtt.ee\/toode\/kulumaterjalid\/analoog-toonerid\/tooner-must-analoog-hp-59x-cf259x-2\/#primaryimage"},"thumbnailUrl":"https:\/\/rtt.ee\/wp-content\/uploads\/2025\/10\/Toner_OXE_M_K.png","datePublished":"2025-10-20T07:27:37+00:00","dateModified":"2026-02-18T11:30:09+00:00","description":"Kvaliteetsed OXE toonerid ja tindid Sinu printerile. S\u00e4\u00e4sta kuni 70% printimiskuludelt ilma kvaliteedis j\u00e4releandmisi tegemata. Kiire tarne!","breadcrumb":{"@id":"https:\/\/rtt.ee\/toode\/kulumaterjalid\/analoog-toonerid\/tooner-must-analoog-hp-59x-cf259x-2\/#breadcrumb"},"inLanguage":"en-US","potentialAction":[{"@type":"ReadAction","target":["https:\/\/rtt.ee\/toode\/kulumaterjalid\/analoog-toonerid\/tooner-must-analoog-hp-59x-cf259x-2\/"]}]},{"@type":"ImageObject","inLanguage":"en-US","@id":"https:\/\/rtt.ee\/toode\/kulumaterjalid\/analoog-toonerid\/tooner-must-analoog-hp-59x-cf259x-2\/#primaryimage","url":"https:\/\/rtt.ee\/wp-content\/uploads\/2025\/10\/Toner_OXE_M_K.png","contentUrl":"https:\/\/rtt.ee\/wp-content\/uploads\/2025\/10\/Toner_OXE_M_K.png","width":700,"height":466},{"@type":"BreadcrumbList","@id":"https:\/\/rtt.ee\/toode\/kulumaterjalid\/analoog-toonerid\/tooner-must-analoog-hp-59x-cf259x-2\/#breadcrumb","itemListElement":[{"@type":"ListItem","position":1,"name":"Home","item":"https:\/\/rtt.ee\/en\/"},{"@type":"ListItem","position":2,"name":"Shop","item":"https:\/\/rtt.ee\/en\/shop\/"},{"@type":"ListItem","position":3,"name":"Consumables","item":"https:\/\/rtt.ee\/en\/tootekategooria\/kulumaterjalid-en\/"},{"@type":"ListItem","position":4,"name":"Analog toners","item":"https:\/\/rtt.ee\/en\/tootekategooria\/kulumaterjalid-en\/analoog-toonerid-en\/"},{"@type":"ListItem","position":5,"name":"Tooner must analoog HP 59X (CF259X) &#8211; OXE"}]},{"@type":"WebSite","@id":"https:\/\/rtt.ee\/en\/#website","url":"https:\/\/rtt.ee\/en\/","name":"RTT","description":"Kassaaparaadid ja kontorikaubad","potentialAction":[{"@type":"SearchAction","target":{"@type":"EntryPoint","urlTemplate":"https:\/\/rtt.ee\/en\/?s={search_term_string}"},"query-input":{"@type":"PropertyValueSpecification","valueRequired":true,"valueName":"search_term_string"}}],"inLanguage":"en-US"}]}},"_links":{"self":[{"href":"https:\/\/rtt.ee\/en\/wp-json\/wp\/v2\/product\/13442","targetHints":{"allow":["GET"]}}],"collection":[{"href":"https:\/\/rtt.ee\/en\/wp-json\/wp\/v2\/product"}],"about":[{"href":"https:\/\/rtt.ee\/en\/wp-json\/wp\/v2\/types\/product"}],"wp:featuredmedia":[{"embeddable":true,"href":"https:\/\/rtt.ee\/en\/wp-json\/wp\/v2\/media\/13332"}],"wp:attachment":[{"href":"https:\/\/rtt.ee\/en\/wp-json\/wp\/v2\/media?parent=13442"}],"wp:term":[{"taxonomy":"product_brand","embeddable":true,"href":"https:\/\/rtt.ee\/en\/wp-json\/wp\/v2\/product_brand?post=13442"},{"taxonomy":"product_cat","embeddable":true,"href":"https:\/\/rtt.ee\/en\/wp-json\/wp\/v2\/product_cat?post=13442"},{"taxonomy":"product_tag","embeddable":true,"href":"https:\/\/rtt.ee\/en\/wp-json\/wp\/v2\/product_tag?post=13442"}],"curies":[{"name":"wp","href":"https:\/\/api.w.org\/{rel}","templated":true}]}}