{"id":13410,"date":"2025-10-21T10:33:10","date_gmt":"2025-10-21T07:33:10","guid":{"rendered":"https:\/\/rtt.ee\/toode\/uncategorized\/tooner-must-analoog-hp-cb540a-ce320a-cf210x-canon-crg731hb-crg716b\/"},"modified":"2026-01-29T17:28:53","modified_gmt":"2026-01-29T15:28:53","slug":"tooner-must-analoog-hp-cb540a-ce320a-cf210x-canon-crg731hb-crg716b","status":"publish","type":"product","link":"https:\/\/rtt.ee\/en\/toode\/kulumaterjalid-en\/analoog-toonerid-en\/tooner-must-analoog-hp-cb540a-ce320a-cf210x-canon-crg731hb-crg716b\/","title":{"rendered":"Toner black analog HP CB540A, CE320A, CF210X \/ Canon CRG731HB, CRG716B &#8211; OXE"},"content":{"rendered":"<p>Sobivus: HP Color LaserJet CM1312CB MFP, CM1312CI MFP, CM1312EB MFP, CM1312EI MFP, CM1312 MFP, CM1312NFI MFP, CM1312WB MFP, CM1312WI MFP, CM1512A, CM1512H, CM1512NFI, CM1512W, CP1210, CP1213, CP1214, CP1214N, CP1215, CP1216, CP1217, CP1513, CP1513N, CP1514N, CP1515N, CP1516N, CP1517N, CP1517NI, CP1518NI, CP1519N, CP1519NI<br \/>\n(HP 125A CB541A)<\/p>\n<p>HP Color LaserJet Pro CM1415fn, CM1415fnw, CP1525, CP1525n, CP1525nw, HP LaserJet CP1525, CP1525N, CP1525NW, CP1526nw<br \/>\nHP LaserJet Pro CM1411fn, CM1412fn, CM1413fn, CM1415FN, CM1415FNW, CM1416fnw, CM1417fnw, CM1418fnw, CP1521n, CP1522n, CP1523n, CP1525, CP1525N, CP1525NW, CP1526nw, CP1527nw, CP1528nw (HP 128A CE321A)<\/p>\n<p>HP LaserJet Pro 200 Color M251n, M251nw, M276n, M276nw<\/p>\n<p>Canon i-SENSYS LBP-7100, LBP-7100CN, LBP-7110, LBP-7110CW, MF-620C, MF-8230CN, MF-623CN, MF-8280CW, MF-628CW, MF-8200 Series<\/p>\n<p>Canon i-SENSYS LBP-5050, LBP-5050N, MF-8030CN, MF-8080CW, MF-8040CN, MF-8000, MF-8050CN<br \/>\nCanon i-SENSYS LBP5050, LBP5050N, MF8030CN, MF8080CW, MF8040CN, MF8000, MF8050CN<br \/>\n(CRG716, CRG-716)<\/p>\n<p>Tr\u00fckimaht kuni 2400 lehte<\/p>\n","protected":false},"excerpt":{"rendered":"<p>Sobivus: HP Color LaserJet CM1312CB MFP, CM1312CI MFP, CM1312EB MFP, CM1312EI MFP, CM1312 MFP, CM1312NFI MFP, CM1312WB MFP, CM1312WI MFP, CM1512A, CM1512H, CM1512NFI, CM1512W, CP1210, CP1213, CP1214, CP1214N, CP1215, CP1216, CP1217, CP1513, CP1513N, CP1514N, CP1515N, CP1516N, CP1517N, CP1517NI, CP1518NI, CP1519N, CP1519NI (HP 125A CB541A) HP Color LaserJet Pro CM1415fn, CM1415fnw, CP1525, CP1525n, CP1525nw, HP LaserJet [&hellip;]<\/p>\n","protected":false},"featured_media":13332,"template":"","meta":{"_acf_changed":false},"product_brand":[407],"product_cat":[156],"product_tag":[],"class_list":{"0":"post-13410","1":"product","2":"type-product","3":"status-publish","4":"has-post-thumbnail","6":"product_brand-oxe","7":"product_cat-analoog-toonerid-en","8":"product_brands-oxe-en","10":"first","11":"onbackorder","12":"taxable","13":"shipping-taxable","14":"purchasable","15":"product-type-simple"},"acf":[],"yoast_head":"<!-- This site is optimized with the Yoast SEO plugin v26.2 - https:\/\/yoast.com\/wordpress\/plugins\/seo\/ -->\n<title>Toner black analog HP CB540A, CE320A, CF210X \/ Canon CRG731HB, CRG716B - OXE - RTT<\/title>\n<meta name=\"description\" content=\"OXE toonerid \u2013 kvaliteetsed ja soodsad alternatiivid HP, Brother ja Canon printeritele. Suur valik, usaldusv\u00e4\u00e4rne j\u00f5udlus, kiire tarne\" \/>\n<meta name=\"robots\" content=\"index, follow, max-snippet:-1, max-image-preview:large, max-video-preview:-1\" \/>\n<link rel=\"canonical\" href=\"https:\/\/rtt.ee\/toode\/kulumaterjalid\/analoog-toonerid\/tooner-must-analoog-hp-cb540a-ce320a-cf210x-canon-crg731hb-crg716b\/\" \/>\n<meta property=\"og:locale\" content=\"en_US\" \/>\n<meta property=\"og:type\" content=\"article\" \/>\n<meta property=\"og:title\" content=\"Toner black analog HP CB540A, CE320A, CF210X \/ Canon CRG731HB, CRG716B - OXE - RTT\" \/>\n<meta property=\"og:description\" content=\"OXE toonerid \u2013 kvaliteetsed ja soodsad alternatiivid HP, Brother ja Canon printeritele. Suur valik, usaldusv\u00e4\u00e4rne j\u00f5udlus, kiire tarne\" \/>\n<meta property=\"og:url\" content=\"https:\/\/rtt.ee\/toode\/kulumaterjalid\/analoog-toonerid\/tooner-must-analoog-hp-cb540a-ce320a-cf210x-canon-crg731hb-crg716b\/\" \/>\n<meta property=\"og:site_name\" content=\"RTT\" \/>\n<meta property=\"article:modified_time\" content=\"2026-01-29T15:28:53+00:00\" \/>\n<meta property=\"og:image\" content=\"https:\/\/rtt.ee\/wp-content\/uploads\/2025\/10\/Toner_OXE_M_K.png\" \/>\n\t<meta property=\"og:image:width\" content=\"700\" \/>\n\t<meta property=\"og:image:height\" content=\"466\" \/>\n\t<meta property=\"og:image:type\" content=\"image\/png\" \/>\n<meta name=\"twitter:card\" content=\"summary_large_image\" \/>\n<meta name=\"twitter:label1\" content=\"Est. reading time\" \/>\n\t<meta name=\"twitter:data1\" content=\"1 minute\" \/>\n<script type=\"application\/ld+json\" class=\"yoast-schema-graph\">{\"@context\":\"https:\/\/schema.org\",\"@graph\":[{\"@type\":\"WebPage\",\"@id\":\"https:\/\/rtt.ee\/toode\/kulumaterjalid\/analoog-toonerid\/tooner-must-analoog-hp-cb540a-ce320a-cf210x-canon-crg731hb-crg716b\/\",\"url\":\"https:\/\/rtt.ee\/toode\/kulumaterjalid\/analoog-toonerid\/tooner-must-analoog-hp-cb540a-ce320a-cf210x-canon-crg731hb-crg716b\/\",\"name\":\"Toner black analog HP CB540A, CE320A, CF210X \/ Canon CRG731HB, CRG716B - OXE - RTT\",\"isPartOf\":{\"@id\":\"https:\/\/rtt.ee\/en\/#website\"},\"primaryImageOfPage\":{\"@id\":\"https:\/\/rtt.ee\/toode\/kulumaterjalid\/analoog-toonerid\/tooner-must-analoog-hp-cb540a-ce320a-cf210x-canon-crg731hb-crg716b\/#primaryimage\"},\"image\":{\"@id\":\"https:\/\/rtt.ee\/toode\/kulumaterjalid\/analoog-toonerid\/tooner-must-analoog-hp-cb540a-ce320a-cf210x-canon-crg731hb-crg716b\/#primaryimage\"},\"thumbnailUrl\":\"https:\/\/rtt.ee\/wp-content\/uploads\/2025\/10\/Toner_OXE_M_K.png\",\"datePublished\":\"2025-10-21T07:33:10+00:00\",\"dateModified\":\"2026-01-29T15:28:53+00:00\",\"description\":\"OXE toonerid \u2013 kvaliteetsed ja soodsad alternatiivid HP, Brother ja Canon printeritele. Suur valik, usaldusv\u00e4\u00e4rne j\u00f5udlus, kiire tarne\",\"breadcrumb\":{\"@id\":\"https:\/\/rtt.ee\/toode\/kulumaterjalid\/analoog-toonerid\/tooner-must-analoog-hp-cb540a-ce320a-cf210x-canon-crg731hb-crg716b\/#breadcrumb\"},\"inLanguage\":\"en-US\",\"potentialAction\":[{\"@type\":\"ReadAction\",\"target\":[\"https:\/\/rtt.ee\/toode\/kulumaterjalid\/analoog-toonerid\/tooner-must-analoog-hp-cb540a-ce320a-cf210x-canon-crg731hb-crg716b\/\"]}]},{\"@type\":\"ImageObject\",\"inLanguage\":\"en-US\",\"@id\":\"https:\/\/rtt.ee\/toode\/kulumaterjalid\/analoog-toonerid\/tooner-must-analoog-hp-cb540a-ce320a-cf210x-canon-crg731hb-crg716b\/#primaryimage\",\"url\":\"https:\/\/rtt.ee\/wp-content\/uploads\/2025\/10\/Toner_OXE_M_K.png\",\"contentUrl\":\"https:\/\/rtt.ee\/wp-content\/uploads\/2025\/10\/Toner_OXE_M_K.png\",\"width\":700,\"height\":466},{\"@type\":\"BreadcrumbList\",\"@id\":\"https:\/\/rtt.ee\/toode\/kulumaterjalid\/analoog-toonerid\/tooner-must-analoog-hp-cb540a-ce320a-cf210x-canon-crg731hb-crg716b\/#breadcrumb\",\"itemListElement\":[{\"@type\":\"ListItem\",\"position\":1,\"name\":\"Home\",\"item\":\"https:\/\/rtt.ee\/en\/\"},{\"@type\":\"ListItem\",\"position\":2,\"name\":\"Shop\",\"item\":\"https:\/\/rtt.ee\/en\/shop\/\"},{\"@type\":\"ListItem\",\"position\":3,\"name\":\"Consumables\",\"item\":\"https:\/\/rtt.ee\/en\/tootekategooria\/kulumaterjalid-en\/\"},{\"@type\":\"ListItem\",\"position\":4,\"name\":\"Analog toners\",\"item\":\"https:\/\/rtt.ee\/en\/tootekategooria\/kulumaterjalid-en\/analoog-toonerid-en\/\"},{\"@type\":\"ListItem\",\"position\":5,\"name\":\"Toner black analog HP CB540A, CE320A, CF210X \/ Canon CRG731HB, CRG716B &#8211; OXE\"}]},{\"@type\":\"WebSite\",\"@id\":\"https:\/\/rtt.ee\/en\/#website\",\"url\":\"https:\/\/rtt.ee\/en\/\",\"name\":\"RTT\",\"description\":\"Kassaaparaadid ja kontorikaubad\",\"potentialAction\":[{\"@type\":\"SearchAction\",\"target\":{\"@type\":\"EntryPoint\",\"urlTemplate\":\"https:\/\/rtt.ee\/en\/?s={search_term_string}\"},\"query-input\":{\"@type\":\"PropertyValueSpecification\",\"valueRequired\":true,\"valueName\":\"search_term_string\"}}],\"inLanguage\":\"en-US\"}]}<\/script>\n<!-- \/ Yoast SEO plugin. -->","yoast_head_json":{"title":"Toner black analog HP CB540A, CE320A, CF210X \/ Canon CRG731HB, CRG716B - OXE - RTT","description":"OXE toonerid \u2013 kvaliteetsed ja soodsad alternatiivid HP, Brother ja Canon printeritele. Suur valik, usaldusv\u00e4\u00e4rne j\u00f5udlus, kiire tarne","robots":{"index":"index","follow":"follow","max-snippet":"max-snippet:-1","max-image-preview":"max-image-preview:large","max-video-preview":"max-video-preview:-1"},"canonical":"https:\/\/rtt.ee\/toode\/kulumaterjalid\/analoog-toonerid\/tooner-must-analoog-hp-cb540a-ce320a-cf210x-canon-crg731hb-crg716b\/","og_locale":"en_US","og_type":"article","og_title":"Toner black analog HP CB540A, CE320A, CF210X \/ Canon CRG731HB, CRG716B - OXE - RTT","og_description":"OXE toonerid \u2013 kvaliteetsed ja soodsad alternatiivid HP, Brother ja Canon printeritele. Suur valik, usaldusv\u00e4\u00e4rne j\u00f5udlus, kiire tarne","og_url":"https:\/\/rtt.ee\/toode\/kulumaterjalid\/analoog-toonerid\/tooner-must-analoog-hp-cb540a-ce320a-cf210x-canon-crg731hb-crg716b\/","og_site_name":"RTT","article_modified_time":"2026-01-29T15:28:53+00:00","og_image":[{"width":700,"height":466,"url":"https:\/\/rtt.ee\/wp-content\/uploads\/2025\/10\/Toner_OXE_M_K.png","type":"image\/png"}],"twitter_card":"summary_large_image","twitter_misc":{"Est. reading time":"1 minute"},"schema":{"@context":"https:\/\/schema.org","@graph":[{"@type":"WebPage","@id":"https:\/\/rtt.ee\/toode\/kulumaterjalid\/analoog-toonerid\/tooner-must-analoog-hp-cb540a-ce320a-cf210x-canon-crg731hb-crg716b\/","url":"https:\/\/rtt.ee\/toode\/kulumaterjalid\/analoog-toonerid\/tooner-must-analoog-hp-cb540a-ce320a-cf210x-canon-crg731hb-crg716b\/","name":"Toner black analog HP CB540A, CE320A, CF210X \/ Canon CRG731HB, CRG716B - OXE - RTT","isPartOf":{"@id":"https:\/\/rtt.ee\/en\/#website"},"primaryImageOfPage":{"@id":"https:\/\/rtt.ee\/toode\/kulumaterjalid\/analoog-toonerid\/tooner-must-analoog-hp-cb540a-ce320a-cf210x-canon-crg731hb-crg716b\/#primaryimage"},"image":{"@id":"https:\/\/rtt.ee\/toode\/kulumaterjalid\/analoog-toonerid\/tooner-must-analoog-hp-cb540a-ce320a-cf210x-canon-crg731hb-crg716b\/#primaryimage"},"thumbnailUrl":"https:\/\/rtt.ee\/wp-content\/uploads\/2025\/10\/Toner_OXE_M_K.png","datePublished":"2025-10-21T07:33:10+00:00","dateModified":"2026-01-29T15:28:53+00:00","description":"OXE toonerid \u2013 kvaliteetsed ja soodsad alternatiivid HP, Brother ja Canon printeritele. Suur valik, usaldusv\u00e4\u00e4rne j\u00f5udlus, kiire tarne","breadcrumb":{"@id":"https:\/\/rtt.ee\/toode\/kulumaterjalid\/analoog-toonerid\/tooner-must-analoog-hp-cb540a-ce320a-cf210x-canon-crg731hb-crg716b\/#breadcrumb"},"inLanguage":"en-US","potentialAction":[{"@type":"ReadAction","target":["https:\/\/rtt.ee\/toode\/kulumaterjalid\/analoog-toonerid\/tooner-must-analoog-hp-cb540a-ce320a-cf210x-canon-crg731hb-crg716b\/"]}]},{"@type":"ImageObject","inLanguage":"en-US","@id":"https:\/\/rtt.ee\/toode\/kulumaterjalid\/analoog-toonerid\/tooner-must-analoog-hp-cb540a-ce320a-cf210x-canon-crg731hb-crg716b\/#primaryimage","url":"https:\/\/rtt.ee\/wp-content\/uploads\/2025\/10\/Toner_OXE_M_K.png","contentUrl":"https:\/\/rtt.ee\/wp-content\/uploads\/2025\/10\/Toner_OXE_M_K.png","width":700,"height":466},{"@type":"BreadcrumbList","@id":"https:\/\/rtt.ee\/toode\/kulumaterjalid\/analoog-toonerid\/tooner-must-analoog-hp-cb540a-ce320a-cf210x-canon-crg731hb-crg716b\/#breadcrumb","itemListElement":[{"@type":"ListItem","position":1,"name":"Home","item":"https:\/\/rtt.ee\/en\/"},{"@type":"ListItem","position":2,"name":"Shop","item":"https:\/\/rtt.ee\/en\/shop\/"},{"@type":"ListItem","position":3,"name":"Consumables","item":"https:\/\/rtt.ee\/en\/tootekategooria\/kulumaterjalid-en\/"},{"@type":"ListItem","position":4,"name":"Analog toners","item":"https:\/\/rtt.ee\/en\/tootekategooria\/kulumaterjalid-en\/analoog-toonerid-en\/"},{"@type":"ListItem","position":5,"name":"Toner black analog HP CB540A, CE320A, CF210X \/ Canon CRG731HB, CRG716B &#8211; OXE"}]},{"@type":"WebSite","@id":"https:\/\/rtt.ee\/en\/#website","url":"https:\/\/rtt.ee\/en\/","name":"RTT","description":"Kassaaparaadid ja kontorikaubad","potentialAction":[{"@type":"SearchAction","target":{"@type":"EntryPoint","urlTemplate":"https:\/\/rtt.ee\/en\/?s={search_term_string}"},"query-input":{"@type":"PropertyValueSpecification","valueRequired":true,"valueName":"search_term_string"}}],"inLanguage":"en-US"}]}},"_links":{"self":[{"href":"https:\/\/rtt.ee\/en\/wp-json\/wp\/v2\/product\/13410","targetHints":{"allow":["GET"]}}],"collection":[{"href":"https:\/\/rtt.ee\/en\/wp-json\/wp\/v2\/product"}],"about":[{"href":"https:\/\/rtt.ee\/en\/wp-json\/wp\/v2\/types\/product"}],"wp:featuredmedia":[{"embeddable":true,"href":"https:\/\/rtt.ee\/en\/wp-json\/wp\/v2\/media\/13332"}],"wp:attachment":[{"href":"https:\/\/rtt.ee\/en\/wp-json\/wp\/v2\/media?parent=13410"}],"wp:term":[{"taxonomy":"product_brand","embeddable":true,"href":"https:\/\/rtt.ee\/en\/wp-json\/wp\/v2\/product_brand?post=13410"},{"taxonomy":"product_cat","embeddable":true,"href":"https:\/\/rtt.ee\/en\/wp-json\/wp\/v2\/product_cat?post=13410"},{"taxonomy":"product_tag","embeddable":true,"href":"https:\/\/rtt.ee\/en\/wp-json\/wp\/v2\/product_tag?post=13410"}],"curies":[{"name":"wp","href":"https:\/\/api.w.org\/{rel}","templated":true}]}}