{"id":13409,"date":"2025-10-21T10:41:02","date_gmt":"2025-10-21T07:41:02","guid":{"rendered":"https:\/\/rtt.ee\/toode\/uncategorized\/tooner-must-analoog-hp-135a-w1350a\/"},"modified":"2026-01-29T17:28:33","modified_gmt":"2026-01-29T15:28:33","slug":"tooner-must-analoog-hp-135a-w1350a","status":"publish","type":"product","link":"https:\/\/rtt.ee\/en\/toode\/kulumaterjalid-en\/analoog-toonerid-en\/tooner-must-analoog-hp-135a-w1350a\/","title":{"rendered":"Toner black analog HP 135A (W1350A) &#8211; OXE"},"content":{"rendered":"<p>Sobivus: HP LaserJet M207d, M207dw, M207 Series, M208d, M208dw, M208 Series, M209d, M209dw, , M209 Series, M210d, M210dw, M210 Series, M211d, M211dw, M212d, M212dw<br \/>\nHP LaserJet MFP M230 Series, M232d, M232dwc, M232sdw, M233d, M233dw, M233sdw, M234dw, M234sdn, M234sdw, M235d, M235sdw, M236d, M236dw, M236sdw, M237dw, M237sdn, M237sdw<\/p>\n<p>Tr\u00fckimaht kuni 1100 lehte<\/p>\n<p>See\u00a0<strong>ei t\u00f6\u00f6ta HP printeritega, mille mudelinimi l\u00f5peb t\u00e4hega \u201ce\u201d<\/strong>\u00a0(nt HP LaserJet M234sdwe). \u00dchildub ainult tavaliste HP printeritega,\u00a0<strong>millel ei ole HP+ teenust aktiveeritud<\/strong>.<\/p>\n","protected":false},"excerpt":{"rendered":"<p>Sobivus: HP LaserJet M207d, M207dw, M207 Series, M208d, M208dw, M208 Series, M209d, M209dw, , M209 Series, M210d, M210dw, M210 Series, M211d, M211dw, M212d, M212dw HP LaserJet MFP M230 Series, M232d, M232dwc, M232sdw, M233d, M233dw, M233sdw, M234dw, M234sdn, M234sdw, M235d, M235sdw, M236d, M236dw, M236sdw, M237dw, M237sdn, M237sdw Tr\u00fckimaht kuni 1100 lehte See\u00a0ei t\u00f6\u00f6ta HP printeritega, mille [&hellip;]<\/p>\n","protected":false},"featured_media":13332,"template":"","meta":{"_acf_changed":false},"product_brand":[407],"product_cat":[156],"product_tag":[],"class_list":{"0":"post-13409","1":"product","2":"type-product","3":"status-publish","4":"has-post-thumbnail","6":"product_brand-oxe","7":"product_cat-analoog-toonerid-en","8":"product_brands-oxe-en","10":"first","11":"onbackorder","12":"taxable","13":"shipping-taxable","14":"purchasable","15":"product-type-simple"},"acf":[],"yoast_head":"<!-- This site is optimized with the Yoast SEO plugin v26.2 - https:\/\/yoast.com\/wordpress\/plugins\/seo\/ -->\n<title>Toner black analog HP 135A (W1350A) - OXE - RTT<\/title>\n<meta name=\"description\" content=\"OXE toonerid \u2013 kvaliteetsed ja soodsad alternatiivid HP, Brother ja Canon printeritele. Suur valik, usaldusv\u00e4\u00e4rne j\u00f5udlus, kiire tarne\" \/>\n<meta name=\"robots\" content=\"index, follow, max-snippet:-1, max-image-preview:large, max-video-preview:-1\" \/>\n<link rel=\"canonical\" href=\"https:\/\/rtt.ee\/toode\/kulumaterjalid\/analoog-toonerid\/tooner-must-analoog-hp-135a-w1350a\/\" \/>\n<meta property=\"og:locale\" content=\"en_US\" \/>\n<meta property=\"og:type\" content=\"article\" \/>\n<meta property=\"og:title\" content=\"Toner black analog HP 135A (W1350A) - OXE - RTT\" \/>\n<meta property=\"og:description\" content=\"OXE toonerid \u2013 kvaliteetsed ja soodsad alternatiivid HP, Brother ja Canon printeritele. Suur valik, usaldusv\u00e4\u00e4rne j\u00f5udlus, kiire tarne\" \/>\n<meta property=\"og:url\" content=\"https:\/\/rtt.ee\/toode\/kulumaterjalid\/analoog-toonerid\/tooner-must-analoog-hp-135a-w1350a\/\" \/>\n<meta property=\"og:site_name\" content=\"RTT\" \/>\n<meta property=\"article:modified_time\" content=\"2026-01-29T15:28:33+00:00\" \/>\n<meta property=\"og:image\" content=\"https:\/\/rtt.ee\/wp-content\/uploads\/2025\/10\/Toner_OXE_M_K.png\" \/>\n\t<meta property=\"og:image:width\" content=\"700\" \/>\n\t<meta property=\"og:image:height\" content=\"466\" \/>\n\t<meta property=\"og:image:type\" content=\"image\/png\" \/>\n<meta name=\"twitter:card\" content=\"summary_large_image\" \/>\n<meta name=\"twitter:label1\" content=\"Est. reading time\" \/>\n\t<meta name=\"twitter:data1\" content=\"1 minute\" \/>\n<script type=\"application\/ld+json\" class=\"yoast-schema-graph\">{\"@context\":\"https:\/\/schema.org\",\"@graph\":[{\"@type\":\"WebPage\",\"@id\":\"https:\/\/rtt.ee\/toode\/kulumaterjalid\/analoog-toonerid\/tooner-must-analoog-hp-135a-w1350a\/\",\"url\":\"https:\/\/rtt.ee\/toode\/kulumaterjalid\/analoog-toonerid\/tooner-must-analoog-hp-135a-w1350a\/\",\"name\":\"Toner black analog HP 135A (W1350A) - OXE - RTT\",\"isPartOf\":{\"@id\":\"https:\/\/rtt.ee\/en\/#website\"},\"primaryImageOfPage\":{\"@id\":\"https:\/\/rtt.ee\/toode\/kulumaterjalid\/analoog-toonerid\/tooner-must-analoog-hp-135a-w1350a\/#primaryimage\"},\"image\":{\"@id\":\"https:\/\/rtt.ee\/toode\/kulumaterjalid\/analoog-toonerid\/tooner-must-analoog-hp-135a-w1350a\/#primaryimage\"},\"thumbnailUrl\":\"https:\/\/rtt.ee\/wp-content\/uploads\/2025\/10\/Toner_OXE_M_K.png\",\"datePublished\":\"2025-10-21T07:41:02+00:00\",\"dateModified\":\"2026-01-29T15:28:33+00:00\",\"description\":\"OXE toonerid \u2013 kvaliteetsed ja soodsad alternatiivid HP, Brother ja Canon printeritele. Suur valik, usaldusv\u00e4\u00e4rne j\u00f5udlus, kiire tarne\",\"breadcrumb\":{\"@id\":\"https:\/\/rtt.ee\/toode\/kulumaterjalid\/analoog-toonerid\/tooner-must-analoog-hp-135a-w1350a\/#breadcrumb\"},\"inLanguage\":\"en-US\",\"potentialAction\":[{\"@type\":\"ReadAction\",\"target\":[\"https:\/\/rtt.ee\/toode\/kulumaterjalid\/analoog-toonerid\/tooner-must-analoog-hp-135a-w1350a\/\"]}]},{\"@type\":\"ImageObject\",\"inLanguage\":\"en-US\",\"@id\":\"https:\/\/rtt.ee\/toode\/kulumaterjalid\/analoog-toonerid\/tooner-must-analoog-hp-135a-w1350a\/#primaryimage\",\"url\":\"https:\/\/rtt.ee\/wp-content\/uploads\/2025\/10\/Toner_OXE_M_K.png\",\"contentUrl\":\"https:\/\/rtt.ee\/wp-content\/uploads\/2025\/10\/Toner_OXE_M_K.png\",\"width\":700,\"height\":466},{\"@type\":\"BreadcrumbList\",\"@id\":\"https:\/\/rtt.ee\/toode\/kulumaterjalid\/analoog-toonerid\/tooner-must-analoog-hp-135a-w1350a\/#breadcrumb\",\"itemListElement\":[{\"@type\":\"ListItem\",\"position\":1,\"name\":\"Home\",\"item\":\"https:\/\/rtt.ee\/en\/\"},{\"@type\":\"ListItem\",\"position\":2,\"name\":\"Shop\",\"item\":\"https:\/\/rtt.ee\/en\/shop\/\"},{\"@type\":\"ListItem\",\"position\":3,\"name\":\"Consumables\",\"item\":\"https:\/\/rtt.ee\/en\/tootekategooria\/kulumaterjalid-en\/\"},{\"@type\":\"ListItem\",\"position\":4,\"name\":\"Analog toners\",\"item\":\"https:\/\/rtt.ee\/en\/tootekategooria\/kulumaterjalid-en\/analoog-toonerid-en\/\"},{\"@type\":\"ListItem\",\"position\":5,\"name\":\"Toner black analog HP 135A (W1350A) &#8211; OXE\"}]},{\"@type\":\"WebSite\",\"@id\":\"https:\/\/rtt.ee\/en\/#website\",\"url\":\"https:\/\/rtt.ee\/en\/\",\"name\":\"RTT\",\"description\":\"Kassaaparaadid ja kontorikaubad\",\"potentialAction\":[{\"@type\":\"SearchAction\",\"target\":{\"@type\":\"EntryPoint\",\"urlTemplate\":\"https:\/\/rtt.ee\/en\/?s={search_term_string}\"},\"query-input\":{\"@type\":\"PropertyValueSpecification\",\"valueRequired\":true,\"valueName\":\"search_term_string\"}}],\"inLanguage\":\"en-US\"}]}<\/script>\n<!-- \/ Yoast SEO plugin. -->","yoast_head_json":{"title":"Toner black analog HP 135A (W1350A) - OXE - RTT","description":"OXE toonerid \u2013 kvaliteetsed ja soodsad alternatiivid HP, Brother ja Canon printeritele. Suur valik, usaldusv\u00e4\u00e4rne j\u00f5udlus, kiire tarne","robots":{"index":"index","follow":"follow","max-snippet":"max-snippet:-1","max-image-preview":"max-image-preview:large","max-video-preview":"max-video-preview:-1"},"canonical":"https:\/\/rtt.ee\/toode\/kulumaterjalid\/analoog-toonerid\/tooner-must-analoog-hp-135a-w1350a\/","og_locale":"en_US","og_type":"article","og_title":"Toner black analog HP 135A (W1350A) - OXE - RTT","og_description":"OXE toonerid \u2013 kvaliteetsed ja soodsad alternatiivid HP, Brother ja Canon printeritele. Suur valik, usaldusv\u00e4\u00e4rne j\u00f5udlus, kiire tarne","og_url":"https:\/\/rtt.ee\/toode\/kulumaterjalid\/analoog-toonerid\/tooner-must-analoog-hp-135a-w1350a\/","og_site_name":"RTT","article_modified_time":"2026-01-29T15:28:33+00:00","og_image":[{"width":700,"height":466,"url":"https:\/\/rtt.ee\/wp-content\/uploads\/2025\/10\/Toner_OXE_M_K.png","type":"image\/png"}],"twitter_card":"summary_large_image","twitter_misc":{"Est. reading time":"1 minute"},"schema":{"@context":"https:\/\/schema.org","@graph":[{"@type":"WebPage","@id":"https:\/\/rtt.ee\/toode\/kulumaterjalid\/analoog-toonerid\/tooner-must-analoog-hp-135a-w1350a\/","url":"https:\/\/rtt.ee\/toode\/kulumaterjalid\/analoog-toonerid\/tooner-must-analoog-hp-135a-w1350a\/","name":"Toner black analog HP 135A (W1350A) - OXE - RTT","isPartOf":{"@id":"https:\/\/rtt.ee\/en\/#website"},"primaryImageOfPage":{"@id":"https:\/\/rtt.ee\/toode\/kulumaterjalid\/analoog-toonerid\/tooner-must-analoog-hp-135a-w1350a\/#primaryimage"},"image":{"@id":"https:\/\/rtt.ee\/toode\/kulumaterjalid\/analoog-toonerid\/tooner-must-analoog-hp-135a-w1350a\/#primaryimage"},"thumbnailUrl":"https:\/\/rtt.ee\/wp-content\/uploads\/2025\/10\/Toner_OXE_M_K.png","datePublished":"2025-10-21T07:41:02+00:00","dateModified":"2026-01-29T15:28:33+00:00","description":"OXE toonerid \u2013 kvaliteetsed ja soodsad alternatiivid HP, Brother ja Canon printeritele. Suur valik, usaldusv\u00e4\u00e4rne j\u00f5udlus, kiire tarne","breadcrumb":{"@id":"https:\/\/rtt.ee\/toode\/kulumaterjalid\/analoog-toonerid\/tooner-must-analoog-hp-135a-w1350a\/#breadcrumb"},"inLanguage":"en-US","potentialAction":[{"@type":"ReadAction","target":["https:\/\/rtt.ee\/toode\/kulumaterjalid\/analoog-toonerid\/tooner-must-analoog-hp-135a-w1350a\/"]}]},{"@type":"ImageObject","inLanguage":"en-US","@id":"https:\/\/rtt.ee\/toode\/kulumaterjalid\/analoog-toonerid\/tooner-must-analoog-hp-135a-w1350a\/#primaryimage","url":"https:\/\/rtt.ee\/wp-content\/uploads\/2025\/10\/Toner_OXE_M_K.png","contentUrl":"https:\/\/rtt.ee\/wp-content\/uploads\/2025\/10\/Toner_OXE_M_K.png","width":700,"height":466},{"@type":"BreadcrumbList","@id":"https:\/\/rtt.ee\/toode\/kulumaterjalid\/analoog-toonerid\/tooner-must-analoog-hp-135a-w1350a\/#breadcrumb","itemListElement":[{"@type":"ListItem","position":1,"name":"Home","item":"https:\/\/rtt.ee\/en\/"},{"@type":"ListItem","position":2,"name":"Shop","item":"https:\/\/rtt.ee\/en\/shop\/"},{"@type":"ListItem","position":3,"name":"Consumables","item":"https:\/\/rtt.ee\/en\/tootekategooria\/kulumaterjalid-en\/"},{"@type":"ListItem","position":4,"name":"Analog toners","item":"https:\/\/rtt.ee\/en\/tootekategooria\/kulumaterjalid-en\/analoog-toonerid-en\/"},{"@type":"ListItem","position":5,"name":"Toner black analog HP 135A (W1350A) &#8211; OXE"}]},{"@type":"WebSite","@id":"https:\/\/rtt.ee\/en\/#website","url":"https:\/\/rtt.ee\/en\/","name":"RTT","description":"Kassaaparaadid ja kontorikaubad","potentialAction":[{"@type":"SearchAction","target":{"@type":"EntryPoint","urlTemplate":"https:\/\/rtt.ee\/en\/?s={search_term_string}"},"query-input":{"@type":"PropertyValueSpecification","valueRequired":true,"valueName":"search_term_string"}}],"inLanguage":"en-US"}]}},"_links":{"self":[{"href":"https:\/\/rtt.ee\/en\/wp-json\/wp\/v2\/product\/13409","targetHints":{"allow":["GET"]}}],"collection":[{"href":"https:\/\/rtt.ee\/en\/wp-json\/wp\/v2\/product"}],"about":[{"href":"https:\/\/rtt.ee\/en\/wp-json\/wp\/v2\/types\/product"}],"wp:featuredmedia":[{"embeddable":true,"href":"https:\/\/rtt.ee\/en\/wp-json\/wp\/v2\/media\/13332"}],"wp:attachment":[{"href":"https:\/\/rtt.ee\/en\/wp-json\/wp\/v2\/media?parent=13409"}],"wp:term":[{"taxonomy":"product_brand","embeddable":true,"href":"https:\/\/rtt.ee\/en\/wp-json\/wp\/v2\/product_brand?post=13409"},{"taxonomy":"product_cat","embeddable":true,"href":"https:\/\/rtt.ee\/en\/wp-json\/wp\/v2\/product_cat?post=13409"},{"taxonomy":"product_tag","embeddable":true,"href":"https:\/\/rtt.ee\/en\/wp-json\/wp\/v2\/product_tag?post=13409"}],"curies":[{"name":"wp","href":"https:\/\/api.w.org\/{rel}","templated":true}]}}