{"id":13407,"date":"2025-10-21T10:47:49","date_gmt":"2025-10-21T07:47:49","guid":{"rendered":"https:\/\/rtt.ee\/toode\/uncategorized\/tooner-must-hp-26x-cf226x-canon-crg052h\/"},"modified":"2026-01-29T17:19:55","modified_gmt":"2026-01-29T15:19:55","slug":"tooner-must-hp-26x-cf226x-canon-crg052h","status":"publish","type":"product","link":"https:\/\/rtt.ee\/en\/toode\/kulumaterjalid-en\/analoog-toonerid-en\/tooner-must-hp-26x-cf226x-canon-crg052h\/","title":{"rendered":"Toner black analog HP 26X (CF226X) \/ CANON CRG052H &#8211; OXE"},"content":{"rendered":"<p>Sobivus: HP LaserJet Pro M402d (C5F92A), M402dn (C5F94A), M402dne (C5J91A), M402n (C5F93A), M426dw MFP (F6W13A), M426fdn MFP (F6W14A), M426fdw MFP (F6W15A)<br \/>\n(HP 26X CF226X)<\/p>\n<p>Canon LBP212, LBP214, LBP215, MF421, MF426, MF428, MF429<br \/>\n(CRG052H, CRG-052H)<\/p>\n<p>Tr\u00fckimaht kuni 9000 lehte<\/p>\n","protected":false},"excerpt":{"rendered":"<p>Sobivus: HP LaserJet Pro M402d (C5F92A), M402dn (C5F94A), M402dne (C5J91A), M402n (C5F93A), M426dw MFP (F6W13A), M426fdn MFP (F6W14A), M426fdw MFP (F6W15A) (HP 26X CF226X) Canon LBP212, LBP214, LBP215, MF421, MF426, MF428, MF429 (CRG052H, CRG-052H) Tr\u00fckimaht kuni 9000 lehte<\/p>\n","protected":false},"featured_media":13332,"template":"","meta":{"_acf_changed":false},"product_brand":[407],"product_cat":[156],"product_tag":[],"class_list":{"0":"post-13407","1":"product","2":"type-product","3":"status-publish","4":"has-post-thumbnail","6":"product_brand-oxe","7":"product_cat-analoog-toonerid-en","8":"product_brands-oxe-en","10":"first","11":"onbackorder","12":"taxable","13":"shipping-taxable","14":"purchasable","15":"product-type-simple"},"acf":[],"yoast_head":"<!-- This site is optimized with the Yoast SEO plugin v26.2 - https:\/\/yoast.com\/wordpress\/plugins\/seo\/ -->\n<title>Toner black analog HP 26X (CF226X) \/ CANON CRG052H - OXE - RTT<\/title>\n<meta name=\"description\" content=\"OXE toonerid \u2013 kvaliteetsed ja soodsad alternatiivid HP, Brother ja Canon printeritele. Suur valik, usaldusv\u00e4\u00e4rne j\u00f5udlus, kiire tarne\" \/>\n<meta name=\"robots\" content=\"index, follow, max-snippet:-1, max-image-preview:large, max-video-preview:-1\" \/>\n<link rel=\"canonical\" href=\"https:\/\/rtt.ee\/toode\/kulumaterjalid\/analoog-toonerid\/tooner-must-hp-26x-cf226x-canon-crg052h\/\" \/>\n<meta property=\"og:locale\" content=\"en_US\" \/>\n<meta property=\"og:type\" content=\"article\" \/>\n<meta property=\"og:title\" content=\"Toner black analog HP 26X (CF226X) \/ CANON CRG052H - OXE - RTT\" \/>\n<meta property=\"og:description\" content=\"OXE toonerid \u2013 kvaliteetsed ja soodsad alternatiivid HP, Brother ja Canon printeritele. Suur valik, usaldusv\u00e4\u00e4rne j\u00f5udlus, kiire tarne\" \/>\n<meta property=\"og:url\" content=\"https:\/\/rtt.ee\/toode\/kulumaterjalid\/analoog-toonerid\/tooner-must-hp-26x-cf226x-canon-crg052h\/\" \/>\n<meta property=\"og:site_name\" content=\"RTT\" \/>\n<meta property=\"article:modified_time\" content=\"2026-01-29T15:19:55+00:00\" \/>\n<meta property=\"og:image\" content=\"https:\/\/rtt.ee\/wp-content\/uploads\/2025\/10\/Toner_OXE_M_K.png\" \/>\n\t<meta property=\"og:image:width\" content=\"700\" \/>\n\t<meta property=\"og:image:height\" content=\"466\" \/>\n\t<meta property=\"og:image:type\" content=\"image\/png\" \/>\n<meta name=\"twitter:card\" content=\"summary_large_image\" \/>\n<meta name=\"twitter:label1\" content=\"Est. reading time\" \/>\n\t<meta name=\"twitter:data1\" content=\"1 minute\" \/>\n<script type=\"application\/ld+json\" class=\"yoast-schema-graph\">{\"@context\":\"https:\/\/schema.org\",\"@graph\":[{\"@type\":\"WebPage\",\"@id\":\"https:\/\/rtt.ee\/toode\/kulumaterjalid\/analoog-toonerid\/tooner-must-hp-26x-cf226x-canon-crg052h\/\",\"url\":\"https:\/\/rtt.ee\/toode\/kulumaterjalid\/analoog-toonerid\/tooner-must-hp-26x-cf226x-canon-crg052h\/\",\"name\":\"Toner black analog HP 26X (CF226X) \/ CANON CRG052H - OXE - RTT\",\"isPartOf\":{\"@id\":\"https:\/\/rtt.ee\/en\/#website\"},\"primaryImageOfPage\":{\"@id\":\"https:\/\/rtt.ee\/toode\/kulumaterjalid\/analoog-toonerid\/tooner-must-hp-26x-cf226x-canon-crg052h\/#primaryimage\"},\"image\":{\"@id\":\"https:\/\/rtt.ee\/toode\/kulumaterjalid\/analoog-toonerid\/tooner-must-hp-26x-cf226x-canon-crg052h\/#primaryimage\"},\"thumbnailUrl\":\"https:\/\/rtt.ee\/wp-content\/uploads\/2025\/10\/Toner_OXE_M_K.png\",\"datePublished\":\"2025-10-21T07:47:49+00:00\",\"dateModified\":\"2026-01-29T15:19:55+00:00\",\"description\":\"OXE toonerid \u2013 kvaliteetsed ja soodsad alternatiivid HP, Brother ja Canon printeritele. Suur valik, usaldusv\u00e4\u00e4rne j\u00f5udlus, kiire tarne\",\"breadcrumb\":{\"@id\":\"https:\/\/rtt.ee\/toode\/kulumaterjalid\/analoog-toonerid\/tooner-must-hp-26x-cf226x-canon-crg052h\/#breadcrumb\"},\"inLanguage\":\"en-US\",\"potentialAction\":[{\"@type\":\"ReadAction\",\"target\":[\"https:\/\/rtt.ee\/toode\/kulumaterjalid\/analoog-toonerid\/tooner-must-hp-26x-cf226x-canon-crg052h\/\"]}]},{\"@type\":\"ImageObject\",\"inLanguage\":\"en-US\",\"@id\":\"https:\/\/rtt.ee\/toode\/kulumaterjalid\/analoog-toonerid\/tooner-must-hp-26x-cf226x-canon-crg052h\/#primaryimage\",\"url\":\"https:\/\/rtt.ee\/wp-content\/uploads\/2025\/10\/Toner_OXE_M_K.png\",\"contentUrl\":\"https:\/\/rtt.ee\/wp-content\/uploads\/2025\/10\/Toner_OXE_M_K.png\",\"width\":700,\"height\":466},{\"@type\":\"BreadcrumbList\",\"@id\":\"https:\/\/rtt.ee\/toode\/kulumaterjalid\/analoog-toonerid\/tooner-must-hp-26x-cf226x-canon-crg052h\/#breadcrumb\",\"itemListElement\":[{\"@type\":\"ListItem\",\"position\":1,\"name\":\"Home\",\"item\":\"https:\/\/rtt.ee\/en\/\"},{\"@type\":\"ListItem\",\"position\":2,\"name\":\"Shop\",\"item\":\"https:\/\/rtt.ee\/en\/shop\/\"},{\"@type\":\"ListItem\",\"position\":3,\"name\":\"Consumables\",\"item\":\"https:\/\/rtt.ee\/en\/tootekategooria\/kulumaterjalid-en\/\"},{\"@type\":\"ListItem\",\"position\":4,\"name\":\"Analog toners\",\"item\":\"https:\/\/rtt.ee\/en\/tootekategooria\/kulumaterjalid-en\/analoog-toonerid-en\/\"},{\"@type\":\"ListItem\",\"position\":5,\"name\":\"Toner black analog HP 26X (CF226X) \/ CANON CRG052H &#8211; OXE\"}]},{\"@type\":\"WebSite\",\"@id\":\"https:\/\/rtt.ee\/en\/#website\",\"url\":\"https:\/\/rtt.ee\/en\/\",\"name\":\"RTT\",\"description\":\"Kassaaparaadid ja kontorikaubad\",\"potentialAction\":[{\"@type\":\"SearchAction\",\"target\":{\"@type\":\"EntryPoint\",\"urlTemplate\":\"https:\/\/rtt.ee\/en\/?s={search_term_string}\"},\"query-input\":{\"@type\":\"PropertyValueSpecification\",\"valueRequired\":true,\"valueName\":\"search_term_string\"}}],\"inLanguage\":\"en-US\"}]}<\/script>\n<!-- \/ Yoast SEO plugin. -->","yoast_head_json":{"title":"Toner black analog HP 26X (CF226X) \/ CANON CRG052H - OXE - RTT","description":"OXE toonerid \u2013 kvaliteetsed ja soodsad alternatiivid HP, Brother ja Canon printeritele. Suur valik, usaldusv\u00e4\u00e4rne j\u00f5udlus, kiire tarne","robots":{"index":"index","follow":"follow","max-snippet":"max-snippet:-1","max-image-preview":"max-image-preview:large","max-video-preview":"max-video-preview:-1"},"canonical":"https:\/\/rtt.ee\/toode\/kulumaterjalid\/analoog-toonerid\/tooner-must-hp-26x-cf226x-canon-crg052h\/","og_locale":"en_US","og_type":"article","og_title":"Toner black analog HP 26X (CF226X) \/ CANON CRG052H - OXE - RTT","og_description":"OXE toonerid \u2013 kvaliteetsed ja soodsad alternatiivid HP, Brother ja Canon printeritele. Suur valik, usaldusv\u00e4\u00e4rne j\u00f5udlus, kiire tarne","og_url":"https:\/\/rtt.ee\/toode\/kulumaterjalid\/analoog-toonerid\/tooner-must-hp-26x-cf226x-canon-crg052h\/","og_site_name":"RTT","article_modified_time":"2026-01-29T15:19:55+00:00","og_image":[{"width":700,"height":466,"url":"https:\/\/rtt.ee\/wp-content\/uploads\/2025\/10\/Toner_OXE_M_K.png","type":"image\/png"}],"twitter_card":"summary_large_image","twitter_misc":{"Est. reading time":"1 minute"},"schema":{"@context":"https:\/\/schema.org","@graph":[{"@type":"WebPage","@id":"https:\/\/rtt.ee\/toode\/kulumaterjalid\/analoog-toonerid\/tooner-must-hp-26x-cf226x-canon-crg052h\/","url":"https:\/\/rtt.ee\/toode\/kulumaterjalid\/analoog-toonerid\/tooner-must-hp-26x-cf226x-canon-crg052h\/","name":"Toner black analog HP 26X (CF226X) \/ CANON CRG052H - OXE - RTT","isPartOf":{"@id":"https:\/\/rtt.ee\/en\/#website"},"primaryImageOfPage":{"@id":"https:\/\/rtt.ee\/toode\/kulumaterjalid\/analoog-toonerid\/tooner-must-hp-26x-cf226x-canon-crg052h\/#primaryimage"},"image":{"@id":"https:\/\/rtt.ee\/toode\/kulumaterjalid\/analoog-toonerid\/tooner-must-hp-26x-cf226x-canon-crg052h\/#primaryimage"},"thumbnailUrl":"https:\/\/rtt.ee\/wp-content\/uploads\/2025\/10\/Toner_OXE_M_K.png","datePublished":"2025-10-21T07:47:49+00:00","dateModified":"2026-01-29T15:19:55+00:00","description":"OXE toonerid \u2013 kvaliteetsed ja soodsad alternatiivid HP, Brother ja Canon printeritele. Suur valik, usaldusv\u00e4\u00e4rne j\u00f5udlus, kiire tarne","breadcrumb":{"@id":"https:\/\/rtt.ee\/toode\/kulumaterjalid\/analoog-toonerid\/tooner-must-hp-26x-cf226x-canon-crg052h\/#breadcrumb"},"inLanguage":"en-US","potentialAction":[{"@type":"ReadAction","target":["https:\/\/rtt.ee\/toode\/kulumaterjalid\/analoog-toonerid\/tooner-must-hp-26x-cf226x-canon-crg052h\/"]}]},{"@type":"ImageObject","inLanguage":"en-US","@id":"https:\/\/rtt.ee\/toode\/kulumaterjalid\/analoog-toonerid\/tooner-must-hp-26x-cf226x-canon-crg052h\/#primaryimage","url":"https:\/\/rtt.ee\/wp-content\/uploads\/2025\/10\/Toner_OXE_M_K.png","contentUrl":"https:\/\/rtt.ee\/wp-content\/uploads\/2025\/10\/Toner_OXE_M_K.png","width":700,"height":466},{"@type":"BreadcrumbList","@id":"https:\/\/rtt.ee\/toode\/kulumaterjalid\/analoog-toonerid\/tooner-must-hp-26x-cf226x-canon-crg052h\/#breadcrumb","itemListElement":[{"@type":"ListItem","position":1,"name":"Home","item":"https:\/\/rtt.ee\/en\/"},{"@type":"ListItem","position":2,"name":"Shop","item":"https:\/\/rtt.ee\/en\/shop\/"},{"@type":"ListItem","position":3,"name":"Consumables","item":"https:\/\/rtt.ee\/en\/tootekategooria\/kulumaterjalid-en\/"},{"@type":"ListItem","position":4,"name":"Analog toners","item":"https:\/\/rtt.ee\/en\/tootekategooria\/kulumaterjalid-en\/analoog-toonerid-en\/"},{"@type":"ListItem","position":5,"name":"Toner black analog HP 26X (CF226X) \/ CANON CRG052H &#8211; OXE"}]},{"@type":"WebSite","@id":"https:\/\/rtt.ee\/en\/#website","url":"https:\/\/rtt.ee\/en\/","name":"RTT","description":"Kassaaparaadid ja kontorikaubad","potentialAction":[{"@type":"SearchAction","target":{"@type":"EntryPoint","urlTemplate":"https:\/\/rtt.ee\/en\/?s={search_term_string}"},"query-input":{"@type":"PropertyValueSpecification","valueRequired":true,"valueName":"search_term_string"}}],"inLanguage":"en-US"}]}},"_links":{"self":[{"href":"https:\/\/rtt.ee\/en\/wp-json\/wp\/v2\/product\/13407","targetHints":{"allow":["GET"]}}],"collection":[{"href":"https:\/\/rtt.ee\/en\/wp-json\/wp\/v2\/product"}],"about":[{"href":"https:\/\/rtt.ee\/en\/wp-json\/wp\/v2\/types\/product"}],"wp:featuredmedia":[{"embeddable":true,"href":"https:\/\/rtt.ee\/en\/wp-json\/wp\/v2\/media\/13332"}],"wp:attachment":[{"href":"https:\/\/rtt.ee\/en\/wp-json\/wp\/v2\/media?parent=13407"}],"wp:term":[{"taxonomy":"product_brand","embeddable":true,"href":"https:\/\/rtt.ee\/en\/wp-json\/wp\/v2\/product_brand?post=13407"},{"taxonomy":"product_cat","embeddable":true,"href":"https:\/\/rtt.ee\/en\/wp-json\/wp\/v2\/product_cat?post=13407"},{"taxonomy":"product_tag","embeddable":true,"href":"https:\/\/rtt.ee\/en\/wp-json\/wp\/v2\/product_tag?post=13407"}],"curies":[{"name":"wp","href":"https:\/\/api.w.org\/{rel}","templated":true}]}}