{"id":12420,"date":"2023-12-15T14:51:23","date_gmt":"2023-12-15T12:51:23","guid":{"rendered":"https:\/\/rtt.ee\/toode\/uncategorized\/kasiterminal-zebra-tc22-se4710\/"},"modified":"2026-04-10T11:18:44","modified_gmt":"2026-04-10T08:18:44","slug":"kasiterminal-zebra-tc22-se4710","status":"publish","type":"product","link":"https:\/\/rtt.ee\/en\/toode\/mobiilsed-arvutid-en\/kasiterminalid-en\/kasiterminal-zebra-tc22-se4710\/","title":{"rendered":"K\u00e4siterminal Zebra TC22 standard sk\u00e4nneriga SE4710"},"content":{"rendered":"","protected":false},"excerpt":{"rendered":"","protected":false},"featured_media":10427,"template":"","meta":{"_acf_changed":false},"product_brand":[408],"product_cat":[133,134],"product_tag":[303],"class_list":{"0":"post-12420","1":"product","2":"type-product","3":"status-publish","4":"has-post-thumbnail","6":"product_brand-zebra","7":"product_cat-mobiilsed-arvutid-en","8":"product_cat-kasiterminalid-en","9":"product_tag-uus-en","10":"product_brands-zebra-en","12":"first","13":"onbackorder","14":"taxable","15":"shipping-taxable","16":"purchasable","17":"product-type-simple"},"acf":[],"yoast_head":"<!-- This site is optimized with the Yoast SEO plugin v26.2 - https:\/\/yoast.com\/wordpress\/plugins\/seo\/ -->\n<title>K\u00e4siterminal Zebra TC22 standard sk\u00e4nneriga SE4710 - RTT<\/title>\n<meta name=\"description\" content=\"Zebra TC22 \u00fchendab endas nutitelefoni kasutusmugavuse ja t\u00f6\u00f6stusliku vastupidavuse. Parim valik logistikasse ja klienditeenindusse\" \/>\n<meta name=\"robots\" content=\"index, follow, max-snippet:-1, max-image-preview:large, max-video-preview:-1\" \/>\n<link rel=\"canonical\" href=\"https:\/\/rtt.ee\/toode\/mobiilsed-arvutid\/kasiterminalid\/kasiterminal-zebra-tc22-se4710\/\" \/>\n<meta property=\"og:locale\" content=\"en_US\" \/>\n<meta property=\"og:type\" content=\"article\" \/>\n<meta property=\"og:title\" content=\"K\u00e4siterminal Zebra TC22 standard sk\u00e4nneriga SE4710 - RTT\" \/>\n<meta property=\"og:description\" content=\"Zebra TC22 \u00fchendab endas nutitelefoni kasutusmugavuse ja t\u00f6\u00f6stusliku vastupidavuse. Parim valik logistikasse ja klienditeenindusse\" \/>\n<meta property=\"og:url\" content=\"https:\/\/rtt.ee\/toode\/mobiilsed-arvutid\/kasiterminalid\/kasiterminal-zebra-tc22-se4710\/\" \/>\n<meta property=\"og:site_name\" content=\"RTT\" \/>\n<meta property=\"article:modified_time\" content=\"2026-04-10T08:18:44+00:00\" \/>\n<meta property=\"og:image\" content=\"https:\/\/rtt.ee\/wp-content\/uploads\/2023\/12\/pic_TC22.jpg\" \/>\n\t<meta property=\"og:image:width\" content=\"1444\" \/>\n\t<meta property=\"og:image:height\" content=\"2152\" \/>\n\t<meta property=\"og:image:type\" content=\"image\/jpeg\" \/>\n<meta name=\"twitter:card\" content=\"summary_large_image\" \/>\n<meta name=\"twitter:label1\" content=\"Est. reading time\" \/>\n\t<meta name=\"twitter:data1\" content=\"1 minute\" \/>\n<script type=\"application\/ld+json\" class=\"yoast-schema-graph\">{\"@context\":\"https:\/\/schema.org\",\"@graph\":[{\"@type\":\"WebPage\",\"@id\":\"https:\/\/rtt.ee\/toode\/mobiilsed-arvutid\/kasiterminalid\/kasiterminal-zebra-tc22-se4710\/\",\"url\":\"https:\/\/rtt.ee\/toode\/mobiilsed-arvutid\/kasiterminalid\/kasiterminal-zebra-tc22-se4710\/\",\"name\":\"K\u00e4siterminal Zebra TC22 standard sk\u00e4nneriga SE4710 - RTT\",\"isPartOf\":{\"@id\":\"https:\/\/rtt.ee\/en\/#website\"},\"primaryImageOfPage\":{\"@id\":\"https:\/\/rtt.ee\/toode\/mobiilsed-arvutid\/kasiterminalid\/kasiterminal-zebra-tc22-se4710\/#primaryimage\"},\"image\":{\"@id\":\"https:\/\/rtt.ee\/toode\/mobiilsed-arvutid\/kasiterminalid\/kasiterminal-zebra-tc22-se4710\/#primaryimage\"},\"thumbnailUrl\":\"https:\/\/rtt.ee\/wp-content\/uploads\/2023\/12\/pic_TC22.jpg\",\"datePublished\":\"2023-12-15T12:51:23+00:00\",\"dateModified\":\"2026-04-10T08:18:44+00:00\",\"description\":\"Zebra TC22 \u00fchendab endas nutitelefoni kasutusmugavuse ja t\u00f6\u00f6stusliku vastupidavuse. Parim valik logistikasse ja klienditeenindusse\",\"breadcrumb\":{\"@id\":\"https:\/\/rtt.ee\/toode\/mobiilsed-arvutid\/kasiterminalid\/kasiterminal-zebra-tc22-se4710\/#breadcrumb\"},\"inLanguage\":\"en-US\",\"potentialAction\":[{\"@type\":\"ReadAction\",\"target\":[\"https:\/\/rtt.ee\/toode\/mobiilsed-arvutid\/kasiterminalid\/kasiterminal-zebra-tc22-se4710\/\"]}]},{\"@type\":\"ImageObject\",\"inLanguage\":\"en-US\",\"@id\":\"https:\/\/rtt.ee\/toode\/mobiilsed-arvutid\/kasiterminalid\/kasiterminal-zebra-tc22-se4710\/#primaryimage\",\"url\":\"https:\/\/rtt.ee\/wp-content\/uploads\/2023\/12\/pic_TC22.jpg\",\"contentUrl\":\"https:\/\/rtt.ee\/wp-content\/uploads\/2023\/12\/pic_TC22.jpg\",\"width\":1444,\"height\":2152,\"caption\":\"Zebra TC22 k\u00e4siterminal\"},{\"@type\":\"BreadcrumbList\",\"@id\":\"https:\/\/rtt.ee\/toode\/mobiilsed-arvutid\/kasiterminalid\/kasiterminal-zebra-tc22-se4710\/#breadcrumb\",\"itemListElement\":[{\"@type\":\"ListItem\",\"position\":1,\"name\":\"Home\",\"item\":\"https:\/\/rtt.ee\/en\/\"},{\"@type\":\"ListItem\",\"position\":2,\"name\":\"Shop\",\"item\":\"https:\/\/rtt.ee\/en\/shop\/\"},{\"@type\":\"ListItem\",\"position\":3,\"name\":\"Mobiilsed arvutid\",\"item\":\"https:\/\/rtt.ee\/tootekategooria\/mobiilsed-arvutid\/\"},{\"@type\":\"ListItem\",\"position\":4,\"name\":\"K\u00e4siterminalid\",\"item\":\"https:\/\/rtt.ee\/tootekategooria\/mobiilsed-arvutid\/kasiterminalid\/\"},{\"@type\":\"ListItem\",\"position\":5,\"name\":\"K\u00e4siterminal Zebra TC22 standard sk\u00e4nneriga SE4710\"}]},{\"@type\":\"WebSite\",\"@id\":\"https:\/\/rtt.ee\/en\/#website\",\"url\":\"https:\/\/rtt.ee\/en\/\",\"name\":\"RTT\",\"description\":\"Kassaaparaadid ja kontorikaubad\",\"potentialAction\":[{\"@type\":\"SearchAction\",\"target\":{\"@type\":\"EntryPoint\",\"urlTemplate\":\"https:\/\/rtt.ee\/en\/?s={search_term_string}\"},\"query-input\":{\"@type\":\"PropertyValueSpecification\",\"valueRequired\":true,\"valueName\":\"search_term_string\"}}],\"inLanguage\":\"en-US\"}]}<\/script>\n<!-- \/ Yoast SEO plugin. -->","yoast_head_json":{"title":"K\u00e4siterminal Zebra TC22 standard sk\u00e4nneriga SE4710 - RTT","description":"Zebra TC22 \u00fchendab endas nutitelefoni kasutusmugavuse ja t\u00f6\u00f6stusliku vastupidavuse. Parim valik logistikasse ja klienditeenindusse","robots":{"index":"index","follow":"follow","max-snippet":"max-snippet:-1","max-image-preview":"max-image-preview:large","max-video-preview":"max-video-preview:-1"},"canonical":"https:\/\/rtt.ee\/toode\/mobiilsed-arvutid\/kasiterminalid\/kasiterminal-zebra-tc22-se4710\/","og_locale":"en_US","og_type":"article","og_title":"K\u00e4siterminal Zebra TC22 standard sk\u00e4nneriga SE4710 - RTT","og_description":"Zebra TC22 \u00fchendab endas nutitelefoni kasutusmugavuse ja t\u00f6\u00f6stusliku vastupidavuse. Parim valik logistikasse ja klienditeenindusse","og_url":"https:\/\/rtt.ee\/toode\/mobiilsed-arvutid\/kasiterminalid\/kasiterminal-zebra-tc22-se4710\/","og_site_name":"RTT","article_modified_time":"2026-04-10T08:18:44+00:00","og_image":[{"width":1444,"height":2152,"url":"https:\/\/rtt.ee\/wp-content\/uploads\/2023\/12\/pic_TC22.jpg","type":"image\/jpeg"}],"twitter_card":"summary_large_image","twitter_misc":{"Est. reading time":"1 minute"},"schema":{"@context":"https:\/\/schema.org","@graph":[{"@type":"WebPage","@id":"https:\/\/rtt.ee\/toode\/mobiilsed-arvutid\/kasiterminalid\/kasiterminal-zebra-tc22-se4710\/","url":"https:\/\/rtt.ee\/toode\/mobiilsed-arvutid\/kasiterminalid\/kasiterminal-zebra-tc22-se4710\/","name":"K\u00e4siterminal Zebra TC22 standard sk\u00e4nneriga SE4710 - RTT","isPartOf":{"@id":"https:\/\/rtt.ee\/en\/#website"},"primaryImageOfPage":{"@id":"https:\/\/rtt.ee\/toode\/mobiilsed-arvutid\/kasiterminalid\/kasiterminal-zebra-tc22-se4710\/#primaryimage"},"image":{"@id":"https:\/\/rtt.ee\/toode\/mobiilsed-arvutid\/kasiterminalid\/kasiterminal-zebra-tc22-se4710\/#primaryimage"},"thumbnailUrl":"https:\/\/rtt.ee\/wp-content\/uploads\/2023\/12\/pic_TC22.jpg","datePublished":"2023-12-15T12:51:23+00:00","dateModified":"2026-04-10T08:18:44+00:00","description":"Zebra TC22 \u00fchendab endas nutitelefoni kasutusmugavuse ja t\u00f6\u00f6stusliku vastupidavuse. Parim valik logistikasse ja klienditeenindusse","breadcrumb":{"@id":"https:\/\/rtt.ee\/toode\/mobiilsed-arvutid\/kasiterminalid\/kasiterminal-zebra-tc22-se4710\/#breadcrumb"},"inLanguage":"en-US","potentialAction":[{"@type":"ReadAction","target":["https:\/\/rtt.ee\/toode\/mobiilsed-arvutid\/kasiterminalid\/kasiterminal-zebra-tc22-se4710\/"]}]},{"@type":"ImageObject","inLanguage":"en-US","@id":"https:\/\/rtt.ee\/toode\/mobiilsed-arvutid\/kasiterminalid\/kasiterminal-zebra-tc22-se4710\/#primaryimage","url":"https:\/\/rtt.ee\/wp-content\/uploads\/2023\/12\/pic_TC22.jpg","contentUrl":"https:\/\/rtt.ee\/wp-content\/uploads\/2023\/12\/pic_TC22.jpg","width":1444,"height":2152,"caption":"Zebra TC22 k\u00e4siterminal"},{"@type":"BreadcrumbList","@id":"https:\/\/rtt.ee\/toode\/mobiilsed-arvutid\/kasiterminalid\/kasiterminal-zebra-tc22-se4710\/#breadcrumb","itemListElement":[{"@type":"ListItem","position":1,"name":"Home","item":"https:\/\/rtt.ee\/en\/"},{"@type":"ListItem","position":2,"name":"Shop","item":"https:\/\/rtt.ee\/en\/shop\/"},{"@type":"ListItem","position":3,"name":"Mobiilsed arvutid","item":"https:\/\/rtt.ee\/tootekategooria\/mobiilsed-arvutid\/"},{"@type":"ListItem","position":4,"name":"K\u00e4siterminalid","item":"https:\/\/rtt.ee\/tootekategooria\/mobiilsed-arvutid\/kasiterminalid\/"},{"@type":"ListItem","position":5,"name":"K\u00e4siterminal Zebra TC22 standard sk\u00e4nneriga SE4710"}]},{"@type":"WebSite","@id":"https:\/\/rtt.ee\/en\/#website","url":"https:\/\/rtt.ee\/en\/","name":"RTT","description":"Kassaaparaadid ja kontorikaubad","potentialAction":[{"@type":"SearchAction","target":{"@type":"EntryPoint","urlTemplate":"https:\/\/rtt.ee\/en\/?s={search_term_string}"},"query-input":{"@type":"PropertyValueSpecification","valueRequired":true,"valueName":"search_term_string"}}],"inLanguage":"en-US"}]}},"_links":{"self":[{"href":"https:\/\/rtt.ee\/en\/wp-json\/wp\/v2\/product\/12420","targetHints":{"allow":["GET"]}}],"collection":[{"href":"https:\/\/rtt.ee\/en\/wp-json\/wp\/v2\/product"}],"about":[{"href":"https:\/\/rtt.ee\/en\/wp-json\/wp\/v2\/types\/product"}],"wp:featuredmedia":[{"embeddable":true,"href":"https:\/\/rtt.ee\/en\/wp-json\/wp\/v2\/media\/10427"}],"wp:attachment":[{"href":"https:\/\/rtt.ee\/en\/wp-json\/wp\/v2\/media?parent=12420"}],"wp:term":[{"taxonomy":"product_brand","embeddable":true,"href":"https:\/\/rtt.ee\/en\/wp-json\/wp\/v2\/product_brand?post=12420"},{"taxonomy":"product_cat","embeddable":true,"href":"https:\/\/rtt.ee\/en\/wp-json\/wp\/v2\/product_cat?post=12420"},{"taxonomy":"product_tag","embeddable":true,"href":"https:\/\/rtt.ee\/en\/wp-json\/wp\/v2\/product_tag?post=12420"}],"curies":[{"name":"wp","href":"https:\/\/api.w.org\/{rel}","templated":true}]}}