{"id":12355,"date":"2024-01-08T12:11:21","date_gmt":"2024-01-08T10:11:21","guid":{"rendered":"https:\/\/rtt.ee\/toode\/uncategorized\/kasiterminal-zebra-wlmt0-t22b6cbc2-a6\/"},"modified":"2025-07-26T11:32:25","modified_gmt":"2025-07-26T08:32:25","slug":"kasiterminal-zebra-wlmt0-t22b6cbc2-a6","status":"publish","type":"product","link":"https:\/\/rtt.ee\/en\/toode\/mobiilsed-arvutid-en\/kasiterminalid-en\/kasiterminal-zebra-wlmt0-t22b6cbc2-a6\/","title":{"rendered":"Mobile Computer Zebra TC22, Android, WiFi, Bluetooth, SE55 kauglugev sk\u00e4nner"},"content":{"rendered":"","protected":false},"excerpt":{"rendered":"","protected":false},"featured_media":10498,"template":"","meta":{"_acf_changed":false},"product_brand":[],"product_cat":[133,134,257],"product_tag":[303],"class_list":{"0":"post-12355","1":"product","2":"type-product","3":"status-publish","4":"has-post-thumbnail","6":"product_cat-mobiilsed-arvutid-en","7":"product_cat-kasiterminalid-en","8":"product_cat-maaramata-en","9":"product_tag-uus-en","10":"product_brands-zebra-en","12":"first","13":"instock","14":"taxable","15":"shipping-taxable","16":"purchasable","17":"product-type-simple"},"acf":[],"yoast_head":"<!-- This site is optimized with the Yoast SEO plugin v26.2 - https:\/\/yoast.com\/wordpress\/plugins\/seo\/ -->\n<title>Mobile Computer Zebra TC22, Android, WiFi, Bluetooth, SE55 kauglugev sk\u00e4nner - RTT<\/title>\n<meta name=\"description\" content=\"Populaarne k\u00e4siterminal laot\u00f6\u00f6ks.\" \/>\n<meta name=\"robots\" content=\"index, follow, max-snippet:-1, max-image-preview:large, max-video-preview:-1\" \/>\n<link rel=\"canonical\" href=\"https:\/\/rtt.ee\/en\/toode\/mobiilsed-arvutid-en\/kasiterminalid-en\/kasiterminal-zebra-wlmt0-t22b6cbc2-a6\/\" \/>\n<meta property=\"og:locale\" content=\"en_US\" \/>\n<meta property=\"og:type\" content=\"article\" \/>\n<meta property=\"og:title\" content=\"Mobile Computer Zebra TC22, Android, WiFi, Bluetooth, SE55 kauglugev sk\u00e4nner - RTT\" \/>\n<meta property=\"og:description\" content=\"Populaarne k\u00e4siterminal laot\u00f6\u00f6ks.\" \/>\n<meta property=\"og:url\" content=\"https:\/\/rtt.ee\/en\/toode\/mobiilsed-arvutid-en\/kasiterminalid-en\/kasiterminal-zebra-wlmt0-t22b6cbc2-a6\/\" \/>\n<meta property=\"og:site_name\" content=\"RTT\" \/>\n<meta property=\"article:modified_time\" content=\"2025-07-26T08:32:25+00:00\" \/>\n<meta property=\"og:image\" content=\"https:\/\/rtt.ee\/wp-content\/uploads\/2024\/01\/TC22-2.jpg\" \/>\n\t<meta property=\"og:image:width\" content=\"1132\" \/>\n\t<meta property=\"og:image:height\" content=\"2120\" \/>\n\t<meta property=\"og:image:type\" content=\"image\/jpeg\" \/>\n<meta name=\"twitter:card\" content=\"summary_large_image\" \/>\n<meta name=\"twitter:label1\" content=\"Est. reading time\" \/>\n\t<meta name=\"twitter:data1\" content=\"1 minute\" \/>\n<script type=\"application\/ld+json\" class=\"yoast-schema-graph\">{\"@context\":\"https:\/\/schema.org\",\"@graph\":[{\"@type\":\"WebPage\",\"@id\":\"https:\/\/rtt.ee\/en\/toode\/mobiilsed-arvutid-en\/kasiterminalid-en\/kasiterminal-zebra-wlmt0-t22b6cbc2-a6\/\",\"url\":\"https:\/\/rtt.ee\/en\/toode\/mobiilsed-arvutid-en\/kasiterminalid-en\/kasiterminal-zebra-wlmt0-t22b6cbc2-a6\/\",\"name\":\"Mobile Computer Zebra TC22, Android, WiFi, Bluetooth, SE55 kauglugev sk\u00e4nner - RTT\",\"isPartOf\":{\"@id\":\"https:\/\/rtt.ee\/en\/#website\"},\"primaryImageOfPage\":{\"@id\":\"https:\/\/rtt.ee\/en\/toode\/mobiilsed-arvutid-en\/kasiterminalid-en\/kasiterminal-zebra-wlmt0-t22b6cbc2-a6\/#primaryimage\"},\"image\":{\"@id\":\"https:\/\/rtt.ee\/en\/toode\/mobiilsed-arvutid-en\/kasiterminalid-en\/kasiterminal-zebra-wlmt0-t22b6cbc2-a6\/#primaryimage\"},\"thumbnailUrl\":\"https:\/\/rtt.ee\/wp-content\/uploads\/2024\/01\/TC22-2.jpg\",\"datePublished\":\"2024-01-08T10:11:21+00:00\",\"dateModified\":\"2025-07-26T08:32:25+00:00\",\"description\":\"Populaarne k\u00e4siterminal laot\u00f6\u00f6ks.\",\"breadcrumb\":{\"@id\":\"https:\/\/rtt.ee\/en\/toode\/mobiilsed-arvutid-en\/kasiterminalid-en\/kasiterminal-zebra-wlmt0-t22b6cbc2-a6\/#breadcrumb\"},\"inLanguage\":\"en-US\",\"potentialAction\":[{\"@type\":\"ReadAction\",\"target\":[\"https:\/\/rtt.ee\/en\/toode\/mobiilsed-arvutid-en\/kasiterminalid-en\/kasiterminal-zebra-wlmt0-t22b6cbc2-a6\/\"]}]},{\"@type\":\"ImageObject\",\"inLanguage\":\"en-US\",\"@id\":\"https:\/\/rtt.ee\/en\/toode\/mobiilsed-arvutid-en\/kasiterminalid-en\/kasiterminal-zebra-wlmt0-t22b6cbc2-a6\/#primaryimage\",\"url\":\"https:\/\/rtt.ee\/wp-content\/uploads\/2024\/01\/TC22-2.jpg\",\"contentUrl\":\"https:\/\/rtt.ee\/wp-content\/uploads\/2024\/01\/TC22-2.jpg\",\"width\":1132,\"height\":2120,\"caption\":\"Zebra TC22\"},{\"@type\":\"BreadcrumbList\",\"@id\":\"https:\/\/rtt.ee\/en\/toode\/mobiilsed-arvutid-en\/kasiterminalid-en\/kasiterminal-zebra-wlmt0-t22b6cbc2-a6\/#breadcrumb\",\"itemListElement\":[{\"@type\":\"ListItem\",\"position\":1,\"name\":\"Home\",\"item\":\"https:\/\/rtt.ee\/en\/\"},{\"@type\":\"ListItem\",\"position\":2,\"name\":\"Shop\",\"item\":\"https:\/\/rtt.ee\/en\/shop\/\"},{\"@type\":\"ListItem\",\"position\":3,\"name\":\"Mobiilsed arvutid\",\"item\":\"https:\/\/rtt.ee\/tootekategooria\/mobiilsed-arvutid\/\"},{\"@type\":\"ListItem\",\"position\":4,\"name\":\"Mobile Computer Zebra TC22, Android, WiFi, Bluetooth, SE55 kauglugev sk\u00e4nner\"}]},{\"@type\":\"WebSite\",\"@id\":\"https:\/\/rtt.ee\/en\/#website\",\"url\":\"https:\/\/rtt.ee\/en\/\",\"name\":\"RTT\",\"description\":\"Kassaaparaadid ja kontorikaubad\",\"potentialAction\":[{\"@type\":\"SearchAction\",\"target\":{\"@type\":\"EntryPoint\",\"urlTemplate\":\"https:\/\/rtt.ee\/en\/?s={search_term_string}\"},\"query-input\":{\"@type\":\"PropertyValueSpecification\",\"valueRequired\":true,\"valueName\":\"search_term_string\"}}],\"inLanguage\":\"en-US\"}]}<\/script>\n<!-- \/ Yoast SEO plugin. -->","yoast_head_json":{"title":"Mobile Computer Zebra TC22, Android, WiFi, Bluetooth, SE55 kauglugev sk\u00e4nner - RTT","description":"Populaarne k\u00e4siterminal laot\u00f6\u00f6ks.","robots":{"index":"index","follow":"follow","max-snippet":"max-snippet:-1","max-image-preview":"max-image-preview:large","max-video-preview":"max-video-preview:-1"},"canonical":"https:\/\/rtt.ee\/en\/toode\/mobiilsed-arvutid-en\/kasiterminalid-en\/kasiterminal-zebra-wlmt0-t22b6cbc2-a6\/","og_locale":"en_US","og_type":"article","og_title":"Mobile Computer Zebra TC22, Android, WiFi, Bluetooth, SE55 kauglugev sk\u00e4nner - RTT","og_description":"Populaarne k\u00e4siterminal laot\u00f6\u00f6ks.","og_url":"https:\/\/rtt.ee\/en\/toode\/mobiilsed-arvutid-en\/kasiterminalid-en\/kasiterminal-zebra-wlmt0-t22b6cbc2-a6\/","og_site_name":"RTT","article_modified_time":"2025-07-26T08:32:25+00:00","og_image":[{"width":1132,"height":2120,"url":"https:\/\/rtt.ee\/wp-content\/uploads\/2024\/01\/TC22-2.jpg","type":"image\/jpeg"}],"twitter_card":"summary_large_image","twitter_misc":{"Est. reading time":"1 minute"},"schema":{"@context":"https:\/\/schema.org","@graph":[{"@type":"WebPage","@id":"https:\/\/rtt.ee\/en\/toode\/mobiilsed-arvutid-en\/kasiterminalid-en\/kasiterminal-zebra-wlmt0-t22b6cbc2-a6\/","url":"https:\/\/rtt.ee\/en\/toode\/mobiilsed-arvutid-en\/kasiterminalid-en\/kasiterminal-zebra-wlmt0-t22b6cbc2-a6\/","name":"Mobile Computer Zebra TC22, Android, WiFi, Bluetooth, SE55 kauglugev sk\u00e4nner - RTT","isPartOf":{"@id":"https:\/\/rtt.ee\/en\/#website"},"primaryImageOfPage":{"@id":"https:\/\/rtt.ee\/en\/toode\/mobiilsed-arvutid-en\/kasiterminalid-en\/kasiterminal-zebra-wlmt0-t22b6cbc2-a6\/#primaryimage"},"image":{"@id":"https:\/\/rtt.ee\/en\/toode\/mobiilsed-arvutid-en\/kasiterminalid-en\/kasiterminal-zebra-wlmt0-t22b6cbc2-a6\/#primaryimage"},"thumbnailUrl":"https:\/\/rtt.ee\/wp-content\/uploads\/2024\/01\/TC22-2.jpg","datePublished":"2024-01-08T10:11:21+00:00","dateModified":"2025-07-26T08:32:25+00:00","description":"Populaarne k\u00e4siterminal laot\u00f6\u00f6ks.","breadcrumb":{"@id":"https:\/\/rtt.ee\/en\/toode\/mobiilsed-arvutid-en\/kasiterminalid-en\/kasiterminal-zebra-wlmt0-t22b6cbc2-a6\/#breadcrumb"},"inLanguage":"en-US","potentialAction":[{"@type":"ReadAction","target":["https:\/\/rtt.ee\/en\/toode\/mobiilsed-arvutid-en\/kasiterminalid-en\/kasiterminal-zebra-wlmt0-t22b6cbc2-a6\/"]}]},{"@type":"ImageObject","inLanguage":"en-US","@id":"https:\/\/rtt.ee\/en\/toode\/mobiilsed-arvutid-en\/kasiterminalid-en\/kasiterminal-zebra-wlmt0-t22b6cbc2-a6\/#primaryimage","url":"https:\/\/rtt.ee\/wp-content\/uploads\/2024\/01\/TC22-2.jpg","contentUrl":"https:\/\/rtt.ee\/wp-content\/uploads\/2024\/01\/TC22-2.jpg","width":1132,"height":2120,"caption":"Zebra TC22"},{"@type":"BreadcrumbList","@id":"https:\/\/rtt.ee\/en\/toode\/mobiilsed-arvutid-en\/kasiterminalid-en\/kasiterminal-zebra-wlmt0-t22b6cbc2-a6\/#breadcrumb","itemListElement":[{"@type":"ListItem","position":1,"name":"Home","item":"https:\/\/rtt.ee\/en\/"},{"@type":"ListItem","position":2,"name":"Shop","item":"https:\/\/rtt.ee\/en\/shop\/"},{"@type":"ListItem","position":3,"name":"Mobiilsed arvutid","item":"https:\/\/rtt.ee\/tootekategooria\/mobiilsed-arvutid\/"},{"@type":"ListItem","position":4,"name":"Mobile Computer Zebra TC22, Android, WiFi, Bluetooth, SE55 kauglugev sk\u00e4nner"}]},{"@type":"WebSite","@id":"https:\/\/rtt.ee\/en\/#website","url":"https:\/\/rtt.ee\/en\/","name":"RTT","description":"Kassaaparaadid ja kontorikaubad","potentialAction":[{"@type":"SearchAction","target":{"@type":"EntryPoint","urlTemplate":"https:\/\/rtt.ee\/en\/?s={search_term_string}"},"query-input":{"@type":"PropertyValueSpecification","valueRequired":true,"valueName":"search_term_string"}}],"inLanguage":"en-US"}]}},"_links":{"self":[{"href":"https:\/\/rtt.ee\/en\/wp-json\/wp\/v2\/product\/12355","targetHints":{"allow":["GET"]}}],"collection":[{"href":"https:\/\/rtt.ee\/en\/wp-json\/wp\/v2\/product"}],"about":[{"href":"https:\/\/rtt.ee\/en\/wp-json\/wp\/v2\/types\/product"}],"wp:featuredmedia":[{"embeddable":true,"href":"https:\/\/rtt.ee\/en\/wp-json\/wp\/v2\/media\/10498"}],"wp:attachment":[{"href":"https:\/\/rtt.ee\/en\/wp-json\/wp\/v2\/media?parent=12355"}],"wp:term":[{"taxonomy":"product_brand","embeddable":true,"href":"https:\/\/rtt.ee\/en\/wp-json\/wp\/v2\/product_brand?post=12355"},{"taxonomy":"product_cat","embeddable":true,"href":"https:\/\/rtt.ee\/en\/wp-json\/wp\/v2\/product_cat?post=12355"},{"taxonomy":"product_tag","embeddable":true,"href":"https:\/\/rtt.ee\/en\/wp-json\/wp\/v2\/product_tag?post=12355"}],"curies":[{"name":"wp","href":"https:\/\/api.w.org\/{rel}","templated":true}]}}