{"id":1754,"date":"2018-11-16T00:26:13","date_gmt":"2018-11-15T22:26:13","guid":{"rendered":"https:\/\/rtt.ee\/hooldus\/"},"modified":"2026-04-06T13:37:08","modified_gmt":"2026-04-06T10:37:08","slug":"maintenance","status":"publish","type":"page","link":"https:\/\/rtt.ee\/en\/maintenance\/","title":{"rendered":"Maintenance"},"content":{"rendered":"<p>We offer maintenance and repair services for all copiers (laser) and laser printers.<\/p>\n","protected":false},"excerpt":{"rendered":"<p><b>Hoolduse saad mugavalt tellida otse veebist<\/b><\/p>\n<p> Hoolduse tellimiseks vali oma seadmele vastav br\u00e4nd:<\/p>\n","protected":false},"author":1,"featured_media":0,"parent":0,"menu_order":0,"comment_status":"closed","ping_status":"closed","template":"template-service.php","meta":{"_acf_changed":false,"footnotes":""},"class_list":["post-1754","page","type-page","status-publish","hentry"],"acf":[],"yoast_head":"<!-- This site is optimized with the Yoast SEO plugin v26.2 - https:\/\/yoast.com\/wordpress\/plugins\/seo\/ -->\n<title>Koopiamasinate, printerite ja b\u00fcrootehnika hooldus ja remont | RTT<\/title>\n<meta name=\"description\" content=\"Hooldame ja remondime k\u00f5iki koopiamasinaid ja laserprintereid. Vajaminevad t\u00f6\u00f6d telli otse veebist. Teostame t\u00f6id \u00fcle Eesti (k.a. saared). K\u00fcsi pakkumist!\" \/>\n<meta name=\"robots\" content=\"index, follow, max-snippet:-1, max-image-preview:large, max-video-preview:-1\" \/>\n<link rel=\"canonical\" href=\"https:\/\/rtt.ee\/en\/maintenance\/\" \/>\n<meta property=\"og:locale\" content=\"en_US\" \/>\n<meta property=\"og:type\" content=\"article\" \/>\n<meta property=\"og:title\" content=\"Koopiamasinate, printerite ja b\u00fcrootehnika hooldus ja remont | RTT\" \/>\n<meta property=\"og:description\" content=\"Hooldame ja remondime k\u00f5iki koopiamasinaid ja laserprintereid. Vajaminevad t\u00f6\u00f6d telli otse veebist. Teostame t\u00f6id \u00fcle Eesti (k.a. saared). K\u00fcsi pakkumist!\" \/>\n<meta property=\"og:url\" content=\"https:\/\/rtt.ee\/en\/maintenance\/\" \/>\n<meta property=\"og:site_name\" content=\"RTT\" \/>\n<meta property=\"article:modified_time\" content=\"2026-04-06T10:37:08+00:00\" \/>\n<meta property=\"og:image\" content=\"https:\/\/rtt.ee\/wp-content\/uploads\/2022\/01\/rtt_logo_350X350.jpg\" \/>\n\t<meta property=\"og:image:width\" content=\"350\" \/>\n\t<meta property=\"og:image:height\" content=\"350\" \/>\n\t<meta property=\"og:image:type\" content=\"image\/jpeg\" \/>\n<meta name=\"twitter:card\" content=\"summary_large_image\" \/>\n<meta name=\"twitter:label1\" content=\"Est. reading time\" \/>\n\t<meta name=\"twitter:data1\" content=\"1 minute\" \/>\n<script type=\"application\/ld+json\" class=\"yoast-schema-graph\">{\"@context\":\"https:\/\/schema.org\",\"@graph\":[{\"@type\":\"WebPage\",\"@id\":\"https:\/\/rtt.ee\/en\/maintenance\/\",\"url\":\"https:\/\/rtt.ee\/en\/maintenance\/\",\"name\":\"Koopiamasinate, printerite ja b\u00fcrootehnika hooldus ja remont | RTT\",\"isPartOf\":{\"@id\":\"https:\/\/rtt.ee\/en\/#website\"},\"datePublished\":\"2018-11-15T22:26:13+00:00\",\"dateModified\":\"2026-04-06T10:37:08+00:00\",\"description\":\"Hooldame ja remondime k\u00f5iki koopiamasinaid ja laserprintereid. Vajaminevad t\u00f6\u00f6d telli otse veebist. Teostame t\u00f6id \u00fcle Eesti (k.a. saared). K\u00fcsi pakkumist!\",\"breadcrumb\":{\"@id\":\"https:\/\/rtt.ee\/en\/maintenance\/#breadcrumb\"},\"inLanguage\":\"en-US\",\"potentialAction\":[{\"@type\":\"ReadAction\",\"target\":[\"https:\/\/rtt.ee\/en\/maintenance\/\"]}]},{\"@type\":\"BreadcrumbList\",\"@id\":\"https:\/\/rtt.ee\/en\/maintenance\/#breadcrumb\",\"itemListElement\":[{\"@type\":\"ListItem\",\"position\":1,\"name\":\"Home\",\"item\":\"https:\/\/rtt.ee\/en\/\"},{\"@type\":\"ListItem\",\"position\":2,\"name\":\"Maintenance\"}]},{\"@type\":\"WebSite\",\"@id\":\"https:\/\/rtt.ee\/en\/#website\",\"url\":\"https:\/\/rtt.ee\/en\/\",\"name\":\"RTT\",\"description\":\"Kassaaparaadid ja kontorikaubad\",\"potentialAction\":[{\"@type\":\"SearchAction\",\"target\":{\"@type\":\"EntryPoint\",\"urlTemplate\":\"https:\/\/rtt.ee\/en\/?s={search_term_string}\"},\"query-input\":{\"@type\":\"PropertyValueSpecification\",\"valueRequired\":true,\"valueName\":\"search_term_string\"}}],\"inLanguage\":\"en-US\"}]}<\/script>\n<!-- \/ Yoast SEO plugin. -->","yoast_head_json":{"title":"Koopiamasinate, printerite ja b\u00fcrootehnika hooldus ja remont | RTT","description":"Hooldame ja remondime k\u00f5iki koopiamasinaid ja laserprintereid. Vajaminevad t\u00f6\u00f6d telli otse veebist. Teostame t\u00f6id \u00fcle Eesti (k.a. saared). K\u00fcsi pakkumist!","robots":{"index":"index","follow":"follow","max-snippet":"max-snippet:-1","max-image-preview":"max-image-preview:large","max-video-preview":"max-video-preview:-1"},"canonical":"https:\/\/rtt.ee\/en\/maintenance\/","og_locale":"en_US","og_type":"article","og_title":"Koopiamasinate, printerite ja b\u00fcrootehnika hooldus ja remont | RTT","og_description":"Hooldame ja remondime k\u00f5iki koopiamasinaid ja laserprintereid. Vajaminevad t\u00f6\u00f6d telli otse veebist. Teostame t\u00f6id \u00fcle Eesti (k.a. saared). K\u00fcsi pakkumist!","og_url":"https:\/\/rtt.ee\/en\/maintenance\/","og_site_name":"RTT","article_modified_time":"2026-04-06T10:37:08+00:00","og_image":[{"width":350,"height":350,"url":"https:\/\/rtt.ee\/wp-content\/uploads\/2022\/01\/rtt_logo_350X350.jpg","type":"image\/jpeg"}],"twitter_card":"summary_large_image","twitter_misc":{"Est. reading time":"1 minute"},"schema":{"@context":"https:\/\/schema.org","@graph":[{"@type":"WebPage","@id":"https:\/\/rtt.ee\/en\/maintenance\/","url":"https:\/\/rtt.ee\/en\/maintenance\/","name":"Koopiamasinate, printerite ja b\u00fcrootehnika hooldus ja remont | RTT","isPartOf":{"@id":"https:\/\/rtt.ee\/en\/#website"},"datePublished":"2018-11-15T22:26:13+00:00","dateModified":"2026-04-06T10:37:08+00:00","description":"Hooldame ja remondime k\u00f5iki koopiamasinaid ja laserprintereid. Vajaminevad t\u00f6\u00f6d telli otse veebist. Teostame t\u00f6id \u00fcle Eesti (k.a. saared). K\u00fcsi pakkumist!","breadcrumb":{"@id":"https:\/\/rtt.ee\/en\/maintenance\/#breadcrumb"},"inLanguage":"en-US","potentialAction":[{"@type":"ReadAction","target":["https:\/\/rtt.ee\/en\/maintenance\/"]}]},{"@type":"BreadcrumbList","@id":"https:\/\/rtt.ee\/en\/maintenance\/#breadcrumb","itemListElement":[{"@type":"ListItem","position":1,"name":"Home","item":"https:\/\/rtt.ee\/en\/"},{"@type":"ListItem","position":2,"name":"Maintenance"}]},{"@type":"WebSite","@id":"https:\/\/rtt.ee\/en\/#website","url":"https:\/\/rtt.ee\/en\/","name":"RTT","description":"Kassaaparaadid ja kontorikaubad","potentialAction":[{"@type":"SearchAction","target":{"@type":"EntryPoint","urlTemplate":"https:\/\/rtt.ee\/en\/?s={search_term_string}"},"query-input":{"@type":"PropertyValueSpecification","valueRequired":true,"valueName":"search_term_string"}}],"inLanguage":"en-US"}]}},"_links":{"self":[{"href":"https:\/\/rtt.ee\/en\/wp-json\/wp\/v2\/pages\/1754","targetHints":{"allow":["GET"]}}],"collection":[{"href":"https:\/\/rtt.ee\/en\/wp-json\/wp\/v2\/pages"}],"about":[{"href":"https:\/\/rtt.ee\/en\/wp-json\/wp\/v2\/types\/page"}],"author":[{"embeddable":true,"href":"https:\/\/rtt.ee\/en\/wp-json\/wp\/v2\/users\/1"}],"replies":[{"embeddable":true,"href":"https:\/\/rtt.ee\/en\/wp-json\/wp\/v2\/comments?post=1754"}],"version-history":[{"count":6,"href":"https:\/\/rtt.ee\/en\/wp-json\/wp\/v2\/pages\/1754\/revisions"}],"predecessor-version":[{"id":17995,"href":"https:\/\/rtt.ee\/en\/wp-json\/wp\/v2\/pages\/1754\/revisions\/17995"}],"wp:attachment":[{"href":"https:\/\/rtt.ee\/en\/wp-json\/wp\/v2\/media?parent=1754"}],"curies":[{"name":"wp","href":"https:\/\/api.w.org\/{rel}","templated":true}]}}